{"id":29074,"date":"2025-12-25T17:05:02","date_gmt":"2025-12-25T17:05:02","guid":{"rendered":"https:\/\/www.infinitri.be\/?post_type=product&#038;p=29074"},"modified":"2026-04-04T17:32:48","modified_gmt":"2026-04-04T16:32:48","slug":"compressport-running-visor","status":"publish","type":"product","link":"https:\/\/www.infinitri.be\/it\/prodotto\/compressport-running-visor\/","title":{"rendered":"Compressport \u2013 Visiera da corsa"},"content":{"rendered":"<p><!--themify_builder_static--><\/p>\n<h1 style=\"text-align: center\">Descrizione \u2699<\/h1>\n<p style=\"text-align: left\">La taglia pu\u00f2 essere regolata grazie alla pratica chiusura in velcro sul retro. Come tutti i nostri copricapi, la visiera \u00e8 pensata principalmente per gli sportivi: \u00e8 dotata di una spugna antibatterica ad asciugatura rapida all'interno della visiera che assorbe il sudore, garantendo un comfort ottimale e senza pressione durante l'attivit\u00e0 fisica. Indossate questa visiera un po' retr\u00f2 ma estremamente versatile per proteggere gli occhi dal sudore e dai capelli ribelli durante tutte le vostre attivit\u00e0 sportive.<\/p>\n<p><img fetchpriority=\"high\" decoding=\"async\" src=\"https:\/\/infinitri.be\/wp-content\/uploads\/2023\/02\/running-visor-white-compressport-3-545x545.jpg\" width=\"545\" height=\"545\" title=\"visore da corsa bianco-compressport (3)\" alt=\"running-visor-white-compressport (3)\" \/><\/p>\n<h1>Specifiche tecniche<\/h1>\n<p style=\"text-align: left\">Protezione solare ottimale per gli occhi e il viso grazie all'ampia visiera curva<br \/>Tessuto antibatterico ad asciugatura rapida per un assorbimento ottimale del sudore e un comfort ottimale<br \/>Vestibilit\u00e0 comoda ed ergonomica grazie all'ampia fascia regolabile che non si stacca durante l'attivit\u00e0.<\/p>\n<p>\u00a0<\/p>\n<p>    <em style=\"color:#000000\"><\/em> <\/p>\n<p style=\"text-align: left\">LUMINOSIT\u00c0 \u2605\u2605<\/p>\n<p>    <em style=\"color:#000000\"><\/em> <\/p>\n<p>TERMOREGOLAZIONE \u2605\u2605<\/p>\n<h1 style=\"text-align: center\">Materiale \ud83d\udc56<\/h1>\n<p style=\"text-align: left\">100% Poliestere<\/p>\n<p><img decoding=\"async\" src=\"https:\/\/www.compressport.com\/inter\/img\/prods_entretien.png\" \/><\/p>\n<p><img decoding=\"async\" src=\"https:\/\/infinitri.be\/wp-content\/uploads\/2023\/02\/running-visor-red-black-compressport-2-545x545.jpg\" width=\"545\" height=\"545\" title=\"visore da corsa-rosso-nero-compressport (2)\" alt=\"running-visor-red-black-compressport (2)\" \/><!--\/themify_builder_static--><\/p>","protected":false},"excerpt":{"rendered":"<p>C'\u00e8 tanta storia di Compressport in questa visiera classica! Sar\u00e0 anche originale, ma questo non significa che sia superata, e potete scommettere che la vedrete agli eventi multisportivi, sui campi da gioco o semplicemente in montagna quando c'\u00e8 il sole. E per stare al passo con i tempi, c'\u00e8 un nuovo design e una gamma di colori alla moda per mantenere la testa fresca nelle calde giornate estive. Il successo a lungo termine della visiera risiede nella sua semplicit\u00e0 e nel suo comfort: la visiera curva offre una protezione ottimale dal sole, mentre l'ampia fascia antifrizione si adatta perfettamente alla testa e impedisce alla visiera di muoversi.<\/p>","protected":false},"featured_media":29113,"comment_status":"open","ping_status":"closed","template":"","meta":[],"product_brand":[329],"product_cat":[40,156,16,59],"product_tag":[],"class_list":{"0":"post-29074","1":"product","2":"type-product","3":"status-publish","4":"has-post-thumbnail","6":"product_brand-compressport","7":"product_cat-accessoires","8":"product_cat-casquettes-visieres-headband","9":"product_cat-course","10":"product_cat-triathlon","11":"zank_product_brands-compressport","12":"nt-post-class","13":"","19":"first","20":"instock","21":"taxable","22":"shipping-taxable","23":"purchasable","24":"product-type-variable","25":"has-default-attributes"},"_links":{"self":[{"href":"https:\/\/www.infinitri.be\/it\/wp-json\/wp\/v2\/product\/29074","targetHints":{"allow":["GET"]}}],"collection":[{"href":"https:\/\/www.infinitri.be\/it\/wp-json\/wp\/v2\/product"}],"about":[{"href":"https:\/\/www.infinitri.be\/it\/wp-json\/wp\/v2\/types\/product"}],"replies":[{"embeddable":true,"href":"https:\/\/www.infinitri.be\/it\/wp-json\/wp\/v2\/comments?post=29074"}],"wp:featuredmedia":[{"embeddable":true,"href":"https:\/\/www.infinitri.be\/it\/wp-json\/wp\/v2\/media\/29113"}],"wp:attachment":[{"href":"https:\/\/www.infinitri.be\/it\/wp-json\/wp\/v2\/media?parent=29074"}],"wp:term":[{"taxonomy":"product_brand","embeddable":true,"href":"https:\/\/www.infinitri.be\/it\/wp-json\/wp\/v2\/product_brand?post=29074"},{"taxonomy":"product_cat","embeddable":true,"href":"https:\/\/www.infinitri.be\/it\/wp-json\/wp\/v2\/product_cat?post=29074"},{"taxonomy":"product_tag","embeddable":true,"href":"https:\/\/www.infinitri.be\/it\/wp-json\/wp\/v2\/product_tag?post=29074"}],"curies":[{"name":"wp","href":"https:\/\/api.w.org\/{rel}","templated":true}]}}