{"id":29246,"date":"2025-12-25T17:12:22","date_gmt":"2025-12-25T17:12:22","guid":{"rendered":"https:\/\/www.infinitri.be\/?post_type=product&#038;p=29246"},"modified":"2026-04-04T17:32:40","modified_gmt":"2026-04-04T16:32:40","slug":"compressport-r2-oxygene-2022","status":"publish","type":"product","link":"https:\/\/www.infinitri.be\/it\/prodotto\/compressport-r2-oxygene-2022\/","title":{"rendered":"Compressport - R2 Oxyg\u00e8ne 2022"},"content":{"rendered":"<p>Le Compressport R2 Oxygen est un tube de compression pour les mollets. Le tube assure une compression cibl\u00e9e sur les mollets et permet d&#8217;apporter plus d&#8217;oxyg\u00e8ne aux muscles. En le portant pendant ou apr\u00e8s l&#8217;exercice, ce tube r\u00e9duit la douleur. Les dommages musculaires sont r\u00e9duits de 29%. Il ralentit \u00e9galement la mont\u00e9e de la fatigue et acc\u00e9l\u00e8re la r\u00e9cup\u00e9ration. Vous pouvez ainsi tout miser sur vos performances lors de vos courses les plus longues.<\/p>\n<p>Caratteristiche:<\/p>\n<p>L&#8217;oxyg\u00e8ne R2 augmente la r\u00e9sistance \u00e0 l&#8217;effort<br \/>\nLes muscles sont plus performants sur de longues distances et r\u00e9cup\u00e8rent plus rapidement apr\u00e8s l&#8217;effort<br \/>\nLes bandes de ventilation sont int\u00e9gr\u00e9es directement dans les fibres ultra extensibles<br \/>\nR\u00e9duit les dommages musculaires de 29%<\/p>","protected":false},"excerpt":{"rendered":"<p>Le Compressport R2 Oxygen est un tube de compression pour les mollets. Le tube assure une compression cibl\u00e9e sur les mollets et permet d&#8217;apporter plus d&#8217;oxyg\u00e8ne aux muscles. En le portant pendant ou apr\u00e8s l&#8217;exercice, ce tube r\u00e9duit la douleur. Les dommages musculaires sont r\u00e9duits de 29%. Il ralentit \u00e9galement la mont\u00e9e de la fatigue&#8230;<\/p>","protected":false},"featured_media":29288,"comment_status":"open","ping_status":"closed","template":"","meta":[],"product_brand":[329],"product_cat":[40,155,16,59],"product_tag":[191],"class_list":{"0":"post-29246","1":"product","2":"type-product","3":"status-publish","4":"has-post-thumbnail","6":"product_brand-compressport","7":"product_cat-accessoires","8":"product_cat-compression","9":"product_cat-course","10":"product_cat-triathlon","11":"product_tag-manchons-de-compression","12":"zank_product_brands-compressport","13":"nt-post-class","14":"","17":"excerpt-none","20":"first","21":"instock","22":"sale","23":"taxable","24":"shipping-taxable","25":"purchasable","26":"product-type-variable"},"_links":{"self":[{"href":"https:\/\/www.infinitri.be\/it\/wp-json\/wp\/v2\/product\/29246","targetHints":{"allow":["GET"]}}],"collection":[{"href":"https:\/\/www.infinitri.be\/it\/wp-json\/wp\/v2\/product"}],"about":[{"href":"https:\/\/www.infinitri.be\/it\/wp-json\/wp\/v2\/types\/product"}],"replies":[{"embeddable":true,"href":"https:\/\/www.infinitri.be\/it\/wp-json\/wp\/v2\/comments?post=29246"}],"wp:featuredmedia":[{"embeddable":true,"href":"https:\/\/www.infinitri.be\/it\/wp-json\/wp\/v2\/media\/29288"}],"wp:attachment":[{"href":"https:\/\/www.infinitri.be\/it\/wp-json\/wp\/v2\/media?parent=29246"}],"wp:term":[{"taxonomy":"product_brand","embeddable":true,"href":"https:\/\/www.infinitri.be\/it\/wp-json\/wp\/v2\/product_brand?post=29246"},{"taxonomy":"product_cat","embeddable":true,"href":"https:\/\/www.infinitri.be\/it\/wp-json\/wp\/v2\/product_cat?post=29246"},{"taxonomy":"product_tag","embeddable":true,"href":"https:\/\/www.infinitri.be\/it\/wp-json\/wp\/v2\/product_tag?post=29246"}],"curies":[{"name":"wp","href":"https:\/\/api.w.org\/{rel}","templated":true}]}}