{"id":29362,"date":"2025-12-25T17:14:50","date_gmt":"2025-12-25T17:14:50","guid":{"rendered":"https:\/\/www.infinitri.be\/?post_type=product&#038;p=29362"},"modified":"2026-04-04T17:35:15","modified_gmt":"2026-04-04T16:35:15","slug":"location-swimskin-huub","status":"publish","type":"product","link":"https:\/\/www.infinitri.be\/it\/prodotto\/location-swimskin-huub\/","title":{"rendered":"Noleggio di pelli di nuotatore Huub"},"content":{"rendered":"<p><!--themify_builder_static--><\/p>\n<p style=\"text-align: center;\">Tailles Femme<\/p>\n<p><img decoding=\"async\" src=\"https:\/\/infinitri.be\/wp-content\/uploads\/2023\/03\/swimskin-femme-taille.png\" title=\"swimskin femme taille\" alt=\"swimskin femme taille\" srcset=\"https:\/\/infinitri.be\/wp-content\/uploads\/2023\/03\/swimskin-femme-taille.png 732w, https:\/\/infinitri.be\/wp-content\/uploads\/2023\/03\/swimskin-femme-taille-300x129.png 300w, https:\/\/infinitri.be\/wp-content\/uploads\/2023\/03\/swimskin-femme-taille-2x1.png 2w\" sizes=\"(max-width: 732px) 100vw, 732px\" \/><\/p>\n<p style=\"text-align: center;\">Tailles Homme<\/p>\n<p><img decoding=\"async\" src=\"https:\/\/infinitri.be\/wp-content\/uploads\/2023\/03\/swimskin-homme-taille.png\" title=\"swimskin homme taille\" alt=\"swimskin homme taille\" srcset=\"https:\/\/infinitri.be\/wp-content\/uploads\/2023\/03\/swimskin-homme-taille.png 726w, https:\/\/infinitri.be\/wp-content\/uploads\/2023\/03\/swimskin-homme-taille-300x149.png 300w, https:\/\/infinitri.be\/wp-content\/uploads\/2023\/03\/swimskin-homme-taille-2x1.png 2w\" sizes=\"(max-width: 726px) 100vw, 726px\" \/><br \/>\n<noscript><iframe data-no-script src=\"https:\/\/www.youtube.com\/embed\/Eju7YtrVBso?pip=1&#038;playsinline=1&#038;autohide=1&#038;border=0&#038;wmode=opaque&#038;autoplay=1\" allow=\"accelerometer;encrypted-media;gyroscope;picture-in-picture;autoplay\"><\/iframe><\/noscript><!--\/themify_builder_static--><\/p>\n<p>Technologie exclusive Constrictor System en instance de brevet<br \/>\nTissu de natation de comp\u00e9tition tricot\u00e9 en cha\u00eene<br \/>\nSyst\u00e8me hydrom\u00e9canique et biom\u00e9canique d\u00e9velopp\u00e9 par le M.A.D. System<br \/>\nAm\u00e9lioration de la vitesse et de l&#8217;efficacit\u00e9 de la nage<br \/>\nFermeture \u00e9clair verrouill\u00e9e<br \/>\nTest\u00e9 et prouv\u00e9 comme \u00e9tant le maillot de bain le plus rapide au monde<br \/>\nLe maillot de bain Albacore est la combinaison d&#8217;une expertise industrielle in\u00e9gal\u00e9e, d&#8217;une connaissance hydrodynamique in\u00e9gal\u00e9e et d&#8217;une capacit\u00e9 \u00e0 tester les produits bien au-del\u00e0 de toute autre entreprise de triathlon ou de maillots de bain. Chez HUUB, nous vous rendons tout simplement plus rapide, gr\u00e2ce \u00e0 des conceptions traditionnelles et parfois tr\u00e8s peu traditionnelles.<\/p>\n<p style=\"text-align: right;\">En utilisant notre syst\u00e8me Constrictor en instance de brevet, nous pouvons r\u00e9duire les pertes d&#8217;\u00e9nergie et am\u00e9liorer l&#8217;efficacit\u00e9 de la nage jusqu&#8217;\u00e0 4,5 secondes par 100m (test\u00e9 par Paul Newsome de Swimsmooth et aussi sur notre syst\u00e8me M.A.D. avec le Professeur Huub Toussaint).<\/p>\n<p>Le tissu hydrophobe \u00e0 haute compression en tricot Warp assure la compression de la masse corporelle dans l&#8217;eau et le r\u00e9ajustement du centre de gravit\u00e9. Le syst\u00e8me constricteur r\u00e9duit les serpentins et am\u00e9liore la traction de la nage gr\u00e2ce \u00e0 une r\u00e9flexion et \u00e0 une application in\u00e9dites. La combinaison est un maillot de bain rapide et efficace qui va tenir ses promesses.<\/p>\n<p style=\"text-align: right;\">Vous pouvez avoir un maillot de bain, ou vous pouvez nager plus vite dans un maillot de bain HUUB qui a fait l&#8217;objet d&#8217;une recherche et d&#8217;un d\u00e9veloppement scientifique&#8230;<\/p>\n<p style=\"text-align: right;\">ALBACORE &#8211; LA QU\u00caTE INCESSANTE DE LA VITESSE<\/p>","protected":false},"excerpt":{"rendered":"<p><strong>Solo ritiro e riconsegna allo show room\/stand<\/strong><\/p>","protected":false},"featured_media":29388,"comment_status":"open","ping_status":"closed","template":"","meta":[],"product_brand":[286],"product_cat":[130,59],"product_tag":[],"class_list":{"0":"post-29362","1":"product","2":"type-product","3":"status-publish","4":"has-post-thumbnail","6":"product_brand-huub","7":"product_cat-combinaison-neoprene","8":"product_cat-triathlon","9":"zank_product_brands-huub","10":"nt-post-class","11":"","17":"first","18":"instock","19":"taxable","20":"shipping-taxable","21":"purchasable","22":"product-type-variable"},"_links":{"self":[{"href":"https:\/\/www.infinitri.be\/it\/wp-json\/wp\/v2\/product\/29362","targetHints":{"allow":["GET"]}}],"collection":[{"href":"https:\/\/www.infinitri.be\/it\/wp-json\/wp\/v2\/product"}],"about":[{"href":"https:\/\/www.infinitri.be\/it\/wp-json\/wp\/v2\/types\/product"}],"replies":[{"embeddable":true,"href":"https:\/\/www.infinitri.be\/it\/wp-json\/wp\/v2\/comments?post=29362"}],"wp:featuredmedia":[{"embeddable":true,"href":"https:\/\/www.infinitri.be\/it\/wp-json\/wp\/v2\/media\/29388"}],"wp:attachment":[{"href":"https:\/\/www.infinitri.be\/it\/wp-json\/wp\/v2\/media?parent=29362"}],"wp:term":[{"taxonomy":"product_brand","embeddable":true,"href":"https:\/\/www.infinitri.be\/it\/wp-json\/wp\/v2\/product_brand?post=29362"},{"taxonomy":"product_cat","embeddable":true,"href":"https:\/\/www.infinitri.be\/it\/wp-json\/wp\/v2\/product_cat?post=29362"},{"taxonomy":"product_tag","embeddable":true,"href":"https:\/\/www.infinitri.be\/it\/wp-json\/wp\/v2\/product_tag?post=29362"}],"curies":[{"name":"wp","href":"https:\/\/api.w.org\/{rel}","templated":true}]}}