{"id":30328,"date":"2025-12-26T14:23:23","date_gmt":"2025-12-26T14:23:23","guid":{"rendered":"https:\/\/www.infinitri.be\/?post_type=product&#038;p=30328"},"modified":"2026-04-04T18:49:07","modified_gmt":"2026-04-04T17:49:07","slug":"compressport-ergo-flask-300ml-rouge","status":"publish","type":"product","link":"https:\/\/www.infinitri.be\/it\/prodotto\/compressport-ergo-flask-300ml-rouge\/","title":{"rendered":"Pallone compressore-Ergo 300ml rosso"},"content":{"rendered":"<ul>\n<li class=\"key_benefit_1\">Forme effil\u00e9e qui se glisse facilement dans une poche ou un sac, combin\u00e9e \u00e0 un bouchon \u00e9tanche et \u00e0 une valve \u00e0 d\u00e9bit rapide pour une hydratation facile en courant.<\/li>\n<li class=\"key_benefit_2\">Volume r\u00e9ductible: la gourde se compacte en buvant pour \u00e9viter le ballottement et l`exc\u00e8s de volume une fois vide<\/li>\n<li class=\"key_benefit_3\">Fabriqu\u00e9e 1 % \u00e0 partir de plastique sans BPA ni PVC, la gourde est s\u00fbre et durable. Vous pouvez ainsi l\u2019utiliser, la laver et repartir de plus belle<\/li>\n<\/ul>\n<p><img fetchpriority=\"high\" decoding=\"async\" class=\"alignnone wp-image-26482\" src=\"https:\/\/infinitri.be\/wp-content\/uploads\/2025\/03\/17af9b4362e5d932ec8844436fb94336431bd728-300x143.webp\" alt=\"\" width=\"496\" height=\"236\" \/><\/p>\n<p>&nbsp;<\/p>","protected":false},"excerpt":{"rendered":"<p>Petite gourde souple de 300 ml avec base effil\u00e9e pour une hydratation ais\u00e9e lors de vos \u00e9preuves sportives<\/p>","protected":false},"featured_media":30384,"comment_status":"open","ping_status":"closed","template":"","meta":[],"product_brand":[329],"product_cat":[40,139,16,42,59],"product_tag":[],"class_list":{"0":"post-30328","1":"product","2":"type-product","3":"status-publish","4":"has-post-thumbnail","6":"product_brand-compressport","7":"product_cat-accessoires","8":"product_cat-accessoires-running","9":"product_cat-course","10":"product_cat-gourdes","11":"product_cat-triathlon","12":"zank_product_brands-compressport","13":"nt-post-class","14":"","20":"first","21":"instock","22":"taxable","23":"shipping-taxable","24":"purchasable","25":"product-type-simple"},"_links":{"self":[{"href":"https:\/\/www.infinitri.be\/it\/wp-json\/wp\/v2\/product\/30328","targetHints":{"allow":["GET"]}}],"collection":[{"href":"https:\/\/www.infinitri.be\/it\/wp-json\/wp\/v2\/product"}],"about":[{"href":"https:\/\/www.infinitri.be\/it\/wp-json\/wp\/v2\/types\/product"}],"replies":[{"embeddable":true,"href":"https:\/\/www.infinitri.be\/it\/wp-json\/wp\/v2\/comments?post=30328"}],"wp:featuredmedia":[{"embeddable":true,"href":"https:\/\/www.infinitri.be\/it\/wp-json\/wp\/v2\/media\/30384"}],"wp:attachment":[{"href":"https:\/\/www.infinitri.be\/it\/wp-json\/wp\/v2\/media?parent=30328"}],"wp:term":[{"taxonomy":"product_brand","embeddable":true,"href":"https:\/\/www.infinitri.be\/it\/wp-json\/wp\/v2\/product_brand?post=30328"},{"taxonomy":"product_cat","embeddable":true,"href":"https:\/\/www.infinitri.be\/it\/wp-json\/wp\/v2\/product_cat?post=30328"},{"taxonomy":"product_tag","embeddable":true,"href":"https:\/\/www.infinitri.be\/it\/wp-json\/wp\/v2\/product_tag?post=30328"}],"curies":[{"name":"wp","href":"https:\/\/api.w.org\/{rel}","templated":true}]}}