{"id":30467,"date":"2025-12-26T15:26:57","date_gmt":"2025-12-26T14:26:57","guid":{"rendered":"https:\/\/www.infinitri.be\/?post_type=product&#038;p=30467"},"modified":"2026-04-12T10:48:29","modified_gmt":"2026-04-12T09:48:29","slug":"arena-gourde-team-slim-100cl-transparent-noir-or","status":"publish","type":"product","link":"https:\/\/www.infinitri.be\/it\/prodotto\/arena-gourde-team-slim-100cl-transparent-noir-or\/","title":{"rendered":"Arena - Bottiglia Team slim 100cl Trasparente \/ Nero \/ Oro"},"content":{"rendered":"","protected":false},"excerpt":{"rendered":"<p>La gourde d&#8217;eau Arena Team Slim est con\u00e7ue pour soutenir votre routine d&#8217;entra\u00eenement avec une capacit\u00e9 de 1000 millilitres, id\u00e9ale pour les sessions longues. Le design polyvalent est facile \u00e0 ouvrir, m\u00eame pendant des entra\u00eenements intenses. De plus, cette gourde est s\u00fbre pour les aliments, 100% recyclable et va au lave-vaisselle, en faisant un choix durable pour les sportifs soucieux de l&#8217;environnement.<\/p>","protected":false},"featured_media":30501,"comment_status":"open","ping_status":"closed","template":"","meta":[],"product_brand":[326],"product_cat":[40,42,41],"product_tag":[],"class_list":{"0":"post-30467","1":"product","2":"type-product","3":"status-publish","4":"has-post-thumbnail","6":"product_brand-arena","7":"product_cat-accessoires","8":"product_cat-gourdes","9":"product_cat-natation","10":"zank_product_brands-arena","11":"nt-post-class","12":"","18":"first","19":"instock","20":"taxable","21":"shipping-taxable","22":"purchasable","23":"product-type-simple"},"_links":{"self":[{"href":"https:\/\/www.infinitri.be\/it\/wp-json\/wp\/v2\/product\/30467","targetHints":{"allow":["GET"]}}],"collection":[{"href":"https:\/\/www.infinitri.be\/it\/wp-json\/wp\/v2\/product"}],"about":[{"href":"https:\/\/www.infinitri.be\/it\/wp-json\/wp\/v2\/types\/product"}],"replies":[{"embeddable":true,"href":"https:\/\/www.infinitri.be\/it\/wp-json\/wp\/v2\/comments?post=30467"}],"wp:featuredmedia":[{"embeddable":true,"href":"https:\/\/www.infinitri.be\/it\/wp-json\/wp\/v2\/media\/30501"}],"wp:attachment":[{"href":"https:\/\/www.infinitri.be\/it\/wp-json\/wp\/v2\/media?parent=30467"}],"wp:term":[{"taxonomy":"product_brand","embeddable":true,"href":"https:\/\/www.infinitri.be\/it\/wp-json\/wp\/v2\/product_brand?post=30467"},{"taxonomy":"product_cat","embeddable":true,"href":"https:\/\/www.infinitri.be\/it\/wp-json\/wp\/v2\/product_cat?post=30467"},{"taxonomy":"product_tag","embeddable":true,"href":"https:\/\/www.infinitri.be\/it\/wp-json\/wp\/v2\/product_tag?post=30467"}],"curies":[{"name":"wp","href":"https:\/\/api.w.org\/{rel}","templated":true}]}}