{"id":30469,"date":"2025-12-26T14:26:57","date_gmt":"2025-12-26T14:26:57","guid":{"rendered":"https:\/\/www.infinitri.be\/?post_type=product&#038;p=30469"},"modified":"2026-04-04T18:44:23","modified_gmt":"2026-04-04T17:44:23","slug":"arena-sac-mesh-one-go-black","status":"publish","type":"product","link":"https:\/\/www.infinitri.be\/it\/prodotto\/arena-sac-mesh-one-go-black\/","title":{"rendered":"Arena - Borsa a rete nera One Go"},"content":{"rendered":"<p>Sac mesh de 40L<\/p>","protected":false},"excerpt":{"rendered":"<p>Le sac de piscine en mesh arena One Go est id\u00e9al pour transporter vos affaires d\u2019entra\u00eenement ou vos autres effets personnels. L\u2019astucieuse r\u00e9alisation en mesh permet l\u2019\u00e9vacuation de l\u2019eau. Ce sac peut se porter sur l\u2019\u00e9paule ou comme un sac \u00e0 dos. Dote d\u2019une boucle pratique permettant de le suspendre dans les vestiaires ou de l\u2019accrocher \u00e0 un autre sac, ce mod\u00e8le est confectionne en mesh de polyester r\u00e9sistant \u00e0 s\u00e9chage rapide.<br \/>\nDimensions: 65x55x1cm<br \/>\nCapacit\u00e9 : 40L<\/p>","protected":false},"featured_media":30502,"comment_status":"open","ping_status":"closed","template":"","meta":[],"product_brand":[326],"product_cat":[40,57,41],"product_tag":[],"class_list":{"0":"post-30469","1":"product","2":"type-product","3":"status-publish","4":"has-post-thumbnail","6":"product_brand-arena","7":"product_cat-accessoires","8":"product_cat-accessoires-natation","9":"product_cat-natation","10":"zank_product_brands-arena","11":"nt-post-class","12":"","18":"first","19":"instock","20":"taxable","21":"shipping-taxable","22":"purchasable","23":"product-type-simple"},"_links":{"self":[{"href":"https:\/\/www.infinitri.be\/it\/wp-json\/wp\/v2\/product\/30469","targetHints":{"allow":["GET"]}}],"collection":[{"href":"https:\/\/www.infinitri.be\/it\/wp-json\/wp\/v2\/product"}],"about":[{"href":"https:\/\/www.infinitri.be\/it\/wp-json\/wp\/v2\/types\/product"}],"replies":[{"embeddable":true,"href":"https:\/\/www.infinitri.be\/it\/wp-json\/wp\/v2\/comments?post=30469"}],"wp:featuredmedia":[{"embeddable":true,"href":"https:\/\/www.infinitri.be\/it\/wp-json\/wp\/v2\/media\/30502"}],"wp:attachment":[{"href":"https:\/\/www.infinitri.be\/it\/wp-json\/wp\/v2\/media?parent=30469"}],"wp:term":[{"taxonomy":"product_brand","embeddable":true,"href":"https:\/\/www.infinitri.be\/it\/wp-json\/wp\/v2\/product_brand?post=30469"},{"taxonomy":"product_cat","embeddable":true,"href":"https:\/\/www.infinitri.be\/it\/wp-json\/wp\/v2\/product_cat?post=30469"},{"taxonomy":"product_tag","embeddable":true,"href":"https:\/\/www.infinitri.be\/it\/wp-json\/wp\/v2\/product_tag?post=30469"}],"curies":[{"name":"wp","href":"https:\/\/api.w.org\/{rel}","templated":true}]}}