{"id":30721,"date":"2025-12-26T14:35:43","date_gmt":"2025-12-26T14:35:43","guid":{"rendered":"https:\/\/www.infinitri.be\/?post_type=product&#038;p=30721"},"modified":"2026-04-04T17:34:59","modified_gmt":"2026-04-04T16:34:59","slug":"huub-owc-homme","status":"publish","type":"product","link":"https:\/\/www.infinitri.be\/it\/prodotto\/huub-owc-homme\/","title":{"rendered":"Huub - OWC Uomo"},"content":{"rendered":"<p>La combinaison de nage en eau libre HUUB OWC, remplace la alpha beta dans le catalogue HUUB.<br \/>\n&#8211; Combinaison de flottabilit\u00e9 3:3 &#8211; pour une flottabilit\u00e9 \u00e9quilibr\u00e9e.<br \/>\n&#8211; Combinaison d&#8217;\u00e9paisseurs de n\u00e9opr\u00e8ne ayant fait l&#8217;objet de recherches scientifiques.<br \/>\n&#8211; 1,5 mm d&#8217;\u00e9paisseur sous le bras &#8211; pour une flexibilit\u00e9 maximale.<br \/>\n&#8211; Panneaux en n\u00e9opr\u00e8ne Glide Skin &#8211; pour r\u00e9duire la tra\u00een\u00e9e de surface.<br \/>\n&#8211; Placement sp\u00e9cifique des panneaux &#8211; pour plus de flexibilit\u00e9 et d&#8217;efficacit\u00e9.<br \/>\n&#8211; Poignets en peau lisse et cheville \u00e0 coupe rapide &#8211; pour faciliter la sortie.<br \/>\n&#8211; Construction Flatlock.<\/p>\n<p><!--themify_builder_static--><!--\/themify_builder_static--><\/p>","protected":false},"excerpt":{"rendered":"<p>Id\u00e9ale pour une entr\u00e9e de gamme, la combinaison de natation en eau libre OWC a \u00e9t\u00e9 con\u00e7ue pour offrir une flexibilit\u00e9 fantastique et la position de nage la plus confortable.<\/p>\n<p>Combinaison de flottabilit\u00e9 3:3 &#8211; pour une flottabilit\u00e9 \u00e9quilibr\u00e9e.<\/p>","protected":false},"featured_media":30725,"comment_status":"open","ping_status":"closed","template":"","meta":[],"product_brand":[286],"product_cat":[130,59],"product_tag":[],"class_list":{"0":"post-30721","1":"product","2":"type-product","3":"status-publish","4":"has-post-thumbnail","6":"product_brand-huub","7":"product_cat-combinaison-neoprene","8":"product_cat-triathlon","9":"zank_product_brands-huub","10":"nt-post-class","11":"","17":"first","18":"instock","19":"sale","20":"taxable","21":"shipping-taxable","22":"purchasable","23":"product-type-variable"},"_links":{"self":[{"href":"https:\/\/www.infinitri.be\/it\/wp-json\/wp\/v2\/product\/30721","targetHints":{"allow":["GET"]}}],"collection":[{"href":"https:\/\/www.infinitri.be\/it\/wp-json\/wp\/v2\/product"}],"about":[{"href":"https:\/\/www.infinitri.be\/it\/wp-json\/wp\/v2\/types\/product"}],"replies":[{"embeddable":true,"href":"https:\/\/www.infinitri.be\/it\/wp-json\/wp\/v2\/comments?post=30721"}],"wp:featuredmedia":[{"embeddable":true,"href":"https:\/\/www.infinitri.be\/it\/wp-json\/wp\/v2\/media\/30725"}],"wp:attachment":[{"href":"https:\/\/www.infinitri.be\/it\/wp-json\/wp\/v2\/media?parent=30721"}],"wp:term":[{"taxonomy":"product_brand","embeddable":true,"href":"https:\/\/www.infinitri.be\/it\/wp-json\/wp\/v2\/product_brand?post=30721"},{"taxonomy":"product_cat","embeddable":true,"href":"https:\/\/www.infinitri.be\/it\/wp-json\/wp\/v2\/product_cat?post=30721"},{"taxonomy":"product_tag","embeddable":true,"href":"https:\/\/www.infinitri.be\/it\/wp-json\/wp\/v2\/product_tag?post=30721"}],"curies":[{"name":"wp","href":"https:\/\/api.w.org\/{rel}","templated":true}]}}