{"id":31071,"date":"2025-12-26T15:05:23","date_gmt":"2025-12-26T15:05:23","guid":{"rendered":"https:\/\/www.infinitri.be\/?post_type=product&#038;p=31071"},"modified":"2026-04-04T17:34:02","modified_gmt":"2026-04-04T16:34:02","slug":"fusion-s1-run-jacket-homme-bleu-marine","status":"publish","type":"product","link":"https:\/\/www.infinitri.be\/it\/prodotto\/fusion-s1-run-jacket-homme-bleu-marine\/","title":{"rendered":"Giacca Fusion S1 Run Uomo Blu Navy"},"content":{"rendered":"<p><!--themify_builder_static--><\/p>\n<h1 style=\"text-align: center\">Descrizione \u2699<\/h1>\n<p style=\"text-align: left\">La MEN&#8217;S S1 RUN JACKET a \u00e9t\u00e9 con\u00e7ue pour \u00eatre utilis\u00e9e le plus longtemps possible dans le climat de l&#8217;Europe du Nord. Ni trop chaud, ni trop froid, mais juste assez protectrice pour que vous puissiez ajuster vous-m\u00eame l&#8217;isolation gr\u00e2ce aux couches que vous choisissez de porter en dessous.<\/p>\n<p style=\"text-align: left\">Cette veste mod\u00e9r\u00e9ment ajust\u00e9e est dot\u00e9e d&#8217;une fermeture \u00e0 glissi\u00e8re invers\u00e9e YKK de 4 mm \u00e0 usage intensif avec dos coupe-vent et d&#8217;une poche frontale \u00e0 fermeture \u00e0 glissi\u00e8re avec dos \u00e9lastique qui s&#8217;adapte au contenu de votre poche, comme votre t\u00e9l\u00e9phone et vos cartes.<\/p>\n<p style=\"text-align: left\">Des reflets 3M discrets mais efficaces sur le col, le dos et les bras assurent une visibilit\u00e9 \u00e0 360 degr\u00e9s dans l&#8217;obscurit\u00e9.<\/p>\n<p style=\"text-align: left\">Recommand\u00e9 pour la course \u00e0 pied &#8211; Coupe moyenne<\/p>\n<p><img fetchpriority=\"high\" decoding=\"async\" title=\"Mens-S1-run-jacket_0018_Black_4f_v3-4827970_750x\" src=\"https:\/\/infinitri.be\/wp-content\/uploads\/2023\/02\/Mens-S1-run-jacket_0018_Black_4f_v3-4827970_750x-545x545.webp\" alt=\"Mens-S1-run-jacket_0018_Black_4f_v3-4827970_750x\" width=\"545\" height=\"545\" \/><\/p>\n<h1>Specifiche tecniche<\/h1>\n<ul>\n<li>A utiliser avec tout produit Fusion \u00e0 manches longues pour une protection suppl\u00e9mentaire par mauvais temps<\/li>\n<li>D\u00e9tails r\u00e9fl\u00e9chissants sur le devant et l&#8217;arri\u00e8re des \u00e9paules et le bas du dos<\/li>\n<li>Poche poitrine pour t\u00e9l\u00e9phone et cl\u00e9s<\/li>\n<li>Doublure de col douce et respirante pour plus de confort<\/li>\n<li>Tissu coupe-vent et d\u00e9perlant, produit au Royaume-Uni.<\/li>\n<li>Fabriqu\u00e9 en Europe \u00e0 l&#8217;usine FUSION.<\/li>\n<li>Produit certifi\u00e9 STANDARD 100 par OEKO-TEX\u00ae. Cela signifie que tous les composants, tels que les tissus, les fils, les transferts, les fermetures \u00e9clair, les \u00e9lastiques, les \u00e9tiquettes, etc., sont test\u00e9s et approuv\u00e9s conform\u00e9ment \u00e0 la norme et ne contiennent donc pas de substances nocives<\/li>\n<\/ul>\n<p>&nbsp;<\/p>\n<p>PROTECTION CONTRE LE VENT \u2605\u2605\u2605\u2605\u2605<\/p>\n<p>&nbsp;<\/p>\n<p>PROTECTION CONTRE LA PLUIE \u2605\u2605\u2605\u2605\u2605<\/p>\n<p>&nbsp;<\/p>\n<p style=\"text-align: center\">LUMINOSIT\u00c0 \u2605\u2605\u2605\u2605<\/p>\n<p>&nbsp;<\/p>\n<p>COUPE AJUST\u00c9E \u2605\u2605<\/p>\n<p>&nbsp;<\/p>\n<p>LIVELLO DI COMPRESSIONE \u2605<\/p>\n<h1 style=\"text-align: center\">Materiale \ud83d\udc56<\/h1>\n<p style=\"text-align: left\">Devant : 81% polyester, 19% \u00e9lasthanne. Membrane : 100% polyester<\/p>\n<p style=\"text-align: left\">Dos : 77 % polyamide, 23 % \u00e9lasthanne.<\/p>\n<p style=\"text-align: left\">Utilisation de-5\u00b0C \u00e0 5\u00b0C<\/p>\n<p><img decoding=\"async\" title=\"Mens-S1-run-jacket_0018_Black_7f_v2-3870721_750x\" src=\"https:\/\/infinitri.be\/wp-content\/uploads\/2023\/02\/Mens-S1-run-jacket_0018_Black_7f_v2-3870721_750x-545x545.webp\" alt=\"Mens-S1-run-jacket_0018_Black_7f_v2-3870721_750x\" width=\"545\" height=\"545\" \/><br \/>\n<img decoding=\"async\" title=\"Mens-S1-run-jacket_0018_Black_6d_v1-4827968_750x\" src=\"https:\/\/infinitri.be\/wp-content\/uploads\/2023\/02\/Mens-S1-run-jacket_0018_Black_6d_v1-4827968_750x-545x545.webp\" alt=\"Mens-S1-run-jacket_0018_Black_6d_v1-4827968_750x\" width=\"545\" height=\"545\" \/><\/p>\n<h1 style=\"text-align: center\">Consigli per la manutenzione \ud83d\udca1<\/h1>\n<p>Lavatelo prima di usarlo per la prima volta. Se aggiungete un po' di aceto al primo lavaggio, il colore rimarr\u00e0 pi\u00f9 chiaro e durer\u00e0 pi\u00f9 a lungo.<\/p>\n<p>Lavare gli indumenti sportivi a una temperatura massima di 40\u00b0C. Non utilizzare detersivi o candeggina.<\/p>\n<p>L'uso del detergente limiter\u00e0 il trasporto dell'umidit\u00e0 dal prodotto.<\/p>\n<p>Asciugare all'aria l'abbigliamento sportivo FUSION. Non asciugare in asciugatrice.<\/p>\n<p>Attenzione agli oggetti appuntiti, ai bordi e alle cinghie in velcro di zaini, cinture e simili che sfregano contro il tessuto e le cuciture dell'indumento. Questo pu\u00f2 strappare il tessuto e le cuciture dell'abbigliamento sportivo FUSION.<\/p>\n<h1 style=\"text-align: center\">Quanto sono alto?<\/h1>\n<p><img decoding=\"async\" title=\"s1-run-jacket-homme-size\" src=\"https:\/\/infinitri.be\/wp-content\/uploads\/2023\/02\/s1-run-jacket-homme-size.png\" alt=\"s1-run-jacket-homme-size\" \/><br \/>\n<img loading=\"lazy\" decoding=\"async\" title=\"fusione-logo-espanso\" src=\"https:\/\/infinitri.be\/wp-content\/uploads\/2023\/01\/fusion-logo-expanded.svg\" alt=\"fusion-logo-expanded\" width=\"545\" height=\"545\" \/><!--\/themify_builder_static--><\/p>","protected":false},"excerpt":{"rendered":"<p>Giacca antivento e idrorepellente per una maggiore protezione durante le gare in caso di maltempo. Giacca da corsa classica con efficaci pannelli di ventilazione.<\/p>","protected":false},"featured_media":31073,"comment_status":"open","ping_status":"closed","template":"","meta":[],"product_brand":[331],"product_cat":[16,29],"product_tag":[],"class_list":{"0":"post-31071","1":"product","2":"type-product","3":"status-publish","4":"has-post-thumbnail","6":"product_brand-fusion","7":"product_cat-course","8":"product_cat-vestes-et-t-shirts","9":"zank_product_brands-fusion","10":"nt-post-class","11":"","17":"first","18":"instock","19":"sale","20":"taxable","21":"shipping-taxable","22":"purchasable","23":"product-type-variable"},"_links":{"self":[{"href":"https:\/\/www.infinitri.be\/it\/wp-json\/wp\/v2\/product\/31071","targetHints":{"allow":["GET"]}}],"collection":[{"href":"https:\/\/www.infinitri.be\/it\/wp-json\/wp\/v2\/product"}],"about":[{"href":"https:\/\/www.infinitri.be\/it\/wp-json\/wp\/v2\/types\/product"}],"replies":[{"embeddable":true,"href":"https:\/\/www.infinitri.be\/it\/wp-json\/wp\/v2\/comments?post=31071"}],"wp:featuredmedia":[{"embeddable":true,"href":"https:\/\/www.infinitri.be\/it\/wp-json\/wp\/v2\/media\/31073"}],"wp:attachment":[{"href":"https:\/\/www.infinitri.be\/it\/wp-json\/wp\/v2\/media?parent=31071"}],"wp:term":[{"taxonomy":"product_brand","embeddable":true,"href":"https:\/\/www.infinitri.be\/it\/wp-json\/wp\/v2\/product_brand?post=31071"},{"taxonomy":"product_cat","embeddable":true,"href":"https:\/\/www.infinitri.be\/it\/wp-json\/wp\/v2\/product_cat?post=31071"},{"taxonomy":"product_tag","embeddable":true,"href":"https:\/\/www.infinitri.be\/it\/wp-json\/wp\/v2\/product_tag?post=31071"}],"curies":[{"name":"wp","href":"https:\/\/api.w.org\/{rel}","templated":true}]}}