{"id":31097,"date":"2025-12-26T15:05:42","date_gmt":"2025-12-26T15:05:42","guid":{"rendered":"https:\/\/www.infinitri.be\/?post_type=product&#038;p=31097"},"modified":"2026-04-04T17:28:54","modified_gmt":"2026-04-04T16:28:54","slug":"arena-overview-challenge-back-rose-white","status":"publish","type":"product","link":"https:\/\/www.infinitri.be\/it\/prodotto\/arena-overview-challenge-back-rose-white\/","title":{"rendered":"Arena - Panoramica Sfida Indietro rosa bianco"},"content":{"rendered":"<p>Il tessuto MaxLife Eco, ultraresistente al cloro e con protezione UV UPF 50+ integrata, \u00e8 durevole e si asciuga molto rapidamente. Questa nuova versione eco-responsabile del tessuto arenaMaxLife contiene almeno 50% di poliestere riciclato da bottiglie di plastica PET. Inoltre, proviene da un processo di produzione ottimizzato che risparmia energia, riduce le emissioni di CO e minimizza il consumo di acqua. La schiena aperta, le spalline sottili e il taglio alto garantiscono la massima libert\u00e0 di movimento, un'ottima sensazione in acqua e una ridotta resistenza aerodinamica. Tutti i componenti di questo tessuto certificato STANDARD 100 by OEKO-TEX sono stati sottoposti a controlli per la ricerca di sostanze pericolose, per garantire un articolo sicuro per la salute umana. Questi controlli vengono effettuati negli istituti del nostro partner indipendente OEKO-TEX secondo una serie completa di criteri di prova.<\/p>\n<p><!--themify_builder_static-->    <em><\/em> <\/p>\n<h3> Resistente al cloro <\/h3>\n<p>S\u00ec<\/p>\n<p>    <em><\/em> <\/p>\n<h3> Materiale <\/h3>\n<p>\u00a0MaxLife Eco<\/p>\n<p>    <em><\/em> <\/p>\n<h3> Indietro <\/h3>\n<p>Sfida indietro<\/p>\n<p>    <em><\/em> <\/p>\n<h3> Tagliare <\/h3>\n<p>Taglio alto<\/p>\n<p>    <em><\/em> <\/p>\n<h3> Fodera <\/h3>\n<p>Fodera anteriore<\/p>\n<p>    <em><\/em> <\/p>\n<h3> Intensit\u00e0 di allenamento <\/h3>\n<p>Nuoto intensivo<\/p>\n<p><!--\/themify_builder_static--><\/p>","protected":false},"excerpt":{"rendered":"<p>Le maillot de bain tendance, ultra-durable et r\u00e9sistant au chlore arena overview Challenge Back de la ligne Performance d\u2019arena est id\u00e9al pour les nageuses comp\u00e9titrices et les nageuses r\u00e9guli\u00e8res, qui nagent souvent en piscine.<\/p>","protected":false},"featured_media":31155,"comment_status":"open","ping_status":"closed","template":"","meta":[],"product_brand":[326],"product_cat":[86,41],"product_tag":[],"class_list":{"0":"post-31097","1":"product","2":"type-product","3":"status-publish","4":"has-post-thumbnail","6":"product_brand-arena","7":"product_cat-maillots","8":"product_cat-natation","9":"zank_product_brands-arena","10":"nt-post-class","11":"","17":"first","18":"instock","19":"taxable","20":"shipping-taxable","21":"purchasable","22":"product-type-variable"},"_links":{"self":[{"href":"https:\/\/www.infinitri.be\/it\/wp-json\/wp\/v2\/product\/31097","targetHints":{"allow":["GET"]}}],"collection":[{"href":"https:\/\/www.infinitri.be\/it\/wp-json\/wp\/v2\/product"}],"about":[{"href":"https:\/\/www.infinitri.be\/it\/wp-json\/wp\/v2\/types\/product"}],"replies":[{"embeddable":true,"href":"https:\/\/www.infinitri.be\/it\/wp-json\/wp\/v2\/comments?post=31097"}],"wp:featuredmedia":[{"embeddable":true,"href":"https:\/\/www.infinitri.be\/it\/wp-json\/wp\/v2\/media\/31155"}],"wp:attachment":[{"href":"https:\/\/www.infinitri.be\/it\/wp-json\/wp\/v2\/media?parent=31097"}],"wp:term":[{"taxonomy":"product_brand","embeddable":true,"href":"https:\/\/www.infinitri.be\/it\/wp-json\/wp\/v2\/product_brand?post=31097"},{"taxonomy":"product_cat","embeddable":true,"href":"https:\/\/www.infinitri.be\/it\/wp-json\/wp\/v2\/product_cat?post=31097"},{"taxonomy":"product_tag","embeddable":true,"href":"https:\/\/www.infinitri.be\/it\/wp-json\/wp\/v2\/product_tag?post=31097"}],"curies":[{"name":"wp","href":"https:\/\/api.w.org\/{rel}","templated":true}]}}