{"id":31213,"date":"2025-12-26T15:10:58","date_gmt":"2025-12-26T15:10:58","guid":{"rendered":"https:\/\/www.infinitri.be\/?post_type=product&#038;p=31213"},"modified":"2026-04-12T09:38:21","modified_gmt":"2026-04-12T08:38:21","slug":"arena-python-mirror","status":"publish","type":"product","link":"https:\/\/www.infinitri.be\/it\/prodotto\/arena-python-mirror\/","title":{"rendered":"Arena &#8211; Python Mirror"},"content":{"rendered":"<p>Confortables et de haute qualit\u00e9, les lunettes Arena Python Mirror unisexes sont id\u00e9ales pour les nageurs comp\u00e9titeurs et assurent un hydrodynamisme sup\u00e9rieur. Elles sont approuv\u00e9es par la FINA. Les verres incurv\u00e9s garantissent une excellente vision panoramique. Elles sont livr\u00e9es avec trois ponts de nez interchangeables pour un ajustement sur mesure aux diff\u00e9rentes formes de nez et de visage. La sangle double est facilement ajustable \u00e0 l\u2019arri\u00e8re et garantit un maintien stable, m\u00eame au d\u00e9part et dans les virages. Ces lunettes b\u00e9n\u00e9ficient d\u2019un traitement antibu\u00e9e, d\u2019une protection UV et sont exemptes de PVC. Ce mod\u00e8le se d\u00e9cline en plusieurs niveaux de teinte: teinte moyennement sombre pour tous les usages et teinte sombre pour une protection maximale contre la lumi\u00e8re dans les environnements \u00e0 forte luminosit\u00e9.<\/p>","protected":false},"excerpt":{"rendered":"<p>Ultra-confortables, les lunettes de comp\u00e9tition unisexes \u00e0 effet miroir Arena Python Mirror, approuv\u00e9es par la FINA, sont id\u00e9ales pour les nageurs comp\u00e9titeurs.<br \/>\nLivr\u00e9es avec 3  ponts de nez interchangeables.<br \/>\nUnisexe<\/p>","protected":false},"featured_media":31244,"comment_status":"open","ping_status":"closed","template":"","meta":[],"product_brand":[326],"product_cat":[40,54,55,41],"product_tag":[],"class_list":{"0":"post-31213","1":"product","2":"type-product","3":"status-publish","4":"has-post-thumbnail","6":"product_brand-arena","7":"product_cat-accessoires","8":"product_cat-lunettes","9":"product_cat-lunettes-natation","10":"product_cat-natation","11":"zank_product_brands-arena","12":"nt-post-class","13":"","19":"first","20":"instock","21":"taxable","22":"shipping-taxable","23":"purchasable","24":"product-type-variable"},"_links":{"self":[{"href":"https:\/\/www.infinitri.be\/it\/wp-json\/wp\/v2\/product\/31213","targetHints":{"allow":["GET"]}}],"collection":[{"href":"https:\/\/www.infinitri.be\/it\/wp-json\/wp\/v2\/product"}],"about":[{"href":"https:\/\/www.infinitri.be\/it\/wp-json\/wp\/v2\/types\/product"}],"replies":[{"embeddable":true,"href":"https:\/\/www.infinitri.be\/it\/wp-json\/wp\/v2\/comments?post=31213"}],"wp:featuredmedia":[{"embeddable":true,"href":"https:\/\/www.infinitri.be\/it\/wp-json\/wp\/v2\/media\/31244"}],"wp:attachment":[{"href":"https:\/\/www.infinitri.be\/it\/wp-json\/wp\/v2\/media?parent=31213"}],"wp:term":[{"taxonomy":"product_brand","embeddable":true,"href":"https:\/\/www.infinitri.be\/it\/wp-json\/wp\/v2\/product_brand?post=31213"},{"taxonomy":"product_cat","embeddable":true,"href":"https:\/\/www.infinitri.be\/it\/wp-json\/wp\/v2\/product_cat?post=31213"},{"taxonomy":"product_tag","embeddable":true,"href":"https:\/\/www.infinitri.be\/it\/wp-json\/wp\/v2\/product_tag?post=31213"}],"curies":[{"name":"wp","href":"https:\/\/api.w.org\/{rel}","templated":true}]}}