{"id":31286,"date":"2025-12-26T15:12:47","date_gmt":"2025-12-26T15:12:47","guid":{"rendered":"https:\/\/www.infinitri.be\/?post_type=product&#038;p=31286"},"modified":"2026-04-04T17:33:54","modified_gmt":"2026-04-04T16:33:54","slug":"fusion-maillot-manches-longues-thermique-gris","status":"publish","type":"product","link":"https:\/\/www.infinitri.be\/it\/prodotto\/fusion-maillot-manches-longues-thermique-gris\/","title":{"rendered":"Fusion- Maglia termica a maniche lunghe Grigio"},"content":{"rendered":"<p><!--themify_builder_static--><\/p>\n<h1 style=\"text-align: center\">Descrizione \u2699<\/h1>\n<p>Grazie al suo rivestimento in pile spazzolato, la maglia da ciclismo offre prestazioni uniche ad alto isolamento, nonostante il peso ridotto, e si adatta termicamente alle esigenze del corpo. Elimina attivamente il sudore, \u00e8 antibatterica e traspirante e offre protezione dai raggi UV (UPF 50+).<\/p>\n<p>La maglia da ciclismo ha tre tasche posteriori che possono contenere un gilet, una giacca, ecc. Ha una zip integrale e loghi riflettenti sulle maniche e sulle tasche posteriori. La vestibilit\u00e0 \u00e8 aderente ma non troppo. Consigliata per l'allenamento in bicicletta.<\/p>\n<p><img fetchpriority=\"high\" decoding=\"async\" class=\"alignnone wp-image-26048\" src=\"https:\/\/infinitri.be\/wp-content\/uploads\/2024\/02\/Mens-Thermal-Cycling-Jersey_0044_Grey_3f_v1-5698385-225x300.webp\" alt=\"\" width=\"403\" height=\"537\" \/><\/p>\n<h1>Specifiche tecniche<\/h1>\n<ul>\n<li>Fodera isolante in morbido e confortevole pile<\/li>\n<li>Altamente estensibile e aderente<\/li>\n<li>Rifinito con manico elastico in silicone<\/li>\n<li>Zip YKK divisibile a tutta lunghezza con fodera antivento<\/li>\n<li>Logo riflettente 3M su clavicola e tasca posteriore<\/li>\n<li>Fusion Powerlock: cuciture a filo continuo<\/li>\n<li>Tessuto prodotto in Italia<\/li>\n<li>Realizzato nel laboratorio di cucito Fusion in Lituania<\/li>\n<li>Prodotto certificato STANDARD 100 da OEKO-TEX\u00ae; ci\u00f2 significa che tutti i componenti come tessuti, fili, transfer, cerniere, elastici, etichette, ecc. sono stati testati e approvati in conformit\u00e0 allo standard. Numero di certificato FUSION: 20170K1267 AITEX<br \/>\nMateriale: poliammide 86%, elastan 14%<\/li>\n<\/ul>\n<p>&nbsp;<\/p>\n<p>PROTEZIONE DAL VENTO \u2605\u2605\u2605\u2605<\/p>\n<p>&nbsp;<\/p>\n<p>PROTEZIONE DALLA PIOGGIA \u2605\u2605\u2605\u2605<\/p>\n<p>&nbsp;<\/p>\n<p style=\"text-align: center\">LUMINOSIT\u00c0 \u2605\u2605<\/p>\n<p>&nbsp;<\/p>\n<p>SLIM FIT \u2605\u2605\u2605\u2605<\/p>\n<p>&nbsp;<\/p>\n<p>LIVELLO DI COMPRESSIONE \u2605\u2605<\/p>\n<h1 style=\"text-align: center\">Materiale \ud83d\udc56<\/h1>\n<p style=\"text-align: left\">86% poliammide, 14% elastan<\/p>\n<p style=\"text-align: left\">Utilizzo da 5\u00b0C a 10\u00b0C<\/p>\n<p>&nbsp;<\/p>\n<h1 style=\"text-align: center\">Consigli per la manutenzione \ud83d\udca1<\/h1>\n<p>Lavatelo prima di usarlo per la prima volta. Se aggiungete un po' di aceto al primo lavaggio, il colore rimarr\u00e0 pi\u00f9 chiaro e durer\u00e0 pi\u00f9 a lungo.<\/p>\n<p>Lavare gli indumenti sportivi a una temperatura massima di 40\u00b0C. Non utilizzare detersivi o candeggina.<\/p>\n<p>L'uso del detergente limiter\u00e0 il trasporto dell'umidit\u00e0 dal prodotto.<\/p>\n<p>Asciugare all'aria l'abbigliamento sportivo FUSION. Non asciugare in asciugatrice.<\/p>\n<p>Attenzione agli oggetti appuntiti, ai bordi e alle cinghie in velcro di zaini, cinture e simili che sfregano contro il tessuto e le cuciture dell'indumento. Questo pu\u00f2 strappare il tessuto e le cuciture dell'abbigliamento sportivo FUSION.<\/p>\n<h1 style=\"text-align: center\">Quanto sono alto?<\/h1>\n<p><img decoding=\"async\" title=\"Maglia da ciclismo a caldo\" src=\"https:\/\/infinitri.be\/wp-content\/uploads\/2023\/02\/Hot-ls-cycling-jersey-size.png\" alt=\"Hot-ls-cycling-jersey-size\" \/><br \/>\n<img decoding=\"async\" title=\"fusione-logo-espanso\" src=\"https:\/\/infinitri.be\/wp-content\/uploads\/2023\/01\/fusion-logo-expanded.svg\" alt=\"fusion-logo-expanded\" width=\"545\" height=\"545\" \/><!--\/themify_builder_static--><\/p>","protected":false},"excerpt":{"rendered":"<p>Maglia da ciclismo a maniche lunghe per l'allenamento in condizioni di freddo. Una maglia da ciclismo a maniche lunghe molto calda per l'allenamento nelle stagioni fredde - per uomini e donne. Questo prodotto \u00e8 una taglia NORMALE, il che significa che si dovrebbe ordinare la taglia che si usa normalmente in altri marchi di abbigliamento sportivo.<\/p>","protected":false},"featured_media":31314,"comment_status":"open","ping_status":"closed","template":"","meta":[],"product_brand":[331],"product_cat":[37,38],"product_tag":[],"class_list":{"0":"post-31286","1":"product","2":"type-product","3":"status-publish","4":"has-post-thumbnail","6":"product_brand-fusion","7":"product_cat-cyclisme","8":"product_cat-vestes-et-coupe-vent","9":"zank_product_brands-fusion","10":"nt-post-class","11":"","17":"first","18":"instock","19":"taxable","20":"shipping-taxable","21":"purchasable","22":"product-type-variable"},"_links":{"self":[{"href":"https:\/\/www.infinitri.be\/it\/wp-json\/wp\/v2\/product\/31286","targetHints":{"allow":["GET"]}}],"collection":[{"href":"https:\/\/www.infinitri.be\/it\/wp-json\/wp\/v2\/product"}],"about":[{"href":"https:\/\/www.infinitri.be\/it\/wp-json\/wp\/v2\/types\/product"}],"replies":[{"embeddable":true,"href":"https:\/\/www.infinitri.be\/it\/wp-json\/wp\/v2\/comments?post=31286"}],"wp:featuredmedia":[{"embeddable":true,"href":"https:\/\/www.infinitri.be\/it\/wp-json\/wp\/v2\/media\/31314"}],"wp:attachment":[{"href":"https:\/\/www.infinitri.be\/it\/wp-json\/wp\/v2\/media?parent=31286"}],"wp:term":[{"taxonomy":"product_brand","embeddable":true,"href":"https:\/\/www.infinitri.be\/it\/wp-json\/wp\/v2\/product_brand?post=31286"},{"taxonomy":"product_cat","embeddable":true,"href":"https:\/\/www.infinitri.be\/it\/wp-json\/wp\/v2\/product_cat?post=31286"},{"taxonomy":"product_tag","embeddable":true,"href":"https:\/\/www.infinitri.be\/it\/wp-json\/wp\/v2\/product_tag?post=31286"}],"curies":[{"name":"wp","href":"https:\/\/api.w.org\/{rel}","templated":true}]}}