{"id":31309,"date":"2025-12-26T15:12:48","date_gmt":"2025-12-26T15:12:48","guid":{"rendered":"https:\/\/www.infinitri.be\/?post_type=product&#038;p=31309"},"modified":"2026-04-28T21:12:08","modified_gmt":"2026-04-28T20:12:08","slug":"location-neoprene-homme","status":"publish","type":"product","link":"https:\/\/www.infinitri.be\/it\/prodotto\/location-neoprene-homme\/","title":{"rendered":"Noleggio - Neoprene - Uomo"},"content":{"rendered":"<p>Combinazione di spessori di neoprene scientificamente studiati.<br \/>\nSpessore di 1,5 mm sotto le braccia - per la massima flessibilit\u00e0.<br \/>\nNeoprene scivoloso - per ridurre la resistenza superficiale.<br \/>\nPosizioni specifiche dei pannelli - per garantire flessibilit\u00e0 ed efficienza.<br \/>\nCaviglia a taglio rapido e polsini in pelle liscia - per una facile uscita.<br \/>\nCostruzione flatlock.<\/p>\n<p><!--themify_builder_static--><!--\/themify_builder_static--><\/p>","protected":false},"excerpt":{"rendered":"<p><strong>Solo ritiro e riconsegna allo show room\/stand<\/strong><\/p>\n<p>La muta HUUB Alpha Beta per acque libere \u00e8 stata progettata per offrire una fantastica flessibilit\u00e0 e una galleggiabilit\u00e0 tale da garantire la posizione di nuoto pi\u00f9 confortevole.<\/p>\n<p>Tarif: 40\u20ac pour une r\u00e9servation faite 2 semaines \u00e0 l&#8217;avance, 50\u20ac moins de 2 semaines avant l&#8217;\u00e9v\u00e8nement.<\/p>\n<p>Assurance annulation pour 7\u20ac.<\/p>\n<p>Combinazione di galleggiamento 2:3 - per migliorare la posizione del corpo e ridurre la resistenza.<br \/>\nUna guida alle taglie \u00e8 disponibile in fondo alla pagina. Siamo inoltre disponibili al numero +32 489 06 29 51 per rispondere alle vostre domande.<\/p>","protected":false},"featured_media":29023,"comment_status":"open","ping_status":"closed","template":"","meta":[],"product_brand":[286],"product_cat":[130,59],"product_tag":[228],"class_list":{"0":"post-31309","1":"product","2":"type-product","3":"status-publish","4":"has-post-thumbnail","6":"product_brand-huub","7":"product_cat-combinaison-neoprene","8":"product_cat-triathlon","9":"product_tag-location-combi","10":"product_shipping_class-retrait-uniquement-en-stand-magasin","11":"zank_product_brands-huub","12":"nt-post-class","13":"","19":"first","20":"instock","21":"taxable","22":"shipping-taxable","23":"purchasable","24":"product-type-variable","25":"has-default-attributes"},"_links":{"self":[{"href":"https:\/\/www.infinitri.be\/it\/wp-json\/wp\/v2\/product\/31309","targetHints":{"allow":["GET"]}}],"collection":[{"href":"https:\/\/www.infinitri.be\/it\/wp-json\/wp\/v2\/product"}],"about":[{"href":"https:\/\/www.infinitri.be\/it\/wp-json\/wp\/v2\/types\/product"}],"replies":[{"embeddable":true,"href":"https:\/\/www.infinitri.be\/it\/wp-json\/wp\/v2\/comments?post=31309"}],"wp:featuredmedia":[{"embeddable":true,"href":"https:\/\/www.infinitri.be\/it\/wp-json\/wp\/v2\/media\/29023"}],"wp:attachment":[{"href":"https:\/\/www.infinitri.be\/it\/wp-json\/wp\/v2\/media?parent=31309"}],"wp:term":[{"taxonomy":"product_brand","embeddable":true,"href":"https:\/\/www.infinitri.be\/it\/wp-json\/wp\/v2\/product_brand?post=31309"},{"taxonomy":"product_cat","embeddable":true,"href":"https:\/\/www.infinitri.be\/it\/wp-json\/wp\/v2\/product_cat?post=31309"},{"taxonomy":"product_tag","embeddable":true,"href":"https:\/\/www.infinitri.be\/it\/wp-json\/wp\/v2\/product_tag?post=31309"}],"curies":[{"name":"wp","href":"https:\/\/api.w.org\/{rel}","templated":true}]}}