{"id":31916,"date":"2025-12-26T15:19:26","date_gmt":"2025-12-26T15:19:26","guid":{"rendered":"https:\/\/www.infinitri.be\/?post_type=product&#038;p=31916"},"modified":"2026-04-04T18:43:55","modified_gmt":"2026-04-04T17:43:55","slug":"arena-fastpack-3-0-allover-camo-kikko","status":"publish","type":"product","link":"https:\/\/www.infinitri.be\/it\/prodotto\/arena-fastpack-3-0-allover-camo-kikko\/","title":{"rendered":"Arena - Fastpack 3.0 Allover Camo Kikko"},"content":{"rendered":"","protected":false},"excerpt":{"rendered":"<p>Un compagno pratico ed elegante per le vostre attivit\u00e0 sportive! Super trendy e pratico, lo zaino arena Fastpack3.0 \u00e8 pensato per nuotatori, triatleti e appassionati di sport. L'ampio scomparto posteriore offre un'ampia capacit\u00e0 di stoccaggio, anche per grandi attrezzature da allenamento come le tavole. Lo spazioso scomparto inferiore \u00e8 ideale per riporre i vestiti bagnati e pu\u00f2 contenere due paia di scarpe. Lo zaino pu\u00f2 essere appeso al moschettone e pu\u00f2 essere utilizzato anche come guardaroba. Include una borsa impermeabile separata per i vestiti bagnati. Il pannello posteriore rinforzato e traspirante e gli spallacci ergonomici con sistema di imbracatura toracica garantiscono un ottimo comfort anche quando lo zaino \u00e8 completamente pieno. Il fondo rinforzato protegge i vostri effetti personali dal pavimento bagnato. Dimensioni: 54x36x 27cm, 40L<\/p>","protected":false},"featured_media":31925,"comment_status":"open","ping_status":"closed","template":"","meta":[],"product_brand":[326],"product_cat":[40,41,58],"product_tag":[],"class_list":{"0":"post-31916","1":"product","2":"type-product","3":"status-publish","4":"has-post-thumbnail","6":"product_brand-arena","7":"product_cat-accessoires","8":"product_cat-natation","9":"product_cat-sacs","10":"zank_product_brands-arena","11":"nt-post-class","12":"","18":"first","19":"instock","20":"sale","21":"taxable","22":"shipping-taxable","23":"purchasable","24":"product-type-simple"},"_links":{"self":[{"href":"https:\/\/www.infinitri.be\/it\/wp-json\/wp\/v2\/product\/31916","targetHints":{"allow":["GET"]}}],"collection":[{"href":"https:\/\/www.infinitri.be\/it\/wp-json\/wp\/v2\/product"}],"about":[{"href":"https:\/\/www.infinitri.be\/it\/wp-json\/wp\/v2\/types\/product"}],"replies":[{"embeddable":true,"href":"https:\/\/www.infinitri.be\/it\/wp-json\/wp\/v2\/comments?post=31916"}],"wp:featuredmedia":[{"embeddable":true,"href":"https:\/\/www.infinitri.be\/it\/wp-json\/wp\/v2\/media\/31925"}],"wp:attachment":[{"href":"https:\/\/www.infinitri.be\/it\/wp-json\/wp\/v2\/media?parent=31916"}],"wp:term":[{"taxonomy":"product_brand","embeddable":true,"href":"https:\/\/www.infinitri.be\/it\/wp-json\/wp\/v2\/product_brand?post=31916"},{"taxonomy":"product_cat","embeddable":true,"href":"https:\/\/www.infinitri.be\/it\/wp-json\/wp\/v2\/product_cat?post=31916"},{"taxonomy":"product_tag","embeddable":true,"href":"https:\/\/www.infinitri.be\/it\/wp-json\/wp\/v2\/product_tag?post=31916"}],"curies":[{"name":"wp","href":"https:\/\/api.w.org\/{rel}","templated":true}]}}