{"id":33110,"date":"2025-12-26T15:26:56","date_gmt":"2025-12-26T15:26:56","guid":{"rendered":"https:\/\/www.infinitri.be\/?post_type=product&#038;p=33110"},"modified":"2026-04-04T18:44:59","modified_gmt":"2026-04-04T17:44:59","slug":"huub-tt-bag-blue","status":"publish","type":"product","link":"https:\/\/www.infinitri.be\/it\/prodotto\/huub-tt-bag-blue\/","title":{"rendered":"Huub \u2013 Borsa TT blu"},"content":{"rendered":"<p>Il est \u00e9quip\u00e9 d&#8217;un support de casque en filet cach\u00e9, qui peut \u00eatre rang\u00e9 par une fermeture \u00e9clair lorsqu&#8217;il n&#8217;est pas utilis\u00e9, ce qui signifie que votre casque sera entre de bonnes mains, o\u00f9 que vous alliez. Gr\u00e2ce aux compartiments humides et secs, vous pouvez \u00eatre s\u00fbr que vos affaires s\u00e8ches seront toujours pr\u00eates \u00e0 partir, les affaires humides \u00e9tant rang\u00e9es en toute s\u00e9curit\u00e9 dans le compartiment \u00e9tanche situ\u00e9 au fond du sac. Les poches lat\u00e9rales extensibles sont parfaites pour les bouteilles de boisson. Il y a \u00e9galement une poche frontale zipp\u00e9e tr\u00e8s pratique pour un acc\u00e8s facile et rapide, id\u00e9ale pour vos appareils \u00e9lectroniques, vos cl\u00e9s, votre t\u00e9l\u00e9phone, etc.<br \/>\nLes bretelles r\u00e9glables et rembourr\u00e9es assurent un confort optimal. La sangle de poitrine permet de r\u00e9partir le poids lors de la pratique de la moto, de la course \u00e0 pied ou tout simplement pendant les trajets quotidiens.<\/p>\n<p><strong>Caratteristiche<\/strong><\/p>\n<ul>\n<li>Volume de 40 litres<\/li>\n<li>Support pour casque \u00e0 fermeture \u00e9clair<\/li>\n<li>Poign\u00e9e de transport sup\u00e9rieure pratique<\/li>\n<li>Rangement \u00e9tanche pour votre combinaison, votre serviette ou votre maillot de bain.<\/li>\n<li>Compartiments de rangement pour les chaussures et les casques<\/li>\n<li>Plusieurs poches pour ranger des outils, des cartes et d&#8217;autres \u00e9l\u00e9ments essentiels.<\/li>\n<li>Cinghie imbottite regolabili per un maggiore comfort attivo<\/li>\n<li>Grande entr\u00e9e pour faciliter le rangement des affaires<\/li>\n<li>Garniture r\u00e9fl\u00e9chissante pour les randonn\u00e9es nocturnes ou matinales<\/li>\n<li>Poche int\u00e9rieure en filet pour les ordinateurs portables<\/li>\n<li>Poche arri\u00e8re en filet<\/li>\n<li>Plusieurs poches int\u00e9rieures<\/li>\n<\/ul>","protected":false},"excerpt":{"rendered":"<p>Lo zaino definitivo per le gare, i viaggi, gli allenamenti o il pendolarismo. La borsa TT di HUUB ha una tasca per tutto, che si tratti di gare o allenamenti, piscina o pista, l'enorme capacit\u00e0 di 40 litri della borsa TT \u00e8 in grado di gestire tutto.<\/p>","protected":false},"featured_media":33115,"comment_status":"open","ping_status":"closed","template":"","meta":[],"product_brand":[286],"product_cat":[40,137,16,58,59],"product_tag":[],"class_list":{"0":"post-33110","1":"product","2":"type-product","3":"status-publish","4":"has-post-thumbnail","6":"product_brand-huub","7":"product_cat-accessoires","8":"product_cat-accessoires-eau-libre","9":"product_cat-course","10":"product_cat-sacs","11":"product_cat-triathlon","12":"zank_product_brands-huub","13":"nt-post-class","14":"","20":"first","21":"instock","22":"taxable","23":"shipping-taxable","24":"purchasable","25":"product-type-simple"},"_links":{"self":[{"href":"https:\/\/www.infinitri.be\/it\/wp-json\/wp\/v2\/product\/33110","targetHints":{"allow":["GET"]}}],"collection":[{"href":"https:\/\/www.infinitri.be\/it\/wp-json\/wp\/v2\/product"}],"about":[{"href":"https:\/\/www.infinitri.be\/it\/wp-json\/wp\/v2\/types\/product"}],"replies":[{"embeddable":true,"href":"https:\/\/www.infinitri.be\/it\/wp-json\/wp\/v2\/comments?post=33110"}],"wp:featuredmedia":[{"embeddable":true,"href":"https:\/\/www.infinitri.be\/it\/wp-json\/wp\/v2\/media\/33115"}],"wp:attachment":[{"href":"https:\/\/www.infinitri.be\/it\/wp-json\/wp\/v2\/media?parent=33110"}],"wp:term":[{"taxonomy":"product_brand","embeddable":true,"href":"https:\/\/www.infinitri.be\/it\/wp-json\/wp\/v2\/product_brand?post=33110"},{"taxonomy":"product_cat","embeddable":true,"href":"https:\/\/www.infinitri.be\/it\/wp-json\/wp\/v2\/product_cat?post=33110"},{"taxonomy":"product_tag","embeddable":true,"href":"https:\/\/www.infinitri.be\/it\/wp-json\/wp\/v2\/product_tag?post=33110"}],"curies":[{"name":"wp","href":"https:\/\/api.w.org\/{rel}","templated":true}]}}