{"id":33157,"date":"2025-12-26T15:28:03","date_gmt":"2025-12-26T15:28:03","guid":{"rendered":"https:\/\/www.infinitri.be\/?post_type=product&#038;p=33157"},"modified":"2026-04-04T17:34:43","modified_gmt":"2026-04-04T16:34:43","slug":"huub-combinaison-neoprene-huub-vengeance-35-homme","status":"publish","type":"product","link":"https:\/\/www.infinitri.be\/it\/prodotto\/huub-combinaison-neoprene-huub-vengeance-35-homme\/","title":{"rendered":"Huub - Tuta da uomo in neoprene Vengeance 3:5"},"content":{"rendered":"<p>Sur le march\u00e9 actuel des combinaisons de triathlon, l&#8217;hyperbole d\u00e9passe l&#8217;entendement. Nous voyons des avantages th\u00e9oriques qui ne sont que de la th\u00e9orie. Nous voyons un commentaire qui est enti\u00e8rement faux, qui n&#8217;a pas \u00e9t\u00e9 test\u00e9, qui n&#8217;a pas \u00e9t\u00e9 prouv\u00e9 et qui n&#8217;est qu&#8217;un moyen de justifier des prix exorbitants et d&#8217;abuser du consommateur. Nous voyons des prix de combinaisons d\u00e9passant les 1000 \u20ac !<\/p>\n<p>Notre combinaison Vengeance rassemble notre pass\u00e9 et s&#8217;oriente vers notre avenir, en tirant les le\u00e7ons des combinaisons pass\u00e9es qui ont permis d&#8217;atteindre le Saint Graal de la flexibilit\u00e9 et de la flottabilit\u00e9, mais maintenant avec l&#8217;ajout de contr\u00f4les de l&#8217;alignement du corps. Et nous pouvons encore offrir tout cela pour moins de 1000 \u20ac !<\/p>\n<p>N\u00e9opr\u00e8ne japonais ultra-extensible : Le n\u00e9opr\u00e8ne est fix\u00e9 \u00e0 la doublure extensible dans les quatre sens, puis plac\u00e9 strat\u00e9giquement \u00e0 l&#8217;int\u00e9rieur de la combinaison pour offrir une extensibilit\u00e9 sans compromis gr\u00e2ce \u00e0 la combinaison des mat\u00e9riaux. Les types 39 et 40 de Yamamoto sont pr\u00e9sents en abondance dans cette combinaison. Ce sont les deux seuls niveaux de Yamamoto qui comptent et font la diff\u00e9rence.<\/p>\n<p>+43 Foam\u2122 : La mousse de flottabilit\u00e9 +43 Foam\u2122 exclusive \u00e0 HUUB offre 43 % de flottabilit\u00e9 suppl\u00e9mentaire par rapport au n\u00e9opr\u00e8ne traditionnel. Des niveaux de flottabilit\u00e9 encore jamais vus puisque nous avons maintenant augment\u00e9 la taille des panneaux +43 Foam\u2122 et d\u00e9termin\u00e9 l&#8217;emplacement qui vous aide \u00e0 nager plus droit, ce qui vous rend plus contr\u00f4l\u00e9 et plus stable dans l&#8217;eau.<\/p>\n<p>Arms Neutral\u2122 : Technologie exclusive et en instance de brevet offrant une libert\u00e9 de rotation totalement in\u00e9gal\u00e9e et in\u00e9galable Rotational Freedom\u2122. En r\u00e9duisant la tension sur les bras et les \u00e9paules tout au long de la phase de rotation de la nage, nous sommes en mesure de minimiser les restrictions et les pics de restrictions en situant les bras \u00e0 90 degr\u00e9s par rapport au corps dans une position neutre d\u00e9finie.<\/p>\n<p><strong>Caract\u00e9ristiques principales\u00a0<\/strong><\/p>\n<ul>\n<li>Flottabilit\u00e9 3:5 exclusive \u00e0 HUUB<\/li>\n<li>Positionnement Arms Neutral\u2122 des \u00e9paules et des bras<\/li>\n<\/ul>\n<p>&nbsp;<\/p>","protected":false},"excerpt":{"rendered":"<p>Sur le march\u00e9 actuel des combinaisons de triathlon, l&#8217;hyperbole d\u00e9passe l&#8217;entendement. Nous voyons des avantages th\u00e9oriques qui ne sont que de la th\u00e9orie. Nous voyons un commentaire qui est enti\u00e8rement faux, qui n&#8217;a pas \u00e9t\u00e9 test\u00e9, qui n&#8217;a pas \u00e9t\u00e9 prouv\u00e9 et qui n&#8217;est qu&#8217;un moyen de justifier des prix exorbitants et d&#8217;abuser du consommateur&#8230;.<\/p>","protected":false},"featured_media":33201,"comment_status":"open","ping_status":"closed","template":"","meta":[],"product_brand":[286],"product_cat":[130,59],"product_tag":[],"class_list":{"0":"post-33157","1":"product","2":"type-product","3":"status-publish","4":"has-post-thumbnail","6":"product_brand-huub","7":"product_cat-combinaison-neoprene","8":"product_cat-triathlon","9":"zank_product_brands-huub","10":"nt-post-class","11":"","14":"excerpt-none","17":"first","18":"instock","19":"sale","20":"taxable","21":"shipping-taxable","22":"purchasable","23":"product-type-variable"},"_links":{"self":[{"href":"https:\/\/www.infinitri.be\/it\/wp-json\/wp\/v2\/product\/33157","targetHints":{"allow":["GET"]}}],"collection":[{"href":"https:\/\/www.infinitri.be\/it\/wp-json\/wp\/v2\/product"}],"about":[{"href":"https:\/\/www.infinitri.be\/it\/wp-json\/wp\/v2\/types\/product"}],"replies":[{"embeddable":true,"href":"https:\/\/www.infinitri.be\/it\/wp-json\/wp\/v2\/comments?post=33157"}],"wp:featuredmedia":[{"embeddable":true,"href":"https:\/\/www.infinitri.be\/it\/wp-json\/wp\/v2\/media\/33201"}],"wp:attachment":[{"href":"https:\/\/www.infinitri.be\/it\/wp-json\/wp\/v2\/media?parent=33157"}],"wp:term":[{"taxonomy":"product_brand","embeddable":true,"href":"https:\/\/www.infinitri.be\/it\/wp-json\/wp\/v2\/product_brand?post=33157"},{"taxonomy":"product_cat","embeddable":true,"href":"https:\/\/www.infinitri.be\/it\/wp-json\/wp\/v2\/product_cat?post=33157"},{"taxonomy":"product_tag","embeddable":true,"href":"https:\/\/www.infinitri.be\/it\/wp-json\/wp\/v2\/product_tag?post=33157"}],"curies":[{"name":"wp","href":"https:\/\/api.w.org\/{rel}","templated":true}]}}