{"id":33194,"date":"2025-12-26T15:30:49","date_gmt":"2025-12-26T15:30:49","guid":{"rendered":"https:\/\/www.infinitri.be\/?post_type=product&#038;p=33194"},"modified":"2026-04-04T17:34:35","modified_gmt":"2026-04-04T16:34:35","slug":"huub-pinnacle-femme","status":"publish","type":"product","link":"https:\/\/www.infinitri.be\/it\/prodotto\/huub-pinnacle-femme\/","title":{"rendered":"Huub - Pinnacle - Donna"},"content":{"rendered":"<p>&#8216;<br \/>\nPinnacle est un mot fort, qui d\u00e9signe l&#8217;ultime, le meilleur, et un niveau qui ne peut \u00eatre surpass\u00e9. L&#8217;associer \u00e0 une combinaison est audacieux, mais cette combinaison repr\u00e9sente un \u00e9quilibre entre les besoins de nombreux athl\u00e8tes et offre une solution compl\u00e8te aux d\u00e9fis du triathl\u00e8te moderne pour &#8221; nager plus vite &#8220;.<\/p>\n<p>Chez HUUB, nous avons un dicton : &#8220;si vous faites toujours ce que vous avez fait, vous obtiendrez toujours ce que vous avez obtenu&#8221;.<\/p>\n<p>La combinaison Pinnacle est con\u00e7ue pour offrir des avantages \u00e0 la plupart des nageurs. Et par l\u00e0, nous entendons les nageurs qui souffrent de jambes lourdes, de serpentins, de probl\u00e8mes d&#8217;extension et ceux dont la force centrale n&#8217;est pas la meilleure. C&#8217;est une combinaison qui corrige plus de d\u00e9fauts que n&#8217;importe quelle autre<\/p>\n<p>FLEXIBILIT\u00c9 :<br \/>\nLa flexibilit\u00e9 est essentielle pour une excellente combinaison. La Rotational Freedom\u2122 et la sensation No Suit\u2122 nous distinguent des combinaisons traditionnelles. Nous nous concentrons \u00e9galement sur les mat\u00e9riaux des doublures, leur cha\u00eene et leur trame, leur alignement directionnel et leur capacit\u00e9 \u00e0 s\u00e9cher rapidement et \u00e0 maintenir l&#8217;absorption d&#8217;humidit\u00e9 \u00e0 un minimum.<\/p>\n<p>Nous recherchons et analysons chaque type de n\u00e9opr\u00e8ne aupr\u00e8s des meilleurs fournisseurs au monde afin de garantir la parfaite ad\u00e9quation entre le tissu, le composite et le n\u00e9opr\u00e8ne. Cette combinaison apporte de la flexibilit\u00e9 l\u00e0 o\u00f9 c&#8217;est important et une s\u00e9curit\u00e9 d&#8217;ajustement pour r\u00e9duire les infiltrations et le &#8220;gonflement du n\u00e9opr\u00e8ne&#8221;.<\/p>\n<p>Apr\u00e8s des ann\u00e9es d&#8217;exp\u00e9rimentation, la combinaison Pinnacle est la combinaison ultime des types 39 et 40 de Yamamoto situ\u00e9s dans les panneaux cl\u00e9s pour maximiser la port\u00e9e et l&#8217;efficacit\u00e9 de la nage, augment\u00e9e par la combinaison de notre technologie Arms Neutral\u2122 de r\u00e9duction de la fatigue de la nage, en instance de brevet.<\/p>\n<p>CORE CONTROL\u2122 &amp; STABILITY :<br \/>\nLa stabilit\u00e9 est un \u00e9l\u00e9ment essentiel d&#8217;une bonne position de nage. En apportant de la stabilit\u00e9, la combinaison Pinnacle contribue \u00e0 r\u00e9duire la fatigue due aux vibrations. Notre technologie et notre conception tirent parti de chaque coup de bras pour vous aider \u00e0 vous propulser vers l&#8217;avant et \u00e0 transf\u00e9rer l&#8217;\u00e9nergie de la stabilisation du noyau au mouvement vers l&#8217;avant. Tout cela contribue \u00e0 une prise plus efficace, vous maintient dans une position de nage droite et serr\u00e9e et vous rend finalement plus rapide tout en utilisant moins d&#8217;\u00e9nergie.<\/p>\n<p>+43 FOAM\u2122 :<br \/>\nIl y a de nombreuses ann\u00e9es, nous avons d\u00e9pass\u00e9 le n\u00e9opr\u00e8ne pour les panneaux de portance cl\u00e9s lorsque nous avons introduit notre premier mat\u00e9riau composite, le NBR. Huit ans plus tard, la combinaison Pinnacle utilise un mat\u00e9riau composite qui est 43 % plus flottant que le n\u00e9opr\u00e8ne traditionnel, amenant les niveaux de portance \u00e0 un nouvel endroit (il offre en fait un profil de flottabilit\u00e9 virtuel de 2:8). La +43 Foam\u2122 est une exclusivit\u00e9 de HUUB et garantit des hanches et des cuisses plus hautes pour une nage plus efficace et plus rapide.<\/p>\n<p><!--themify_builder_static--><!--\/themify_builder_static--><\/p>","protected":false},"excerpt":{"rendered":"<p>CARACT\u00c9RISTIQUES PRINCIPALES :<br \/>\nUne collaboration exclusive avec Andy Potts<br \/>\nSyst\u00e8me Core Control\u2122<br \/>\n+43 Foam\u2122 &#8211; le mat\u00e9riau de flottabilit\u00e9 composite exclusif de HUUB<br \/>\nProfil de flottabilit\u00e9 exclusif HUUB, le meilleur de sa cat\u00e9gorie<br \/>\nArms Neutral\u2122 confort et flexibilit\u00e9 in\u00e9gal\u00e9s<br \/>\nBreakaway Zipper\u2122 pour les sorties de bain les plus rapides<\/p>","protected":false},"featured_media":33221,"comment_status":"open","ping_status":"closed","template":"","meta":[],"product_brand":[286],"product_cat":[130,59],"product_tag":[],"class_list":{"0":"post-33194","1":"product","2":"type-product","3":"status-publish","4":"has-post-thumbnail","6":"product_brand-huub","7":"product_cat-combinaison-neoprene","8":"product_cat-triathlon","9":"zank_product_brands-huub","10":"nt-post-class","11":"","17":"first","18":"instock","19":"taxable","20":"shipping-taxable","21":"purchasable","22":"product-type-variable"},"_links":{"self":[{"href":"https:\/\/www.infinitri.be\/it\/wp-json\/wp\/v2\/product\/33194","targetHints":{"allow":["GET"]}}],"collection":[{"href":"https:\/\/www.infinitri.be\/it\/wp-json\/wp\/v2\/product"}],"about":[{"href":"https:\/\/www.infinitri.be\/it\/wp-json\/wp\/v2\/types\/product"}],"replies":[{"embeddable":true,"href":"https:\/\/www.infinitri.be\/it\/wp-json\/wp\/v2\/comments?post=33194"}],"wp:featuredmedia":[{"embeddable":true,"href":"https:\/\/www.infinitri.be\/it\/wp-json\/wp\/v2\/media\/33221"}],"wp:attachment":[{"href":"https:\/\/www.infinitri.be\/it\/wp-json\/wp\/v2\/media?parent=33194"}],"wp:term":[{"taxonomy":"product_brand","embeddable":true,"href":"https:\/\/www.infinitri.be\/it\/wp-json\/wp\/v2\/product_brand?post=33194"},{"taxonomy":"product_cat","embeddable":true,"href":"https:\/\/www.infinitri.be\/it\/wp-json\/wp\/v2\/product_cat?post=33194"},{"taxonomy":"product_tag","embeddable":true,"href":"https:\/\/www.infinitri.be\/it\/wp-json\/wp\/v2\/product_tag?post=33194"}],"curies":[{"name":"wp","href":"https:\/\/api.w.org\/{rel}","templated":true}]}}