{"id":33782,"date":"2025-12-26T16:43:24","date_gmt":"2025-12-26T16:43:24","guid":{"rendered":"https:\/\/www.infinitri.be\/?post_type=product&#038;p=33782"},"modified":"2026-04-04T17:32:16","modified_gmt":"2026-04-04T16:32:16","slug":"r2-3-0-estate-blue","status":"publish","type":"product","link":"https:\/\/www.infinitri.be\/it\/prodotto\/r2-3-0-estate-blue\/","title":{"rendered":"R2 3.0 Estate blu"},"content":{"rendered":"","protected":false},"excerpt":{"rendered":"<p>Le nouveau R2 3.0 de Compressport est l&#8217;\u00e9volution des embl\u00e9matiques manchons de mollets R2v2 de Compressport. Le R2 3.0 augmente la stabilit\u00e9 et r\u00e9duit les chocs sur tous les terrains o\u00f9 vous courez. <\/p>","protected":false},"featured_media":33834,"comment_status":"open","ping_status":"closed","template":"","meta":[],"product_brand":[329],"product_cat":[155,16,59],"product_tag":[],"class_list":{"0":"post-33782","1":"product","2":"type-product","3":"status-publish","4":"has-post-thumbnail","6":"product_brand-compressport","7":"product_cat-compression","8":"product_cat-course","9":"product_cat-triathlon","10":"zank_product_brands-compressport","11":"nt-post-class","12":"","18":"first","19":"instock","20":"taxable","21":"shipping-taxable","22":"purchasable","23":"product-type-variable"},"_links":{"self":[{"href":"https:\/\/www.infinitri.be\/it\/wp-json\/wp\/v2\/product\/33782","targetHints":{"allow":["GET"]}}],"collection":[{"href":"https:\/\/www.infinitri.be\/it\/wp-json\/wp\/v2\/product"}],"about":[{"href":"https:\/\/www.infinitri.be\/it\/wp-json\/wp\/v2\/types\/product"}],"replies":[{"embeddable":true,"href":"https:\/\/www.infinitri.be\/it\/wp-json\/wp\/v2\/comments?post=33782"}],"wp:featuredmedia":[{"embeddable":true,"href":"https:\/\/www.infinitri.be\/it\/wp-json\/wp\/v2\/media\/33834"}],"wp:attachment":[{"href":"https:\/\/www.infinitri.be\/it\/wp-json\/wp\/v2\/media?parent=33782"}],"wp:term":[{"taxonomy":"product_brand","embeddable":true,"href":"https:\/\/www.infinitri.be\/it\/wp-json\/wp\/v2\/product_brand?post=33782"},{"taxonomy":"product_cat","embeddable":true,"href":"https:\/\/www.infinitri.be\/it\/wp-json\/wp\/v2\/product_cat?post=33782"},{"taxonomy":"product_tag","embeddable":true,"href":"https:\/\/www.infinitri.be\/it\/wp-json\/wp\/v2\/product_tag?post=33782"}],"curies":[{"name":"wp","href":"https:\/\/api.w.org\/{rel}","templated":true}]}}