{"id":34468,"date":"2025-12-26T19:25:58","date_gmt":"2025-12-26T19:25:58","guid":{"rendered":"https:\/\/www.infinitri.be\/?post_type=product&#038;p=34468"},"modified":"2026-04-04T17:31:52","modified_gmt":"2026-04-04T16:31:52","slug":"pro-racing-socks-v4-0-run-high-blues-green-sheen","status":"publish","type":"product","link":"https:\/\/www.infinitri.be\/it\/prodotto\/pro-racing-socks-v4-0-run-high-blues-green-sheen\/","title":{"rendered":"Pro Racing Socks v4.0 Run High Blues verde lucido"},"content":{"rendered":"<p><!--themify_builder_static--><\/p>\n<h1 style=\"text-align: center\">Descrizione \u2699<\/h1>\n<p>Les performances \u00e9voluent. Et les chaussettes de course aussi. Pour la toute nouvelle g\u00e9n\u00e9ration de notre best-seller Pro Racing Socks Run, nous avons demand\u00e9 aux coureurs de Compressport de nous dire exactement ce qu&#8217;ils aimaient, ce dont ils avaient besoin et ce qu&#8217;ils voulaient. Le r\u00e9sultat est une chaussette de course sp\u00e9cialement con\u00e7ue pour offrir une a\u00e9ration optimale et une protection contre les ampoules lorsque vous vous dirigez vers votre prochain record. Le tissage technique est l\u00e9ger et a\u00e9r\u00e9, il \u00e9vacue rapidement l&#8217;humidit\u00e9 pour que vos pieds restent frais et secs, m\u00eame dans des conditions plus chaudes. Une toute nouvelle bo\u00eete \u00e0 orteils plus large offre un ajustement plus ergonomique et une meilleure proprioception, permettant aux orteils de s&#8217;agripper intuitivement \u00e0 la r\u00e9ception pour une foul\u00e9e naturelle et fluide.\u00a0<br \/>\n<img fetchpriority=\"high\" decoding=\"async\" src=\"https:\/\/infinitri.be\/wp-content\/uploads\/2023\/02\/pro-racing-socks-v4-run-high-primerose-fjord-blue-545x545.jpg\" width=\"545\" height=\"545\" title=\"pro-racing-socks-v4-run-high-primerose-fjord-blue\" alt=\"pro-racing-socks-v4-run-high-primerose-fjord-blue\" \/><\/p>\n<h1>Specifiche tecniche<\/h1>\n<p style=\"text-align: left\">Diff\u00e9rentes \u00e9paisseurs de points pour une protection cibl\u00e9e dans les zones cl\u00e9s et une meilleure ventilation et adh\u00e9rence du pied dans la chaussure.<\/p>\n<p style=\"text-align: left\">Tissu l\u00e9ger et hautement ventil\u00e9, assurant l&#8217;\u00e9vacuation rapide de la sueur et de l&#8217;humidit\u00e9 pour que les pieds restent frais et secs.<\/p>\n<p style=\"text-align: left\">Pr\u00e9vention des ampoules gr\u00e2ce \u00e0 un ajustement ergonomique, une vo\u00fbte plantaire serr\u00e9e et un rembourrage en tissu \u00e9ponge sur le gros orteil.<\/p>\n<p>    <em style=\"color:#000000\"><\/em> <\/p>\n<p style=\"text-align: left\">ABSORPTION DES CHOCS\u00a0 \u2605\u2605<\/p>\n<p>    <em style=\"color:#000000\"><\/em> <\/p>\n<p>PROTECTION \u2605\u2605<\/p>\n<p>    <em style=\"color:#000000\"><\/em> <\/p>\n<p style=\"text-align: left\">RESPIRABILITE \u2605\u2605<\/p>\n<p>    <em style=\"color:#000000\"><\/em> <\/p>\n<p>SUPPORT \u2605\u2605<\/p>\n<h1 style=\"text-align: center\">Materiale \ud83d\udc56<\/h1>\n<p>95% Polyamide, 5% Elastane<\/p>\n<p><img decoding=\"async\" src=\"https:\/\/www.compressport.com\/inter\/img\/prods_entretien.png\" \/><\/p>\n<p><img decoding=\"async\" src=\"https:\/\/infinitri.be\/wp-content\/uploads\/2023\/02\/pro-racing-socks-v4-run-high-black-red-1-545x545.jpg\" width=\"545\" height=\"545\" title=\"pro-racing-socks-v4-run-high-black-red (1)\" alt=\"pro-racing-socks-v4-run-high-black-red (1)\" \/><br \/>\n<img decoding=\"async\" src=\"https:\/\/infinitri.be\/wp-content\/uploads\/2023\/02\/pro-racing-socks-v4-run-high-black-red-545x545.jpg\" width=\"545\" height=\"545\" title=\"pro-racing-socks-v4-run-high-black-red\" alt=\"pro-racing-socks-v4-run-high-black-red\" \/><\/p>\n<h1 style=\"text-align: center\">Maggiori informazioni\ud83d\udca1<\/h1>\n<p style=\"text-align: left\">Un tricot l\u00e9ger autour de la cheville offre un soutien cibl\u00e9 lorsque vous acc\u00e9l\u00e9rez le rythme, tandis qu&#8217;un rembourrage en tissu \u00e9ponge sur le gros orteil vous \u00e9vite d&#8217;avoir les ongles noircis lors des courses plus longues. Le support de vo\u00fbte plantaire moyen stimule la microcirculation et emp\u00eache le tissu de se tordre et de se plier, vous \u00e9vitant ainsi les ampoules et les irritations douloureuses. Au-dessus du tendon d&#8217;Achille, deux lignes de 3D.Dots ajoutent protection et soutien. Elles entourent une rang\u00e9e de tout nouveaux Flat.Dots pour une meilleure ventilation. Sous le pied, un motif de 3D.Dots (75 %) et de Flat.Dots (25 %) amortit les impacts et offre une adh\u00e9rence et une ventilation suppl\u00e9mentaires, ainsi qu&#8217;une l\u00e9g\u00e8re micro-stimulation, ce qui permet d&#8217;augmenter le retour veineux et de retarder la fatigue au fur et \u00e0 mesure que les kilom\u00e8tres s&#8217;accumulent.La hauteur est inf\u00e9rieure \u00e0 celle des mod\u00e8les de trail et de v\u00e9lo, avec un ajustement et des technologies sp\u00e9cialement con\u00e7us pour les exigences de la course sur route. Une languette ergonomique \u00e0 l&#8217;arri\u00e8re ajoute une touche de confort et de style et, si vous oubliez pour quelle activit\u00e9 vous vous appr\u00eatez \u00e0 sortir, la discipline est discr\u00e8tement brod\u00e9e \u00e0 l&#8217;int\u00e9rieur. Le design \u00e9l\u00e9gant de cette chaussette high-tech est fid\u00e8le \u00e0 notre ADN de performance, il ne vous reste donc plus qu&#8217;\u00e0 prendre la route avec vitesse, confort et classe.<\/p>\n<p><!--\/themify_builder_static--><\/p>","protected":false},"excerpt":{"rendered":"<p>I calzini Compressport Pro Racing Socks v4.0 Run High offrono il massimo comfort, prevengono le vesciche e garantiscono una ventilazione ottimale durante le gare.<\/p>","protected":false},"featured_media":34511,"comment_status":"open","ping_status":"closed","template":"","meta":[],"product_brand":[329],"product_cat":[207,16],"product_tag":[],"class_list":{"0":"post-34468","1":"product","2":"type-product","3":"status-publish","4":"has-post-thumbnail","6":"product_brand-compressport","7":"product_cat-chaussettes-running","8":"product_cat-course","9":"zank_product_brands-compressport","10":"nt-post-class","11":"","17":"first","18":"outofstock","19":"taxable","20":"shipping-taxable","21":"purchasable","22":"product-type-variable"},"_links":{"self":[{"href":"https:\/\/www.infinitri.be\/it\/wp-json\/wp\/v2\/product\/34468","targetHints":{"allow":["GET"]}}],"collection":[{"href":"https:\/\/www.infinitri.be\/it\/wp-json\/wp\/v2\/product"}],"about":[{"href":"https:\/\/www.infinitri.be\/it\/wp-json\/wp\/v2\/types\/product"}],"replies":[{"embeddable":true,"href":"https:\/\/www.infinitri.be\/it\/wp-json\/wp\/v2\/comments?post=34468"}],"wp:featuredmedia":[{"embeddable":true,"href":"https:\/\/www.infinitri.be\/it\/wp-json\/wp\/v2\/media\/34511"}],"wp:attachment":[{"href":"https:\/\/www.infinitri.be\/it\/wp-json\/wp\/v2\/media?parent=34468"}],"wp:term":[{"taxonomy":"product_brand","embeddable":true,"href":"https:\/\/www.infinitri.be\/it\/wp-json\/wp\/v2\/product_brand?post=34468"},{"taxonomy":"product_cat","embeddable":true,"href":"https:\/\/www.infinitri.be\/it\/wp-json\/wp\/v2\/product_cat?post=34468"},{"taxonomy":"product_tag","embeddable":true,"href":"https:\/\/www.infinitri.be\/it\/wp-json\/wp\/v2\/product_tag?post=34468"}],"curies":[{"name":"wp","href":"https:\/\/api.w.org\/{rel}","templated":true}]}}