{"id":35374,"date":"2025-12-26T21:09:37","date_gmt":"2025-12-26T21:09:37","guid":{"rendered":"https:\/\/www.infinitri.be\/?post_type=product&#038;p=35374"},"modified":"2026-04-23T20:41:24","modified_gmt":"2026-04-23T19:41:24","slug":"arena-powerskin-st-leopard-limited-next-jammer-garcon","status":"publish","type":"product","link":"https:\/\/www.infinitri.be\/it\/prodotto\/arena-powerskin-st-leopard-limited-next-jammer-garcon\/","title":{"rendered":"Arena \u2013 Powerskin ST Leopard Limited Next Jammer \u2013 Ragazzo"},"content":{"rendered":"<p>Edition limit\u00e9e exclusive de la couleur. Plongez dans la prochaine g\u00e9n\u00e9ration et contribuez \u00e0 la r\u00e9duction des d\u00e9chets \u00e0 chaque mouvement.<\/p>\n<p>Caratteristiche:<\/p>\n<ul>\n<li>60 % del tessuto proviene da materiali destinati alla discarica.<\/li>\n<li>Il tessuto migliorato assorbe meno acqua ed \u00e8 20 % pi\u00f9 leggero rispetto al precedente ST 2.0.<\/li>\n<li>La memoria migliorata del tessuto garantisce una compressione e prestazioni pi\u00f9 durature nel tempo.<\/li>\n<li>La composizione del tessuto resiste allo stiramento e migliora la durata.<\/li>\n<li>Il design rinforzato degli spallacci offre maggiore comfort e durata nei modelli con schienale aperto.<\/li>\n<li>La prima tuta da corsa sostenibile approvata da <strong>FINA<\/strong>.<\/li>\n<p><!--themify_builder_static--><iframe title=\"Il primo costume da gara approvato dalla FINA realizzato con tessuto riciclato: arena Powerskin ST NEXT\" width=\"960\" height=\"540\" src=\"https:\/\/www.youtube.com\/embed\/4FmvfvPoPFo?feature=oembed\" frameborder=\"0\" allow=\"accelerometer; autoplay; clipboard-write; encrypted-media; gyroscope; picture-in-picture; web-share\" referrerpolicy=\"strict-origin-when-cross-origin\" allowfullscreen><\/iframe><!--\/themify_builder_static--><\/p>","protected":false},"excerpt":{"rendered":"<p>Arena \u00e8 orgogliosa di presentare POWERSKIN ST NEXT, la prima muta da gara sostenibile. Tutto ci\u00f2 che avete apprezzato della ST 2.0 \u00e8 ora pi\u00f9 leggero, pi\u00f9 veloce e pi\u00f9 ecologico.<\/p>\n<p>Oltre ai vantaggi legati alla durata, il POWERSKIN ST Next Jammer Junior presenta anche notevoli miglioramenti in termini di prestazioni. Innanzitutto, \u00e8 pi\u00f9 leggero del 20% rispetto al modello ST 2.0 grazie a un minore assorbimento d'acqua. La muta ha anche una migliore memoria del tessuto, che garantisce una compressione e prestazioni pi\u00f9 durature nel tempo.<\/p>\n<p>&nbsp;<\/p>","protected":false},"featured_media":35443,"comment_status":"open","ping_status":"closed","template":"","meta":[],"product_brand":[326],"product_cat":[60,126,41],"product_tag":[],"class_list":{"0":"post-35374","1":"product","2":"type-product","3":"status-publish","4":"has-post-thumbnail","6":"product_brand-arena","7":"product_cat-fina","8":"product_cat-maillot-competition","9":"product_cat-natation","10":"zank_product_brands-arena","11":"nt-post-class","12":"","18":"first","19":"instock","20":"taxable","21":"shipping-taxable","22":"purchasable","23":"product-type-variable"},"_links":{"self":[{"href":"https:\/\/www.infinitri.be\/it\/wp-json\/wp\/v2\/product\/35374","targetHints":{"allow":["GET"]}}],"collection":[{"href":"https:\/\/www.infinitri.be\/it\/wp-json\/wp\/v2\/product"}],"about":[{"href":"https:\/\/www.infinitri.be\/it\/wp-json\/wp\/v2\/types\/product"}],"replies":[{"embeddable":true,"href":"https:\/\/www.infinitri.be\/it\/wp-json\/wp\/v2\/comments?post=35374"}],"wp:featuredmedia":[{"embeddable":true,"href":"https:\/\/www.infinitri.be\/it\/wp-json\/wp\/v2\/media\/35443"}],"wp:attachment":[{"href":"https:\/\/www.infinitri.be\/it\/wp-json\/wp\/v2\/media?parent=35374"}],"wp:term":[{"taxonomy":"product_brand","embeddable":true,"href":"https:\/\/www.infinitri.be\/it\/wp-json\/wp\/v2\/product_brand?post=35374"},{"taxonomy":"product_cat","embeddable":true,"href":"https:\/\/www.infinitri.be\/it\/wp-json\/wp\/v2\/product_cat?post=35374"},{"taxonomy":"product_tag","embeddable":true,"href":"https:\/\/www.infinitri.be\/it\/wp-json\/wp\/v2\/product_tag?post=35374"}],"curies":[{"name":"wp","href":"https:\/\/api.w.org\/{rel}","templated":true}]}}