{"id":35466,"date":"2025-12-26T21:16:08","date_gmt":"2025-12-26T21:16:08","guid":{"rendered":"https:\/\/www.infinitri.be\/?post_type=product&#038;p=35466"},"modified":"2026-04-04T18:45:06","modified_gmt":"2026-04-04T17:45:06","slug":"huub-bonnet-silicone-noir-mat","status":"publish","type":"product","link":"https:\/\/www.infinitri.be\/it\/prodotto\/huub-bonnet-silicone-noir-mat\/","title":{"rendered":"Huub - Cappellino in silicone nero opaco"},"content":{"rendered":"<p><strong>Le bonnet de bain en silicone HUUB est disponible en plusieurs couleurs.<\/strong><\/p>\n<p>Con\u00e7u pour aider \u00e0 prot\u00e9ger vos cheveux des rigueurs du chlore gr\u00e2ce \u00e0 sa forme moul\u00e9e plate tr\u00e8s extensible. L\u00e9ger et hypoallerg\u00e9nique, le silicone souple permet \u00e0 la t\u00eate de respirer et all\u00e8ge les s\u00e9ances d&#8217;entra\u00eenement de natation les plus exigeantes.<\/p>\n<ul>\n<li>100% silicone moul\u00e9 \u00e0 plat<\/li>\n<li>L\u00e9ger<\/li>\n<li>Excellente durabilit\u00e9<\/li>\n<li>Forme sans plis pour un profil de tra\u00een\u00e9e r\u00e9duit<\/li>\n<li>Grande \u00e9lasticit\u00e9 pour un ajustement confortable<\/li>\n<li>Tissu souple pour un retrait rapide et sans accrochage<\/li>\n<li>Excellent rapport qualit\u00e9-prix<\/li>\n<\/ul>\n<p>&nbsp;<\/p>\n<p>&nbsp;<\/p>","protected":false},"excerpt":{"rendered":"<p><strong>Le bonnet de bain en silicone HUUB est disponible en plusieurs couleurs.<\/strong><\/p>\n<p>Con\u00e7u pour aider \u00e0 prot\u00e9ger vos cheveux des rigueurs du chlore gr\u00e2ce \u00e0 sa forme moul\u00e9e plate tr\u00e8s extensible. L\u00e9ger et hypoallerg\u00e9nique, le silicone souple permet \u00e0 la t\u00eate de respirer et all\u00e8ge les s\u00e9ances d&#8217;entra\u00eenement de natation les plus exigeantes.<\/p>","protected":false},"featured_media":35503,"comment_status":"open","ping_status":"closed","template":"","meta":[],"product_brand":[286],"product_cat":[40,43,15],"product_tag":[259,260,261,263,264,265,266,202,267,274,279,268,269,280,276,277],"class_list":{"0":"post-35466","1":"product","2":"type-product","3":"status-publish","4":"has-post-thumbnail","6":"product_brand-huub","7":"product_cat-accessoires","8":"product_cat-bonnet","9":"product_cat-non-classe","10":"product_tag-2025brochure","11":"product_tag-4882-sale","12":"product_tag-4882active","13":"product_tag-bhgof24","14":"product_tag-fathers","15":"product_tag-fathersday24","16":"product_tag-full","17":"product_tag-gendermens","18":"product_tag-genderwomens","19":"product_tag-gift","20":"product_tag-mens-swim","21":"product_tag-muuvrfull","22":"product_tag-notpodium24","23":"product_tag-outlaw","24":"product_tag-swim-all","25":"product_tag-womens-swim","26":"zank_product_brands-huub","27":"nt-post-class","28":"","34":"first","35":"instock","36":"taxable","37":"shipping-taxable","38":"purchasable","39":"product-type-variable"},"_links":{"self":[{"href":"https:\/\/www.infinitri.be\/it\/wp-json\/wp\/v2\/product\/35466","targetHints":{"allow":["GET"]}}],"collection":[{"href":"https:\/\/www.infinitri.be\/it\/wp-json\/wp\/v2\/product"}],"about":[{"href":"https:\/\/www.infinitri.be\/it\/wp-json\/wp\/v2\/types\/product"}],"replies":[{"embeddable":true,"href":"https:\/\/www.infinitri.be\/it\/wp-json\/wp\/v2\/comments?post=35466"}],"wp:featuredmedia":[{"embeddable":true,"href":"https:\/\/www.infinitri.be\/it\/wp-json\/wp\/v2\/media\/35503"}],"wp:attachment":[{"href":"https:\/\/www.infinitri.be\/it\/wp-json\/wp\/v2\/media?parent=35466"}],"wp:term":[{"taxonomy":"product_brand","embeddable":true,"href":"https:\/\/www.infinitri.be\/it\/wp-json\/wp\/v2\/product_brand?post=35466"},{"taxonomy":"product_cat","embeddable":true,"href":"https:\/\/www.infinitri.be\/it\/wp-json\/wp\/v2\/product_cat?post=35466"},{"taxonomy":"product_tag","embeddable":true,"href":"https:\/\/www.infinitri.be\/it\/wp-json\/wp\/v2\/product_tag?post=35466"}],"curies":[{"name":"wp","href":"https:\/\/api.w.org\/{rel}","templated":true}]}}