{"id":35492,"date":"2025-12-26T21:16:55","date_gmt":"2025-12-26T21:16:55","guid":{"rendered":"https:\/\/www.infinitri.be\/?post_type=product&#038;p=35492"},"modified":"2026-04-04T17:34:35","modified_gmt":"2026-04-04T16:34:35","slug":"huub-heated-pant-avec-batterie","status":"publish","type":"product","link":"https:\/\/www.infinitri.be\/it\/prodotto\/huub-heated-pant-avec-batterie\/","title":{"rendered":"Huub - Pantaloni riscaldati con batteria"},"content":{"rendered":"<p>. Le pantalon est optimis\u00e9 pour l\u00b4apr\u00e8s \u00e9chauffement afin de chauffer activement les mollets, les ischio-jambiers et les quadriceps, vous donnant un avantage suppl\u00e9mentaire en comp\u00e9tition, des performances cyclistes de classe mondiale aux remplacements de football .La chaleur fournit les gains dont vous avez besoin pour performer au mieux de vos capacit\u00e9s.<\/p>\n<p>Le pantalon chauffant am\u00e9liore \u00e9galement la r\u00e9cup\u00e9ration en stimulant le flux sanguin dans des zones sp\u00e9cifiques, augmentant ainsi l\u00b4\u00e9limination du lactate sanguin, r\u00e9duisant l\u00b4inflammation et l\u00b4accumulation de liquide. Enfilez le pantalon chauffant apr\u00e8s la comp\u00e9tition ou apr\u00e8s l\u00b4entra\u00eenement pour commencer \u00e0 constater une r\u00e9cup\u00e9ration plus rapide. Incluez le dans le cadre de votre routine de r\u00e9cup\u00e9ration active, pour obtenir les m\u00eames avantages sans utiliser autant d\u00b4\u00e9nergie. Acc\u00e9l\u00e9rez la r\u00e9cup\u00e9ration et r\u00e9duisez l\u00b4apparition de courbatures (douleurs musculaires d\u00b4apparition retard\u00e9e), de raideurs ou de douleurs, et augmentez l\u00b4amplitude des mouvements articulaires gr\u00e2ce \u00e0 une augmentation du flux sanguin et de l\u00b4\u00e9limination des d\u00e9chets cellulaires.<\/p>\n<p>Batterie externe:<br \/>\n&#8211; Les batteries de 5000 mAh alimentent chacune des jambes du pantalon chauffant ind\u00e9pendamment, avec jusqu\u00b4\u00e0 2 heures de chaleur active au r\u00e9glage de performance optimal de 43 degr\u00e9s et 5 heures au r\u00e9glage de 35 degr\u00e9s. Les batteries se placent dans chaque poche, permettant une mobilit\u00e9 totale dans le pantalon sans aucune restriction de mouvement, et les voyants LED vous aident \u00e0 garder une trace de la charge restante.<\/p>\n<p>Chargeur:<br \/>\n&#8211; Charge rapide<br \/>\n&#8211; Double charge pour charger les deux batteries en m\u00eame temps<br \/>\n&#8211; Compatibilit\u00e9 internationale des prises<\/p>\n<p>&nbsp;<\/p>","protected":false},"excerpt":{"rendered":"<p>Caract\u00e9ristiques:<\/p>\n<p>&#8211; Conception scientifique pour des performances sportives optimales<br \/>\n&#8211; Chauffage actif \u00e0 43 degr\u00e9s<br \/>\n&#8211; Aide \u00e0 la r\u00e9cup\u00e9ration<br \/>\n&#8211; R\u00e9duit les risques de blessures<br \/>\n&#8211; Permet une mobilit\u00e9 totale pour l\u00b4\u00e9chauffement pr\u00e9exercice<br \/>\n&#8211; Jambes enti\u00e8rement zipp\u00e9es pour un retrait facile (pas besoin de retirer les chaussures)<\/p>","protected":false},"featured_media":35529,"comment_status":"open","ping_status":"closed","template":"","meta":[],"product_brand":[286],"product_cat":[40,140,57,139,17,16,39,37,15,141,59],"product_tag":[],"class_list":{"0":"post-35492","1":"product","2":"type-product","3":"status-publish","4":"has-post-thumbnail","6":"product_brand-huub","7":"product_cat-accessoires","8":"product_cat-accessoires-cyclisme","9":"product_cat-accessoires-natation","10":"product_cat-accessoires-running","11":"product_cat-bas","12":"product_cat-course","13":"product_cat-cuissards","14":"product_cat-cyclisme","15":"product_cat-non-classe","16":"product_cat-outlet","17":"product_cat-triathlon","18":"zank_product_brands-huub","19":"nt-post-class","20":"","26":"first","27":"instock","28":"sale","29":"taxable","30":"shipping-taxable","31":"purchasable","32":"product-type-variable"},"_links":{"self":[{"href":"https:\/\/www.infinitri.be\/it\/wp-json\/wp\/v2\/product\/35492","targetHints":{"allow":["GET"]}}],"collection":[{"href":"https:\/\/www.infinitri.be\/it\/wp-json\/wp\/v2\/product"}],"about":[{"href":"https:\/\/www.infinitri.be\/it\/wp-json\/wp\/v2\/types\/product"}],"replies":[{"embeddable":true,"href":"https:\/\/www.infinitri.be\/it\/wp-json\/wp\/v2\/comments?post=35492"}],"wp:featuredmedia":[{"embeddable":true,"href":"https:\/\/www.infinitri.be\/it\/wp-json\/wp\/v2\/media\/35529"}],"wp:attachment":[{"href":"https:\/\/www.infinitri.be\/it\/wp-json\/wp\/v2\/media?parent=35492"}],"wp:term":[{"taxonomy":"product_brand","embeddable":true,"href":"https:\/\/www.infinitri.be\/it\/wp-json\/wp\/v2\/product_brand?post=35492"},{"taxonomy":"product_cat","embeddable":true,"href":"https:\/\/www.infinitri.be\/it\/wp-json\/wp\/v2\/product_cat?post=35492"},{"taxonomy":"product_tag","embeddable":true,"href":"https:\/\/www.infinitri.be\/it\/wp-json\/wp\/v2\/product_tag?post=35492"}],"curies":[{"name":"wp","href":"https:\/\/api.w.org\/{rel}","templated":true}]}}