{"id":35653,"date":"2025-12-26T21:36:30","date_gmt":"2025-12-26T21:36:30","guid":{"rendered":"https:\/\/www.infinitri.be\/?post_type=product&#038;p=35653"},"modified":"2026-04-04T17:34:26","modified_gmt":"2026-04-04T16:34:26","slug":"huub-open-water-collective-hoodie-cranberry","status":"publish","type":"product","link":"https:\/\/www.infinitri.be\/it\/prodotto\/huub-open-water-collective-hoodie-cranberry\/","title":{"rendered":"Felpa con cappuccio Huub Open Water Collective \u2013 Cranberry"},"content":{"rendered":"<h4>\n<strong>OWC HOODIE<\/strong><\/h4>\n<h4><\/h4>","protected":false},"excerpt":{"rendered":"<p>Hoodies open water<\/p>\n<ul>\n<li>Fabriqu\u00e9 dans un tissu \u00e9pais, ultra doux au toucher, finition p\u00eache.<\/li>\n<li>Capuche en tissu gaufr\u00e9 \u00e0 3 panneaux.<\/li>\n<li>Poche kangourou avec poche cach\u00e9e pour iPod et t\u00e9l\u00e9phone.<\/li>\n<li>Ourlet et poignet c\u00f4tel\u00e9s avec trou pour le pouce.<\/li>\n<li>Couture doubl\u00e9\u00e9\u00a0 avec bande de propret\u00e9 au niveau de l&#8217;encolure<\/li>\n<\/ul>","protected":false},"featured_media":35686,"comment_status":"open","ping_status":"closed","template":"","meta":[],"product_brand":[286],"product_cat":[15,141,59],"product_tag":[],"class_list":{"0":"post-35653","1":"product","2":"type-product","3":"status-publish","4":"has-post-thumbnail","6":"product_brand-huub","7":"product_cat-non-classe","8":"product_cat-outlet","9":"product_cat-triathlon","10":"zank_product_brands-huub","11":"nt-post-class","12":"","18":"first","19":"instock","20":"sale","21":"taxable","22":"shipping-taxable","23":"purchasable","24":"product-type-variable"},"_links":{"self":[{"href":"https:\/\/www.infinitri.be\/it\/wp-json\/wp\/v2\/product\/35653","targetHints":{"allow":["GET"]}}],"collection":[{"href":"https:\/\/www.infinitri.be\/it\/wp-json\/wp\/v2\/product"}],"about":[{"href":"https:\/\/www.infinitri.be\/it\/wp-json\/wp\/v2\/types\/product"}],"replies":[{"embeddable":true,"href":"https:\/\/www.infinitri.be\/it\/wp-json\/wp\/v2\/comments?post=35653"}],"wp:featuredmedia":[{"embeddable":true,"href":"https:\/\/www.infinitri.be\/it\/wp-json\/wp\/v2\/media\/35686"}],"wp:attachment":[{"href":"https:\/\/www.infinitri.be\/it\/wp-json\/wp\/v2\/media?parent=35653"}],"wp:term":[{"taxonomy":"product_brand","embeddable":true,"href":"https:\/\/www.infinitri.be\/it\/wp-json\/wp\/v2\/product_brand?post=35653"},{"taxonomy":"product_cat","embeddable":true,"href":"https:\/\/www.infinitri.be\/it\/wp-json\/wp\/v2\/product_cat?post=35653"},{"taxonomy":"product_tag","embeddable":true,"href":"https:\/\/www.infinitri.be\/it\/wp-json\/wp\/v2\/product_tag?post=35653"}],"curies":[{"name":"wp","href":"https:\/\/api.w.org\/{rel}","templated":true}]}}