{"id":35655,"date":"2025-12-26T21:36:30","date_gmt":"2025-12-26T21:36:30","guid":{"rendered":"https:\/\/www.infinitri.be\/?post_type=product&#038;p=35655"},"modified":"2026-04-04T17:36:27","modified_gmt":"2026-04-04T16:36:27","slug":"neoprene-vest-unisex","status":"publish","type":"product","link":"https:\/\/www.infinitri.be\/it\/prodotto\/neoprene-vest-unisex\/","title":{"rendered":"Gilet in neoprene - Unisex"},"content":{"rendered":"<p><strong>Plus de chaleur en eau libre<\/strong><br data-mce-fragment=\"1\"><br data-mce-fragment=\"1\">La veste en n\u00e9opr\u00e8ne est un v\u00eatement multifonctionnel qui peut \u00eatre superpos\u00e9 ou utilis\u00e9 seul. Que vous la portiez sous votre combinaison de plong\u00e9e pour ajouter une couche suppl\u00e9mentaire et fournir un suppl\u00e9ment de chaleur qui vous permettra de rester dans l&#8217;eau pendant les mois d&#8217;hiver, ou que vous la portiez seule par-dessus votre maillot de bain en \u00e9t\u00e9, c&#8217;est un compl\u00e9ment parfait \u00e0 vos accessoires pour l&#8217;eau libre.<br data-mce-fragment=\"1\"><br data-mce-fragment=\"1\">Le n\u00e9opr\u00e8ne super extensible \u00e0 doublure quadri-directionnelle cr\u00e9e un ajustement doux et confortable sans entraver votre vitesse de nage, offrant une solution parfaite pour les courses en eaux froides telles que le Norseman Triathlon.\u00a0<\/p>\n<p><a href=\"https:\/\/huubdesign.com\/pages\/refund-policy\">Informazioni sulla garanzia<\/a><\/p>\n<ul><\/ul>\n<ul><\/ul>\n<h4><\/h4>","protected":false},"excerpt":{"rendered":"<p>Plus de chaleur en eau libreLa veste en n\u00e9opr\u00e8ne est un v\u00eatement multifonctionnel qui peut \u00eatre superpos\u00e9 ou utilis\u00e9 seul. Que vous la portiez sous votre combinaison de plong\u00e9e pour ajouter une couche suppl\u00e9mentaire et fournir un suppl\u00e9ment de chaleur qui vous permettra de rester dans l&#8217;eau pendant les mois d&#8217;hiver, ou que vous la&#8230;<\/p>","protected":false},"featured_media":35691,"comment_status":"open","ping_status":"closed","template":"","meta":[],"product_brand":[286],"product_cat":[137,141,59],"product_tag":[],"class_list":{"0":"post-35655","1":"product","2":"type-product","3":"status-publish","4":"has-post-thumbnail","6":"product_brand-huub","7":"product_cat-accessoires-eau-libre","8":"product_cat-outlet","9":"product_cat-triathlon","10":"zank_product_brands-huub","11":"nt-post-class","12":"","15":"excerpt-none","18":"first","19":"instock","20":"sale","21":"taxable","22":"shipping-taxable","23":"purchasable","24":"product-type-variable","25":"has-default-attributes"},"_links":{"self":[{"href":"https:\/\/www.infinitri.be\/it\/wp-json\/wp\/v2\/product\/35655","targetHints":{"allow":["GET"]}}],"collection":[{"href":"https:\/\/www.infinitri.be\/it\/wp-json\/wp\/v2\/product"}],"about":[{"href":"https:\/\/www.infinitri.be\/it\/wp-json\/wp\/v2\/types\/product"}],"replies":[{"embeddable":true,"href":"https:\/\/www.infinitri.be\/it\/wp-json\/wp\/v2\/comments?post=35655"}],"wp:featuredmedia":[{"embeddable":true,"href":"https:\/\/www.infinitri.be\/it\/wp-json\/wp\/v2\/media\/35691"}],"wp:attachment":[{"href":"https:\/\/www.infinitri.be\/it\/wp-json\/wp\/v2\/media?parent=35655"}],"wp:term":[{"taxonomy":"product_brand","embeddable":true,"href":"https:\/\/www.infinitri.be\/it\/wp-json\/wp\/v2\/product_brand?post=35655"},{"taxonomy":"product_cat","embeddable":true,"href":"https:\/\/www.infinitri.be\/it\/wp-json\/wp\/v2\/product_cat?post=35655"},{"taxonomy":"product_tag","embeddable":true,"href":"https:\/\/www.infinitri.be\/it\/wp-json\/wp\/v2\/product_tag?post=35655"}],"curies":[{"name":"wp","href":"https:\/\/api.w.org\/{rel}","templated":true}]}}