{"id":36011,"date":"2025-12-27T10:47:36","date_gmt":"2025-12-27T10:47:36","guid":{"rendered":"https:\/\/www.infinitri.be\/?post_type=product&#038;p=36011"},"modified":"2026-04-04T18:45:06","modified_gmt":"2026-04-04T17:45:06","slug":"aphotic-ii-swim-goggle-fluo-yellow-photochromatic","status":"publish","type":"product","link":"https:\/\/www.infinitri.be\/it\/prodotto\/aphotic-ii-swim-goggle-fluo-yellow-photochromatic\/","title":{"rendered":"Occhialini da nuoto Aphotic II Fluo Yellow \u2013 Fotocromatici"},"content":{"rendered":"<p>L'Aphotic II continua la ricerca della \u2019perfezione\u00ab apportando alcune piccole modifiche alla nostra maschera pi\u00f9 venduta degli ultimi 10 anni, l'Aphotic. La seconda generazione \u00e8 dotata di un cricchetto di regolazione del cinturino, che ne facilita l'adattamento. Il cinturino in silicone presenta inoltre delle scanalature per migliorare la tenuta e la sicurezza.<\/p>\n<p>Gli occhialini da nuoto sono probabilmente l'attrezzatura pi\u00f9 importante il giorno della gara. Un'attrezzatura che molti di noi danno per scontata, ma senza la quale tutta la nostra preparazione e il nostro allenamento sarebbero vanificati. \u00c8 ora di prendere sul serio i tuoi occhialini e capire di cosa hai bisogno il giorno della gara.<\/p>\n<p>Non sarebbe fantastico se la maggior parte degli eventi iniziasse a met\u00e0 giornata, con il sole alto, tutti al caldo e la luce migliore possibile? Purtroppo, la durata delle gare e gli orari di chiusura delle strade fanno s\u00ec che una partenza alle 7 del mattino non sia insolita e, come tutti sappiamo, la luce 30 minuti dopo il colpo di pistola \u00e8 molto diversa, e lo diventa ancora di pi\u00f9 con il passare della mattinata.<\/p>\n<p>\u00abAphotic\u00bb di HUUB, i nostri primi occhialini da nuoto che si scuriscono o schiariscono grazie alla tecnologia fotocromatica durante la gara senza che te ne accorga. Una lente autoregolante che offre il comfort e la visione necessari per massimizzare la tua visione e aiutarti a nuotare.<\/p>\n<p>La chiarezza della visione \u00abfotocromatica\u00bb facilita la visione e consente di aggirare ostacoli e altri nuotatori, anche quando si nuota con il sole davanti o alle spalle.<\/p>\n<p>Queste incredibili lenti si adattano perfettamente e impiegano solo 160 secondi per passare dalla luce al buio, offrendo prestazioni eccellenti ad ogni curva di ogni boa.<\/p>\n<p>Speciali coloranti fotocromatici brevettati attivano la lente, o la scuriscono, quando \u00e8 esposta ai raggi ultravioletti della luce solare. Quando la luce UV diminuisce, le lenti si scuriscono. Quando le condizioni di luminosit\u00e0 cambiano, il livello di tonalit\u00e0 si regola, offrendo cos\u00ec la tonalit\u00e0 giusta al momento giusto.<\/p>\n<p>Progettate per adattarsi perfettamente al viso con una densit\u00e0 di silicone e TPR studiata per garantire una vestibilit\u00e0 perfetta e una sensazione di leggerezza, anche sui profili facciali pi\u00f9 complessi. Per nuotare bene, \u00e8 necessario un comfort ottimale e la possibilit\u00e0 di vedere il pi\u00f9 possibile, bloccando al contempo la maggior parte della luce quando il sole \u00e8 alto o il riflesso dell'acqua \u00e8 ottimale.<\/p>\n<p>\u2013 Materiale dell'oculare: PC<\/p>\n<p>\u2013 Materiale della guarnizione: silicone<\/p>\n<p>\u2013 Materiale della cinghia: silicone<\/p>\n<p>&nbsp;<\/p>","protected":false},"excerpt":{"rendered":"<p>L&#8217;\u00ab Aphotic II \u00bb poursuit la recherche de la \u00ab perfection \u00bb en apportant quelques petites modifications \u00e0 notre masque le plus vendu depuis 10 ans, l&#8217;Aphotic. La deuxi\u00e8me g\u00e9n\u00e9ration est dot\u00e9e d&#8217;un cliquet de r\u00e9glage de la sangle, ce qui facilite l&#8217;ajustement. La sangle en silicone pr\u00e9sente \u00e9galement des stries pour am\u00e9liorer le maintien&#8230;<\/p>","protected":false},"featured_media":36042,"comment_status":"open","ping_status":"closed","template":"","meta":[],"product_brand":[286],"product_cat":[55,56,59],"product_tag":[259,303],"class_list":{"0":"post-36011","1":"product","2":"type-product","3":"status-publish","4":"has-post-thumbnail","6":"product_brand-huub","7":"product_cat-lunettes-natation","8":"product_cat-lunettes-triathlon","9":"product_cat-triathlon","10":"product_tag-2025brochure","11":"product_tag-newfor2025","12":"zank_product_brands-huub","13":"nt-post-class","14":"","17":"excerpt-none","20":"first","21":"instock","22":"taxable","23":"shipping-taxable","24":"purchasable","25":"product-type-simple"},"_links":{"self":[{"href":"https:\/\/www.infinitri.be\/it\/wp-json\/wp\/v2\/product\/36011","targetHints":{"allow":["GET"]}}],"collection":[{"href":"https:\/\/www.infinitri.be\/it\/wp-json\/wp\/v2\/product"}],"about":[{"href":"https:\/\/www.infinitri.be\/it\/wp-json\/wp\/v2\/types\/product"}],"replies":[{"embeddable":true,"href":"https:\/\/www.infinitri.be\/it\/wp-json\/wp\/v2\/comments?post=36011"}],"wp:featuredmedia":[{"embeddable":true,"href":"https:\/\/www.infinitri.be\/it\/wp-json\/wp\/v2\/media\/36042"}],"wp:attachment":[{"href":"https:\/\/www.infinitri.be\/it\/wp-json\/wp\/v2\/media?parent=36011"}],"wp:term":[{"taxonomy":"product_brand","embeddable":true,"href":"https:\/\/www.infinitri.be\/it\/wp-json\/wp\/v2\/product_brand?post=36011"},{"taxonomy":"product_cat","embeddable":true,"href":"https:\/\/www.infinitri.be\/it\/wp-json\/wp\/v2\/product_cat?post=36011"},{"taxonomy":"product_tag","embeddable":true,"href":"https:\/\/www.infinitri.be\/it\/wp-json\/wp\/v2\/product_tag?post=36011"}],"curies":[{"name":"wp","href":"https:\/\/api.w.org\/{rel}","templated":true}]}}