{"id":36457,"date":"2025-12-27T11:23:39","date_gmt":"2025-12-27T11:23:39","guid":{"rendered":"https:\/\/www.infinitri.be\/?post_type=product&#038;p=36457"},"modified":"2026-04-04T17:35:47","modified_gmt":"2026-04-04T16:35:47","slug":"brownlee-agilis-silver-bronze-wetsuit-mens","status":"publish","type":"product","link":"https:\/\/www.infinitri.be\/it\/prodotto\/brownlee-agilis-silver-bronze-wetsuit-mens\/","title":{"rendered":"Muta Brownlee Agilis Silver Bronze - Uomo"},"content":{"rendered":"<p><b>JONNY BROWNLEE SILVER &amp; BRONZE 3:5 WETSUIT<\/b><\/p>\n<p><b>LA MUTA PI\u00d9 AVANZATA PER PRESTAZIONI D'\u00c9LITE\u00a0<\/b><\/p>\n<p>Ci sono cose che non si possono migliorare (beh, per ora)! I fratelli Alistair e Jonny Brownlee, medaglia d'oro e d'argento alle Olimpiadi, ci hanno sfidato a creare la tuta Agilis con due semplici obiettivi.<\/p>\n<p>I Brownlees volevano essere in grado di :<\/p>\n<ol>\n<li>Nuotare come se non indossassero la muta per l'intero ciclo di nuoto.<\/li>\n<li>Assicuratevi che i fianchi e le gambe siano il pi\u00f9 in alto possibile e manteneteli in questa posizione.<\/li>\n<\/ol>\n<p>Questo \u00e8 il terzo anno dall'introduzione della tuta, e doveva essere un anno piuttosto standard fino a quando il 2020 e Covid-19 non hanno trasformato il 2021 in un anno olimpico. Abbiamo voluto celebrare i successi di Ali e Jonny nelle ultime due Olimpiadi con queste tute Brownlee Agilis in edizione limitata.<\/p>\n<p>Le tute rappresentano il colore delle medaglie vinte da Alistair e Jonny nei triathlon olimpici di Londra 2012 e Rio 2016. Siamo orgogliosi della nostra collaborazione con Brownless e le nostre edizioni limitate Gold Agilis e Silver &amp; Bronze Agilis rendono omaggio alle medaglie d'oro di Alistair e alle medaglie d'argento e di bronzo di Jonny. Ciascuna tuta \u00e8 limitata a 500 pezzi, ma le prestazioni di alto livello, le conoscenze idrodinamiche e la qualit\u00e0 del design sono sotto gli occhi di tutti.<\/p>\n<p><strong>+43\u2122<\/strong><\/p>\n<p>I nuovi materiali per il galleggiamento offrono una spinta senza precedenti alle gambe e alla parte inferiore del corpo, nel rispetto delle normative. L'esclusiva schiuma di galleggiamento +43\u2122 di HUUB offre 43 % di galleggiamento in pi\u00f9 rispetto al neoprene standard. In genere, i produttori di mute aggiungono galleggiamento in corrispondenza delle cosce e dei fianchi, ma in questa muta il materiale +43\u2122 va oltre il centro di galleggiamento per garantire il massimo sollevamento delle gambe.<\/p>\n<p>Grazie al contributo di Alistair, Jonny e del professor Huub Toussaint, ora possiamo affermare con certezza che non esiste una combinazione pi\u00f9 veloce. Questo \u00e8 ci\u00f2 che i triatleti stavano aspettando: una tuta da gara senza compromessi. Alistair e Jonny non sacrificano le loro prestazioni per nulla al mondo, quindi non sorprende che si rivolgano a una muta a meno che non sia DAVVERO la migliore in cui abbiano mai nuotato.<\/p>\n<p>Ottenere questo tipo di feedback dai fratelli \u00e8 qualcosa che non si pu\u00f2 fare senza un'enorme quantit\u00e0 di conoscenze e una grande fonte di informazioni. Questa muta \u00e8 davvero un magnifico pezzo di attrezzatura per il nuoto. Semplice ma incredibilmente efficace, ha una tecnologia invisibile, ma come diciamo noi, \u00ab\u00e8 ci\u00f2 che non si vede che rende pi\u00f9 veloci\u00bb\u201d.\u201d<\/p>\n<p><strong>Caratteristiche principali:<\/strong><\/p>\n<ul>\n<li style=\"list-style-type: none\">\n<ul>\n<li>L'esclusiva tecnologia Arms Neutral\u2122, in attesa di brevetto, offre una libert\u00e0 rotazionale\u2122 senza pari.<\/li>\n<li>L'esclusiva schiuma di galleggiamento +43\u2122 di HUUB offre 43 % di galleggiamento in pi\u00f9 rispetto al neoprene standard.<\/li>\n<li>Progettato con la partecipazione attiva dei fratelli Brownlee.<\/li>\n<li>Neoprene di alta qualit\u00e0.<\/li>\n<li>Chiusura con zip per transizioni pi\u00f9 rapide.<\/li>\n<li>Il bordo del collo \u00e8 pressato per un maggiore comfort.<\/li>\n<\/ul>\n<\/li>\n<\/ul>\n<h4>Come deve essere una muta ben aderente?<\/h4>\n<p>Scegliete una taglia qui sotto per vedere come dovrebbe apparire:<\/p>\n<div>Taglia uomo:\u00a0 \u00a0\u00a0<strong><a href=\"https:\/\/cdn.shopify.com\/s\/files\/1\/0233\/5881\/files\/MENS_S.mp4?16185\" target=\"_blank\" rel=\"noopener\">S<\/a>\u00a0<\/strong> -\u00a0\u00a0\u00a0<a href=\"https:\/\/cdn.shopify.com\/s\/files\/1\/0233\/5881\/files\/MENS_SMT.mp4?16185\" target=\"_blank\" rel=\"noopener\"><strong>SMT<\/strong><\/a>\u00a0 -\u00a0 <a href=\"https:\/\/cdn.shopify.com\/s\/files\/1\/0233\/5881\/files\/MENS_M.mp4?16189\" target=\"_blank\" rel=\"noopener\"><strong>M<\/strong><\/a>\u00a0 -\u00a0 <a href=\"https:\/\/cdn.shopify.com\/s\/files\/1\/0233\/5881\/files\/MENS_MT.mp4?16189\" target=\"_blank\" rel=\"noopener\"><strong>MT<\/strong><\/a>\u00a0 -\u00a0 <a href=\"https:\/\/cdn.shopify.com\/s\/files\/1\/0233\/5881\/files\/MENS_ML.mp4?16189\" target=\"_blank\" rel=\"noopener\"><strong>ML<\/strong><\/a>\u00a0 -\u00a0 <a href=\"https:\/\/cdn.shopify.com\/s\/files\/1\/0233\/5881\/files\/MENS_XL.mp4?16189\" target=\"_blank\" rel=\"noopener\"><strong>XL<\/strong><\/a>\u00a0 -\u00a0<strong>\u00a0\u00a0<a href=\"https:\/\/cdn.shopify.com\/s\/files\/1\/0233\/5881\/files\/MENS_SS.mp4?16190\" target=\"_blank\" rel=\"noopener\">SS<\/a><\/strong><\/div>\n<div><\/div>\n<div>Taglia donna:\u00a0 \u00a0<a href=\"https:\/\/cdn.shopify.com\/s\/files\/1\/0233\/5881\/files\/WOMENS_S_2.0.mp4?16189\" target=\"_blank\" rel=\"noopener\"><strong>S<\/strong><\/a>\u00a0 -\u00a0 <a href=\"https:\/\/cdn.shopify.com\/s\/files\/1\/0233\/5881\/files\/WOMENS_M.mp4?16189\" target=\"_blank\" rel=\"noopener\"><strong>M<\/strong><\/a>\u00a0 -\u00a0 <a href=\"https:\/\/cdn.shopify.com\/s\/files\/1\/0233\/5881\/files\/WOMENS_ML.mp4?16189\" target=\"_blank\" rel=\"noopener\"><strong>ML<\/strong><\/a>\u00a0\u00a0-\u00a0\u00a0<a href=\"https:\/\/cdn.shopify.com\/s\/files\/1\/0233\/5881\/files\/WOMENS_SS_1.mp4?16190\" target=\"_blank\" rel=\"noopener\"><strong>SS<\/strong><\/a><\/div>\n<div><\/div>\n<div><\/div>\n<div><\/div>\n<div>\n<p><a href=\"https:\/\/huubdesign.com\/pages\/refund-policy\">Informazioni sulla garanzia<\/a><\/p>\n<\/div>","protected":false},"excerpt":{"rendered":"<p>JONNY BROWNLEE SILVER &amp; BRONZE 3:5 WETSUIT THE ULTIMATE WETSUIT FOR ELITE PERFORMANCE\u00a0 Il y a des choses qu&#8217;on ne peut pas am\u00e9liorer (enfin, pour l&#8217;instant) ! Les fr\u00e8res Alistair et Jonny Brownlee, m\u00e9daill\u00e9s d&#8217;or et d&#8217;argent aux Jeux olympiques, nous ont mis au d\u00e9fi de cr\u00e9er la combinaison Agilis avec deux objectifs simples. Les&#8230;<\/p>","protected":false},"featured_media":36529,"comment_status":"open","ping_status":"closed","template":"","meta":[],"product_brand":[286],"product_cat":[130,141,59],"product_tag":[],"class_list":{"0":"post-36457","1":"product","2":"type-product","3":"status-publish","4":"has-post-thumbnail","6":"product_brand-huub","7":"product_cat-combinaison-neoprene","8":"product_cat-outlet","9":"product_cat-triathlon","10":"zank_product_brands-huub","11":"nt-post-class","12":"","15":"excerpt-none","18":"first","19":"outofstock","20":"sale","21":"taxable","22":"shipping-taxable","23":"purchasable","24":"product-type-variable","25":"has-default-attributes"},"_links":{"self":[{"href":"https:\/\/www.infinitri.be\/it\/wp-json\/wp\/v2\/product\/36457","targetHints":{"allow":["GET"]}}],"collection":[{"href":"https:\/\/www.infinitri.be\/it\/wp-json\/wp\/v2\/product"}],"about":[{"href":"https:\/\/www.infinitri.be\/it\/wp-json\/wp\/v2\/types\/product"}],"replies":[{"embeddable":true,"href":"https:\/\/www.infinitri.be\/it\/wp-json\/wp\/v2\/comments?post=36457"}],"wp:featuredmedia":[{"embeddable":true,"href":"https:\/\/www.infinitri.be\/it\/wp-json\/wp\/v2\/media\/36529"}],"wp:attachment":[{"href":"https:\/\/www.infinitri.be\/it\/wp-json\/wp\/v2\/media?parent=36457"}],"wp:term":[{"taxonomy":"product_brand","embeddable":true,"href":"https:\/\/www.infinitri.be\/it\/wp-json\/wp\/v2\/product_brand?post=36457"},{"taxonomy":"product_cat","embeddable":true,"href":"https:\/\/www.infinitri.be\/it\/wp-json\/wp\/v2\/product_cat?post=36457"},{"taxonomy":"product_tag","embeddable":true,"href":"https:\/\/www.infinitri.be\/it\/wp-json\/wp\/v2\/product_tag?post=36457"}],"curies":[{"name":"wp","href":"https:\/\/api.w.org\/{rel}","templated":true}]}}