{"id":36752,"date":"2025-12-27T11:57:00","date_gmt":"2025-12-27T11:57:00","guid":{"rendered":"https:\/\/www.infinitri.be\/?post_type=product&#038;p=36752"},"modified":"2026-04-04T17:28:06","modified_gmt":"2026-04-04T16:28:06","slug":"arena-powerskin-carbon-air%c2%b2-jammer-biscay-bay-homme","status":"publish","type":"product","link":"https:\/\/www.infinitri.be\/it\/prodotto\/arena-powerskin-carbon-air%c2%b2-jammer-biscay-bay-homme\/","title":{"rendered":"Arena - Uomo Powerskin Carbon Air\u00b2 JAMMER Baia di Biscaglia"},"content":{"rendered":"<p><!--themify_builder_static-->\u00a0<\/p>\n<h1 style=\"text-align: center\" data-content-type=\"text\" data-appearance=\"default\" data-element=\"main\" data-pb-style=\"WTSTT5E\">POWERSKIN CARBON AIR\u00b2<\/h1>\n<h3 style=\"text-align: center\" data-content-type=\"text\" data-appearance=\"default\" data-element=\"main\" data-pb-style=\"WTSTT5E\">LA COMPRESSIONE NON \u00c8 MAI STATA COS\u00cc PIACEVOLE.<\/h3>\n<p><img decoding=\"async\" src=\"https:\/\/infinitri.be\/wp-content\/uploads\/2023\/02\/logo-fina-approved-200px.webp\" title=\"logo-fina-approvato-200px\" alt=\"logo-fina-approved-200px\" \/><br \/>\n<img decoding=\"async\" src=\"https:\/\/infinitri.be\/wp-content\/uploads\/2023\/02\/arena-carbon-air-positive-logo-2021.webp\" title=\"arena-carbonio-aria-positiva-logo-2021\" alt=\"arena-carbon-air-positive-logo-2021\" \/><br \/>\n<img decoding=\"async\" src=\"https:\/\/infinitri.be\/wp-content\/uploads\/2023\/02\/ARENA-LOGO-NEW-HORIZONTAL-BLACK-WHITE-POSITIVE-1024x724-336x75.jpg\" width=\"336\" height=\"75\" title=\"ARENA-LOGO-NUOVO-ORIZZONTALE-NERO-BIANCO-POSITIVO\" alt=\"ARENA-LOGO-NEW-HORIZONTAL-BLACK-WHITE-POSITIVE\" \/><br \/>\n<img fetchpriority=\"high\" decoding=\"async\" src=\"https:\/\/infinitri.be\/wp-content\/uploads\/2023\/02\/arena-powerskin-carbon-air-2-carbon-band-fabric-1920x900-1-1024x480-580x600.webp\" width=\"580\" height=\"600\" title=\"arena-powerskin-carbonio-air-2-carbonio-band-tessuto-1920x900\" alt=\"arena-powerskin-carbon-air-2-carbon-band-fabric-1920x900\" \/><\/p>\n<p><b>COMPRESSIONE<\/b><\/p>\n<p>Tessuto confortevole con strisce di carbonio<\/p>\n<p>Le bande orizzontali in carbonio si attaccano in un punto critico di allungamento per fornire compressione, stabilit\u00e0 del nucleo e potenza quando e dove serve. Una compressione intelligente e leggera con il comfort di una seconda pelle.<\/p>\n<p style=\"text-align: left\"><b>EFFETTO SECONDA PELLE<\/b><\/p>\n<p>Costruzione monopezzoGrazie all'assenza di cuciture multiple, il Carbon-Air2 offre un comfort supremo e assorbe meno acqua, con conseguente riduzione della resistenza e un effetto idrodinamico avanzato. \u00c8 anche pi\u00f9 facile da indossare.<\/p>\n<p><img decoding=\"async\" src=\"https:\/\/infinitri.be\/wp-content\/uploads\/2023\/02\/arena-powerskin-carbon-air-2-new-internal-lining-1920x900-1-1024x480-600x628.webp\" width=\"600\" height=\"628\" title=\"arena-powerskin-carbonio-air-2-nuova fodera interna-1920x900\" alt=\"arena-powerskin-carbon-air-2-new-internal-lining-1920x900\" \/><br \/>\n<img loading=\"lazy\" decoding=\"async\" src=\"https:\/\/infinitri.be\/wp-content\/uploads\/2023\/02\/arena-powerskin-carbon-air-2-single-piece-construction-1920x900-1-1024x480-580x600.webp\" width=\"580\" height=\"600\" title=\"arena-powerskin-carbonio-aria-2-costruzione-unico-pezzo-1920x900\" alt=\"arena-powerskin-carbon-air-2-single-piece-construction-1920x900\" \/><\/p>\n<h3><strong>RIPROGETTATO PER UNA MAGGIORE LIBERT\u00c0<\/strong><\/h3>\n<p>Fodera interna.<\/p>\n<p>La fodera interna \u00e8 composta da tre pannelli separati per offrire una maggiore libert\u00e0 di movimento. Il risultato \u00e8 una minore compressione nella zona del torace (tute da donna), una minore pressione sui fianchi e una migliore flessibilit\u00e0.<\/p>\n<p><!--\/themify_builder_static--><\/p>","protected":false},"excerpt":{"rendered":"<p>Il Carbon-Air2 presenta due importanti miglioramenti: la fodera interna \u00e8 stata progettata con 3 pannelli separati, che offrono una maggiore libert\u00e0 di movimento con un peso inferiore; la nuova struttura monopezzo offre una migliore vestibilit\u00e0 e sensazione di una maglia che sembra una seconda pelle. Carbon-Air2 \u00e8 realizzata con lo stesso tessuto collaudato dell'originale Carbon-Air, con strisce orizzontali in carbonio. Presenta tutti i vantaggi di questo tessuto: leggerezza, compressione e bassa resistenza. Grazie a tutte queste qualit\u00e0, il nuovo Carbon-Air2 \u00e8 pi\u00f9 leggero, pi\u00f9 flessibile e pi\u00f9 confortevole.<\/p>","protected":false},"featured_media":36800,"comment_status":"open","ping_status":"closed","template":"","meta":[],"product_brand":[326],"product_cat":[60,126,41],"product_tag":[],"class_list":{"0":"post-36752","1":"product","2":"type-product","3":"status-publish","4":"has-post-thumbnail","6":"product_brand-arena","7":"product_cat-fina","8":"product_cat-maillot-competition","9":"product_cat-natation","10":"zank_product_brands-arena","11":"nt-post-class","12":"","18":"first","19":"instock","20":"taxable","21":"shipping-taxable","22":"purchasable","23":"product-type-variable"},"_links":{"self":[{"href":"https:\/\/www.infinitri.be\/it\/wp-json\/wp\/v2\/product\/36752","targetHints":{"allow":["GET"]}}],"collection":[{"href":"https:\/\/www.infinitri.be\/it\/wp-json\/wp\/v2\/product"}],"about":[{"href":"https:\/\/www.infinitri.be\/it\/wp-json\/wp\/v2\/types\/product"}],"replies":[{"embeddable":true,"href":"https:\/\/www.infinitri.be\/it\/wp-json\/wp\/v2\/comments?post=36752"}],"wp:featuredmedia":[{"embeddable":true,"href":"https:\/\/www.infinitri.be\/it\/wp-json\/wp\/v2\/media\/36800"}],"wp:attachment":[{"href":"https:\/\/www.infinitri.be\/it\/wp-json\/wp\/v2\/media?parent=36752"}],"wp:term":[{"taxonomy":"product_brand","embeddable":true,"href":"https:\/\/www.infinitri.be\/it\/wp-json\/wp\/v2\/product_brand?post=36752"},{"taxonomy":"product_cat","embeddable":true,"href":"https:\/\/www.infinitri.be\/it\/wp-json\/wp\/v2\/product_cat?post=36752"},{"taxonomy":"product_tag","embeddable":true,"href":"https:\/\/www.infinitri.be\/it\/wp-json\/wp\/v2\/product_tag?post=36752"}],"curies":[{"name":"wp","href":"https:\/\/api.w.org\/{rel}","templated":true}]}}