{"id":37014,"date":"2025-12-27T12:46:56","date_gmt":"2025-12-27T12:46:56","guid":{"rendered":"https:\/\/www.infinitri.be\/?post_type=product&#038;p=37014"},"modified":"2026-04-04T17:33:38","modified_gmt":"2026-04-04T16:33:38","slug":"compressport-pro-racing-socks-v4-0-run-high-blanche-rouge-fluo","status":"publish","type":"product","link":"https:\/\/www.infinitri.be\/it\/prodotto\/compressport-pro-racing-socks-v4-0-run-high-blanche-rouge-fluo\/","title":{"rendered":"Compressport-Pro Racing Socks v4.0 Run High Bianco\/rosso fluo"},"content":{"rendered":"<div class=\"d-flex flex-wrap col-12 product\">\n<div id=\"description\" class=\"d-flex flex-wrap w-100\">\n<div class=\"col-12\">\n<div class=\"d-none d-md-block container-fluid mt-5\">\n<div class=\"product__description rich-text\">Un calzino da corsa appositamente progettato per fornire una ventilazione ottimale e una protezione contro le vesciche mentre ci si avvia verso il prossimo record. La trama tecnica \u00e8 leggera e traspirante e allontana rapidamente l'umidit\u00e0 per mantenere i piedi freschi e asciutti, anche nelle condizioni pi\u00f9 calde. La nuovissima zona della punta, pi\u00f9 ampia, offre una calzata pi\u00f9 ergonomica e una migliore propriocezione, consentendo alle dita dei piedi di afferrare intuitivamente l'atterraggio per una falcata naturale e fluida. La sottile rete intorno alla caviglia offre un sostegno mirato quando si accelera il passo, mentre l'imbottitura in spugna sull'alluce previene l'annerimento delle unghie nelle corse pi\u00f9 lunghe. L'arco plantare medio stimola la microcircolazione e impedisce al tessuto di attorcigliarsi e piegarsi, evitando cos\u00ec vesciche e irritazioni dolorose. Sul tendine d'Achille, due linee di 3D Dots aggiungono protezione e sostegno. Sono circondati da una fila di nuovissimi Flat Dots che migliorano la ventilazione. Sotto i piedi, un pattern di 3D.Dots (75 %) e Flat.Dots (25 %) ammortizza gli impatti e fornisce maggiore aderenza e ventilazione, oltre a una delicata microstimolazione per aumentare il ritorno venoso e ritardare l'affaticamento quando i chilometri si accumulano.L'altezza \u00e8 inferiore rispetto ai modelli da trail e da bici, con una calzata e una tecnologia specificamente progettate per le esigenze della corsa su strada.<\/div>\n<\/div>\n<div id=\"caract\" class=\"d-flex w-100\">\n<div class=\"d-flex flex-wrap w-100 dashboard_features\">\n<div class=\"col-12 col-md-6 right_features d-flex flex-column justify-content-center\">\n<div class=\"feature_block d-flex align-items-baseline\">\n<p class=\"title\">Sviluppato per<\/p>\n<div class=\"d-flex justify-content-around align-items-start\">\n<div class=\"feature_values text-center\"><span class=\"value ms-2\">Massima termoregolazione ed evacuazione del sudore<\/span><\/div>\n<\/div>\n<\/div>\n<div class=\"feature_block weight d-flex align-items-baseline\">\n<p class=\"title\">PESO<\/p>\n<div class=\"d-flex justify-content-center align-items-start ms-2\"><span class=\"value\">37.00 g<\/span><\/div>\n<\/div>\n<\/div>\n<div class=\"col-12 col-md-6 left_features\">\n<div class=\"feature_block f_activity\">\n<p class=\"title px-md-5 text-bold\">\n<\/div>\n<\/div>\n<\/div>\n<\/div>\n<div id=\"video\" class=\"video-wrapper\"><\/div>\n<div id=\"reviews\" class=\"product-details-wrapper col-12 d-none d-md-block\"><\/div>\n<\/div>\n<\/div>\n<\/div>\n<div class=\"fixed-product-actions position-fixed bottom-0 p-4 bg-white w-100\">\n<div class=\"d-flex align-items-center\">\n<div class=\"col-7 col-md-5 addToCart\">\n<div class=\"product__add-to-cart product-add-to-cart js-product-add-to-cart mb-0\">\n<div class=\"product-actions__button add col ps-0 mt-0\"><\/div>\n<\/div>\n<\/div>\n<\/div>\n<\/div>","protected":false},"excerpt":{"rendered":"<p>I calzini Compressport Pro Racing Socks v4.0 Run High offrono il massimo comfort, prevengono le vesciche e garantiscono una ventilazione ottimale durante le gare.<\/p>","protected":false},"featured_media":37047,"comment_status":"open","ping_status":"closed","template":"","meta":[],"product_brand":[329],"product_cat":[207,16,321],"product_tag":[],"class_list":{"0":"post-37014","1":"product","2":"type-product","3":"status-publish","4":"has-post-thumbnail","6":"product_brand-compressport","7":"product_cat-chaussettes-running","8":"product_cat-course","9":"product_cat-nouveaute","10":"zank_product_brands-compressport","11":"nt-post-class","12":"","18":"first","19":"instock","20":"taxable","21":"shipping-taxable","22":"purchasable","23":"product-type-variable"},"_links":{"self":[{"href":"https:\/\/www.infinitri.be\/it\/wp-json\/wp\/v2\/product\/37014","targetHints":{"allow":["GET"]}}],"collection":[{"href":"https:\/\/www.infinitri.be\/it\/wp-json\/wp\/v2\/product"}],"about":[{"href":"https:\/\/www.infinitri.be\/it\/wp-json\/wp\/v2\/types\/product"}],"replies":[{"embeddable":true,"href":"https:\/\/www.infinitri.be\/it\/wp-json\/wp\/v2\/comments?post=37014"}],"wp:featuredmedia":[{"embeddable":true,"href":"https:\/\/www.infinitri.be\/it\/wp-json\/wp\/v2\/media\/37047"}],"wp:attachment":[{"href":"https:\/\/www.infinitri.be\/it\/wp-json\/wp\/v2\/media?parent=37014"}],"wp:term":[{"taxonomy":"product_brand","embeddable":true,"href":"https:\/\/www.infinitri.be\/it\/wp-json\/wp\/v2\/product_brand?post=37014"},{"taxonomy":"product_cat","embeddable":true,"href":"https:\/\/www.infinitri.be\/it\/wp-json\/wp\/v2\/product_cat?post=37014"},{"taxonomy":"product_tag","embeddable":true,"href":"https:\/\/www.infinitri.be\/it\/wp-json\/wp\/v2\/product_tag?post=37014"}],"curies":[{"name":"wp","href":"https:\/\/api.w.org\/{rel}","templated":true}]}}