{"id":37034,"date":"2025-12-27T12:47:20","date_gmt":"2025-12-27T12:47:20","guid":{"rendered":"https:\/\/www.infinitri.be\/?post_type=product&#038;p=37034"},"modified":"2026-04-23T19:17:59","modified_gmt":"2026-04-23T18:17:59","slug":"compressport-pro-racing-socks-v4-0-trail-maize-dawn-blue","status":"publish","type":"product","link":"https:\/\/www.infinitri.be\/it\/prodotto\/compressport-pro-racing-socks-v4-0-trail-maize-dawn-blue\/","title":{"rendered":"Compressport-Pro Racing Socks v4.0 Trail Maize\/Dawn blue"},"content":{"rendered":"<p>Le trail ou la course nature n`est pas une course sur route. Les pieds doivent constamment fl\u00e9chir et s`adapter \u00e0 un terrain en constante \u00e9volution. Con\u00e7ues dans un souci d`absorption des chocs et de protection, les chaussettes Pro Racing Socks Trail de 4\u00e8me g\u00e9n\u00e9ration font monter d`un cran les technologies Compressport . Un tissage sp\u00e9cifique autour de l`avant-pied et de la jambe inf\u00e9rieure est robuste mais ventil\u00e9, \u00e9vacuant rapidement l`humidit\u00e9 pour pr\u00e9venir l`irritation. Le tissu plus \u00e9pais du cou-de-pied remonte plus haut que celui de nos mod\u00e8les de course pour une protection accrue, et une maille sp\u00e9cifique autour de la cheville offre une stabilit\u00e9 rassurante sur les terrains rocheux. Une toute nouvelle zone des orteils &#8220;renfort de pointe&#8221; plus large offre un ajustement plus ergonomique et une meilleure proprioception, permettant aux orteils de s`accrocher et de s`\u00e9quilibrer intuitivement sur un sol irr\u00e9gulier. Un rembourrage en tissu \u00e9ponge r\u00e9sistant recouvre tous les orteils pour amortir les impacts lors des descentes rapides et brutales. Un soutien am\u00e9lior\u00e9 de la vo\u00fbte plantaire \u00e0 360\u00b0 stimule la circulation sanguine et emp\u00eache le tissu de se tordre et de se plier, \u00e9vitant ainsi les ampoules et les irritations au fil des kilom\u00e8tres.\u00a0 Les deux mall\u00e9oles sont recouvertes de gros points en forme de soleil pour \u00e9viter pour pr\u00e9venirles ecchymoses au bas du pied. Deux rang\u00e9es lat\u00e9rales de 3D.Dots recouvrent les muscles fibulaires, stimulant les r\u00e9cepteurs sensoriels pour am\u00e9liorer la proprioception et la stabilit\u00e9 de la cheville. Un large motif de 3D.Dots remonte le long du tendon d`Achille pour plus de rembourrage et de soutien, entourant une ligne de Flat.dots pour la ventilation. Un tissage plus dense sous le pied r\u00e9duit davantage les vibrations, les 3D.Dots amortissant l`impact et donnant au pied une adh\u00e9rence solide dans la chaussure. Ces points contribuent \u00e9galement \u00e0 augmenter le retour veineux et \u00e0 retarder la fatigue pour que vous vous sentiez frais plus longtemps.<\/p>","protected":false},"excerpt":{"rendered":"<p>Le Compressport Pro Racing Socks Trail v4.0 sono calze da trail running ad alta tecnologia che proteggono i piedi, assorbono gli urti e forniscono supporto durante le sfide off-road pi\u00f9 dure.<\/p>","protected":false},"featured_media":37075,"comment_status":"open","ping_status":"closed","template":"","meta":[],"product_brand":[329],"product_cat":[207,16,321],"product_tag":[],"class_list":{"0":"post-37034","1":"product","2":"type-product","3":"status-publish","4":"has-post-thumbnail","6":"product_brand-compressport","7":"product_cat-chaussettes-running","8":"product_cat-course","9":"product_cat-nouveaute","10":"zank_product_brands-compressport","11":"nt-post-class","12":"","18":"first","19":"instock","20":"taxable","21":"shipping-taxable","22":"purchasable","23":"product-type-variable"},"_links":{"self":[{"href":"https:\/\/www.infinitri.be\/it\/wp-json\/wp\/v2\/product\/37034","targetHints":{"allow":["GET"]}}],"collection":[{"href":"https:\/\/www.infinitri.be\/it\/wp-json\/wp\/v2\/product"}],"about":[{"href":"https:\/\/www.infinitri.be\/it\/wp-json\/wp\/v2\/types\/product"}],"replies":[{"embeddable":true,"href":"https:\/\/www.infinitri.be\/it\/wp-json\/wp\/v2\/comments?post=37034"}],"wp:featuredmedia":[{"embeddable":true,"href":"https:\/\/www.infinitri.be\/it\/wp-json\/wp\/v2\/media\/37075"}],"wp:attachment":[{"href":"https:\/\/www.infinitri.be\/it\/wp-json\/wp\/v2\/media?parent=37034"}],"wp:term":[{"taxonomy":"product_brand","embeddable":true,"href":"https:\/\/www.infinitri.be\/it\/wp-json\/wp\/v2\/product_brand?post=37034"},{"taxonomy":"product_cat","embeddable":true,"href":"https:\/\/www.infinitri.be\/it\/wp-json\/wp\/v2\/product_cat?post=37034"},{"taxonomy":"product_tag","embeddable":true,"href":"https:\/\/www.infinitri.be\/it\/wp-json\/wp\/v2\/product_tag?post=37034"}],"curies":[{"name":"wp","href":"https:\/\/api.w.org\/{rel}","templated":true}]}}