{"id":37130,"date":"2025-12-27T12:58:38","date_gmt":"2025-12-27T12:58:38","guid":{"rendered":"https:\/\/www.infinitri.be\/?post_type=product&#038;p=37130"},"modified":"2026-04-04T17:27:09","modified_gmt":"2026-04-04T16:27:09","slug":"location-personnalisee-de-neoprene","status":"publish","type":"product","link":"https:\/\/www.infinitri.be\/it\/prodotto\/location-personnalisee-de-neoprene\/","title":{"rendered":"Noleggio di neoprene personalizzato"},"content":{"rendered":"<p>&#8211; J&#8217;h\u00e9site vraiment avec ma taille, pouvez-vous me conseiller? Oui \u00a0bien \u00e9videmment, contactez-nous, indiquez nous votre sexe, votre poids et taille afin que nous vous guidions. &#8211; J&#8217;ai finalis\u00e9 ma location mais je souhaite changer la taille, est-ce possible\u00a0? Jusqu\u2019\u00e0 7 jours ouvrables, vous pouvez nous contacter par mail \u00a0pour un changement et nous v\u00e9rifierons ensemble la disponibilit\u00e9. &#8211; J&#8217;ai des difficult\u00e9s \u00e0 cibler mes dates de location? Vous participez \u00e0 une comp\u00e9tition sportive, exemple le triathlon de Haute Meuse le 13 juillet 2025. Vous pouvez nous indiquer la date \u00e0 laquelle il est important pour vous de recevoir en point mondial relay la combinaison. La dur\u00e9e \u00e9tant de 7 jours, il est sans doute int\u00e9ressant de bloquer dans ce cas le 08 ou 09 juillet et un retour le 14 ou 15 juillet. Vous pourrez ainsi tester la combinaison avant votre \u00e9preuve. &#8211; Comment se passe le retour\u00a0? Une \u00e9tiquette Mondiale relay vous sera envoy\u00e9e par email afin de red\u00e9poser la combinaison <strong>s\u00e9ch\u00e9e<\/strong> et <strong>emball\u00e9e<\/strong> au point mondial relay de votre choix. Attention, il est important de respecter la date maximale de d\u00e9p\u00f4t indiqu\u00e9e dans votre r\u00e9servation. &#8211; Je souhaite acheter la combinaison que j&#8217;ai lou\u00e9e. Le plus simple est de nous avertir par email. Dans ce cas, plus rien \u00e0 faire, votre garantie est automatiquement convertie en achat et vous \u00eates pr\u00eats pour la suite de la saison. &#8211; J&#8217;ai ador\u00e9 l&#8217;exp\u00e9rience et je souhaite acheter un mod\u00e8le \u00e9quivalent, comment faire\u00a0? Dans ce cas, nous conservons votre caution, une fois la combi lou\u00e9e r\u00e9ceptionn\u00e9e nous pr\u00e9parons l&#8217;envoi du mod\u00e8le neuf. &#8211; J&#8217;ai vraiment besoin de votre expertise et votre avis pour la taille \u00e0 louer. Nous sommes disponible sous rdv afin de prendre le temps de vous guider. Envoyez-nous un courriel ou un message WhatsApp afin de fixer celui-ci et repartir avec la combinaison.<\/p>","protected":false},"excerpt":{"rendered":"<p>Louer une combinaison n\u00e9opr\u00e8ne livr\u00e9e directement chez vous ! Tarif :<\/p>\n<ul>\n<li>50\u20ac pour une dur\u00e9e de location de 3 \u00e0 7 jours<\/li>\n<li>80\u20ac pour une dur\u00e9e de location de 7 \u00e0 14 jours.<\/li>\n<\/ul>\n<p>Vous recevrez votre combinaison chez vous le jour de votre date de d\u00e9but de location, ou avant. Vous devez renvoy\u00e9 la combinaison chez Infinitri au plus tard le jour de fin de votre location. Vous recevez la combinaison ainsi qu&#8217;un bordereau de retour pour renvoy\u00e9 la combinaison. Une garantie locative est maintenue lors de votre location.\u00a0 Il est possible de convertir cette garantie en achat si vous souhaitez garder la combinaison ou recevoir une combinaison neuve.<\/p>","protected":false},"featured_media":36595,"comment_status":"open","ping_status":"closed","template":"","meta":[],"product_brand":[],"product_cat":[130],"product_tag":[],"class_list":{"0":"post-37130","1":"product","2":"type-product","3":"status-publish","4":"has-post-thumbnail","6":"product_cat-combinaison-neoprene","7":"product_shipping_class-location-personnalisee","8":"nt-post-class","9":"","15":"first","16":"instock","17":"taxable","18":"shipping-taxable","19":"purchasable","20":"product-type-redq_rental"},"_links":{"self":[{"href":"https:\/\/www.infinitri.be\/it\/wp-json\/wp\/v2\/product\/37130","targetHints":{"allow":["GET"]}}],"collection":[{"href":"https:\/\/www.infinitri.be\/it\/wp-json\/wp\/v2\/product"}],"about":[{"href":"https:\/\/www.infinitri.be\/it\/wp-json\/wp\/v2\/types\/product"}],"replies":[{"embeddable":true,"href":"https:\/\/www.infinitri.be\/it\/wp-json\/wp\/v2\/comments?post=37130"}],"wp:featuredmedia":[{"embeddable":true,"href":"https:\/\/www.infinitri.be\/it\/wp-json\/wp\/v2\/media\/36595"}],"wp:attachment":[{"href":"https:\/\/www.infinitri.be\/it\/wp-json\/wp\/v2\/media?parent=37130"}],"wp:term":[{"taxonomy":"product_brand","embeddable":true,"href":"https:\/\/www.infinitri.be\/it\/wp-json\/wp\/v2\/product_brand?post=37130"},{"taxonomy":"product_cat","embeddable":true,"href":"https:\/\/www.infinitri.be\/it\/wp-json\/wp\/v2\/product_cat?post=37130"},{"taxonomy":"product_tag","embeddable":true,"href":"https:\/\/www.infinitri.be\/it\/wp-json\/wp\/v2\/product_tag?post=37130"}],"curies":[{"name":"wp","href":"https:\/\/api.w.org\/{rel}","templated":true}]}}