{"id":37250,"date":"2025-12-27T13:35:24","date_gmt":"2025-12-27T13:35:24","guid":{"rendered":"https:\/\/www.infinitri.be\/?post_type=product&#038;p=37250"},"modified":"2026-04-04T18:43:26","modified_gmt":"2026-04-04T17:43:26","slug":"arena-cobra-core-swipe-mirror-silver-gold","status":"publish","type":"product","link":"https:\/\/www.infinitri.be\/it\/prodotto\/arena-cobra-core-swipe-mirror-silver-gold\/","title":{"rendered":"Arena - Cobra Core Swipe Specchio Argento Oro"},"content":{"rendered":"","protected":false},"excerpt":{"rendered":"<p>Les lunettes Arena Cobra Core Swipe Mirror sont parfaites pour les nageurs et les triathl\u00e8tes. La technologie Swipe Anti Fog dure dix fois plus longtemps et peut \u00eatre r\u00e9activ\u00e9e en faisant glisser les verres avec votre doigt. Faites le chaque fois que les verres deviennent embu\u00e9s pour profiter d&#8217;une vision claire plus longtemps. La forme incurv\u00e9e des verres augmente consid\u00e9rablement la vision p\u00e9riph\u00e9rique et frontale. Livr\u00e9 avec cinq ponts de nez interchangeables pour une personnalisation parfaite aux diff\u00e9rentes formes de visage et de nez. La double sangle est facilement r\u00e9glable \u00e0 l&#8217;arri\u00e8re de la t\u00eate et garantit un ajustement stable, m\u00eame lors du d\u00e9part et le virage. Les lunettes sont \u00e9quip\u00e9es de verres miroir, d&#8217;une protection UV 400 et sont sans PVC.<\/p>","protected":false},"featured_media":37256,"comment_status":"open","ping_status":"closed","template":"","meta":[],"product_brand":[326],"product_cat":[54,55,56,41],"product_tag":[],"class_list":{"0":"post-37250","1":"product","2":"type-product","3":"status-publish","4":"has-post-thumbnail","6":"product_brand-arena","7":"product_cat-lunettes","8":"product_cat-lunettes-natation","9":"product_cat-lunettes-triathlon","10":"product_cat-natation","11":"zank_product_brands-arena","12":"nt-post-class","13":"","19":"first","20":"instock","21":"sale","22":"taxable","23":"shipping-taxable","24":"purchasable","25":"product-type-simple"},"_links":{"self":[{"href":"https:\/\/www.infinitri.be\/it\/wp-json\/wp\/v2\/product\/37250","targetHints":{"allow":["GET"]}}],"collection":[{"href":"https:\/\/www.infinitri.be\/it\/wp-json\/wp\/v2\/product"}],"about":[{"href":"https:\/\/www.infinitri.be\/it\/wp-json\/wp\/v2\/types\/product"}],"replies":[{"embeddable":true,"href":"https:\/\/www.infinitri.be\/it\/wp-json\/wp\/v2\/comments?post=37250"}],"wp:featuredmedia":[{"embeddable":true,"href":"https:\/\/www.infinitri.be\/it\/wp-json\/wp\/v2\/media\/37256"}],"wp:attachment":[{"href":"https:\/\/www.infinitri.be\/it\/wp-json\/wp\/v2\/media?parent=37250"}],"wp:term":[{"taxonomy":"product_brand","embeddable":true,"href":"https:\/\/www.infinitri.be\/it\/wp-json\/wp\/v2\/product_brand?post=37250"},{"taxonomy":"product_cat","embeddable":true,"href":"https:\/\/www.infinitri.be\/it\/wp-json\/wp\/v2\/product_cat?post=37250"},{"taxonomy":"product_tag","embeddable":true,"href":"https:\/\/www.infinitri.be\/it\/wp-json\/wp\/v2\/product_tag?post=37250"}],"curies":[{"name":"wp","href":"https:\/\/api.w.org\/{rel}","templated":true}]}}