{"id":39936,"date":"2026-02-05T17:05:35","date_gmt":"2026-02-05T17:05:35","guid":{"rendered":"https:\/\/www.infinitri.be\/?post_type=product&#038;p=39936"},"modified":"2026-04-04T17:31:28","modified_gmt":"2026-04-04T16:31:28","slug":"arena-cobra-ultra-swipe-white-blue","status":"publish","type":"product","link":"https:\/\/www.infinitri.be\/it\/prodotto\/arena-cobra-ultra-swipe-white-blue\/","title":{"rendered":"Arena - Cobra Ultra Swipe bianco blu"},"content":{"rendered":"<p>Regardez vers l&#8217;avenir, regardez vite, regardez avec pr\u00e9cision. D\u00e9couvrez les lunettes de natation les plus avanc\u00e9es, les lunettes arena Cobra Ultra Swipe.<\/p>\n<p>Gr\u00e2ce \u00e0 leur design \u00e9l\u00e9gant et hydrodynamique, ces lunettes sont parfaites pour les nageurs de comp\u00e9tition et sont approuv\u00e9es par la FINA. Les verres \u00e0 profil bas minimisent la r\u00e9sistance \u00e0 l&#8217;eau \u00e0 l&#8217;extr\u00eame et offrent une excellente hydrodynamique.<\/p>\n<p>Livr\u00e9es avec cinq ponts nasaux interchangeables pour s&#8217;adapter \u00e0 diff\u00e9rentes formes de visage et de nez, elles sont dot\u00e9es d&#8217;une double sangle facilement r\u00e9glable \u00e0 l&#8217;arri\u00e8re de la t\u00eate qui garantit un maintien stable. La conception innovante des branches assure un maintien s\u00fbr, en particulier lors des plongeons.<\/p>\n<p>\u00c9quip\u00e9es d&#8217;une protection UV, elles sont enti\u00e8rement exemptes de PVC.<\/p>\n<p>Disponibles avec des verres transparents pour les environnements peu \u00e9clair\u00e9s et pour ceux qui pr\u00e9f\u00e8rent une luminosit\u00e9 maximale, des verres moyennement fonc\u00e9s pour toutes les utilisations et des verres fonc\u00e9s pour les environnements lumineux ou ceux qui pr\u00e9f\u00e8rent une protection maximale contre la lumi\u00e8re.<\/p>\n<p>\u00c9quip\u00e9es de la technologie anti-bu\u00e9e r\u00e9volutionnaire Swipe d&#8217;Arena, qui dure dix fois plus longtemps qu&#8217;une protection anti-bu\u00e9e classique. Pour une vision parfaitement claire. Plus longtemps. Pour r\u00e9activer le traitement anti-bu\u00e9e, essuyez doucement l&#8217;int\u00e9rieur des verres cinq fois pendant que les lunettes sont dans l&#8217;eau, d\u00e8s que vous voyez les premiers signes de bu\u00e9e.<\/p>\n<p>&nbsp;<\/p>\n<p>Mat\u00e9riaux<\/p>\n<p>Oculaire Polycarbonate (PC)<br \/>\nJoint d&#8217;\u00e9tanch\u00e9it\u00e9 Caoutchouc thermoplastique (TPR)<br \/>\nSangle en silicone<\/p>","protected":false},"excerpt":{"rendered":"<p>Les lunettes Arena Cobra Ultra swipe sont des lunettes approuv\u00e9es par la FINA et sp\u00e9cialement con\u00e7ues pour la comp\u00e9tition. Elles ont un design hydrodynamique avec des branches \u00e9tendues qui se fondent dans les sangles pour une stabilit\u00e9 maximale. Elles sont \u00e9galement dot\u00e9es d&#8217;une lentille de vision large et offrent un maximum de confort lorsque vous nagez \u00e0 grande vitesse.<\/p>","protected":false},"featured_media":39937,"comment_status":"open","ping_status":"closed","template":"","meta":[],"product_brand":[326],"product_cat":[54,55,56,41],"product_tag":[],"class_list":{"0":"post-39936","1":"product","2":"type-product","3":"status-publish","4":"has-post-thumbnail","6":"product_brand-arena","7":"product_cat-lunettes","8":"product_cat-lunettes-natation","9":"product_cat-lunettes-triathlon","10":"product_cat-natation","11":"zank_product_brands-arena","12":"nt-post-class","13":"","19":"first","20":"instock","21":"sale","22":"taxable","23":"shipping-taxable","24":"purchasable","25":"product-type-simple"},"_links":{"self":[{"href":"https:\/\/www.infinitri.be\/it\/wp-json\/wp\/v2\/product\/39936","targetHints":{"allow":["GET"]}}],"collection":[{"href":"https:\/\/www.infinitri.be\/it\/wp-json\/wp\/v2\/product"}],"about":[{"href":"https:\/\/www.infinitri.be\/it\/wp-json\/wp\/v2\/types\/product"}],"replies":[{"embeddable":true,"href":"https:\/\/www.infinitri.be\/it\/wp-json\/wp\/v2\/comments?post=39936"}],"wp:featuredmedia":[{"embeddable":true,"href":"https:\/\/www.infinitri.be\/it\/wp-json\/wp\/v2\/media\/39937"}],"wp:attachment":[{"href":"https:\/\/www.infinitri.be\/it\/wp-json\/wp\/v2\/media?parent=39936"}],"wp:term":[{"taxonomy":"product_brand","embeddable":true,"href":"https:\/\/www.infinitri.be\/it\/wp-json\/wp\/v2\/product_brand?post=39936"},{"taxonomy":"product_cat","embeddable":true,"href":"https:\/\/www.infinitri.be\/it\/wp-json\/wp\/v2\/product_cat?post=39936"},{"taxonomy":"product_tag","embeddable":true,"href":"https:\/\/www.infinitri.be\/it\/wp-json\/wp\/v2\/product_tag?post=39936"}],"curies":[{"name":"wp","href":"https:\/\/api.w.org\/{rel}","templated":true}]}}