{"id":40070,"date":"2026-02-12T20:20:45","date_gmt":"2026-02-12T20:20:45","guid":{"rendered":"https:\/\/www.infinitri.be\/?post_type=product&#038;p=40070"},"modified":"2026-04-12T09:19:27","modified_gmt":"2026-04-12T08:19:27","slug":"arena-b-jammer-fireflow-navy-team-navy","status":"publish","type":"product","link":"https:\/\/www.infinitri.be\/it\/prodotto\/arena-b-jammer-fireflow-navy-team-navy\/","title":{"rendered":"Arena - B Jammer fireflow navy team navy"},"content":{"rendered":"<div class=\"otQkpb\" role=\"heading\" data-animation-nesting=\"\" data-sfc-cp=\"\" data-complete=\"true\" data-processed=\"true\" data-sae=\"\">Caract\u00e9ristiques Principales<button class=\"rBl3me\" data-amic=\"true\" data-icl-uuid=\"6ca365dc-8fe2-417a-9f53-3a6f13e5564f\" aria-label=\"Afficher les liens associ\u00e9s\" data-wiz-attrbind=\"disabled=umjKJe_m\/C5gNJc;aria-label=umjKJe_m\/bOjMyf;class=umjKJe_m\/UpSNec\" data-ved=\"2ahUKEwjXss-c4dSSAxWAOPsDHcbaNSYQye0OegQIAxAA\"><\/button><\/div>\n<ul class=\"KsbFXc U6u95\" data-complete=\"true\" data-processed=\"true\">\n<li data-hveid=\"CAQQAA\" data-complete=\"true\" data-sae=\"\"><span class=\"T286Pc\" data-sfc-cp=\"\" data-complete=\"true\"><strong class=\"Yjhzub\" data-complete=\"true\">Tissu MaxLife Eco :<\/strong>\u00a0Le tissu principal est 100 % polyester, compos\u00e9 d&#8217;au moins 50 % de polyester recycl\u00e9 provenant de bouteilles PET, ce qui le rend durable et respectueux de l&#8217;environnement.<\/span><\/li>\n<li data-hveid=\"CAQQAQ\" data-complete=\"true\" data-sae=\"\"><span class=\"T286Pc\" data-sfc-cp=\"\" data-complete=\"true\"><strong class=\"Yjhzub\" data-complete=\"true\">R\u00e9sistance au chlore :<\/strong>\u00a0Le jammer est 100 % r\u00e9sistant au chlore, assurant une longue dur\u00e9e de vie, m\u00eame en cas d&#8217;utilisation intensive en piscine.<\/span><\/li>\n<li data-hveid=\"CAQQAg\" data-complete=\"true\" data-sae=\"\"><span class=\"T286Pc\" data-sfc-cp=\"\" data-complete=\"true\"><strong class=\"Yjhzub\" data-complete=\"true\">S\u00e9chage rapide et protection UV :<\/strong>\u00a0Le tissu s\u00e8che rapidement et offre une protection UV UPF 50+.<\/span><\/li>\n<li data-hveid=\"CAQQAw\" data-complete=\"true\" data-sae=\"\"><span class=\"T286Pc\" data-sfc-cp=\"\" data-complete=\"true\"><strong class=\"Yjhzub\" data-complete=\"true\">Confort et ajustement :<\/strong>\u00a0Il est dot\u00e9 d&#8217;une doublure confortable \u00e0 l&#8217;avant et d&#8217;un cordon de serrage interne pour un ajustement parfait et s\u00e9curis\u00e9.<\/span><\/li>\n<li data-hveid=\"CAQQBA\" data-complete=\"true\" data-sae=\"\"><span class=\"T286Pc\" data-sfc-cp=\"\" data-complete=\"true\"><strong class=\"Yjhzub\" data-complete=\"true\">Conception hydrodynamique :<\/strong>\u00a0Sa surface lisse et sa coupe profil\u00e9e minimisent la friction dans l&#8217;eau.<\/span><\/li>\n<li data-hveid=\"CAQQBQ\" data-complete=\"true\" data-sae=\"\"><span class=\"T286Pc\" data-sfc-cp=\"\" data-complete=\"true\"><strong class=\"Yjhzub\" data-complete=\"true\">Longueur :<\/strong>\u00a0La longueur lat\u00e9rale est de 36 cm pour le mod\u00e8le gar\u00e7on, offrant une couverture optimale<\/span><\/li>\n<\/ul>","protected":false},"excerpt":{"rendered":"<p>Le\u00a0<strong class=\"Yjhzub\" data-complete=\"true\">Arena B Fireflow Swim Jammer<\/strong>\u00a0(le &#8216;B&#8217; signifie &#8216;Boys&#8217;, pour gar\u00e7ons) est\u00a0<mark class=\"HxTRcb\" data-complete=\"true\" data-sae=\"\">un maillot de bain de natation durable et r\u00e9sistant au chlore, id\u00e9al pour l&#8217;entra\u00eenement fr\u00e9quent<\/mark>. Il est fabriqu\u00e9 \u00e0 partir du tissu \u00e9cologique MaxLife Eco d&#8217;Arena, qui offre une excellente durabilit\u00e9 et une protection UV.<\/p>","protected":false},"featured_media":40075,"comment_status":"open","ping_status":"closed","template":"","meta":[],"product_brand":[326],"product_cat":[86,41],"product_tag":[],"class_list":{"0":"post-40070","1":"product","2":"type-product","3":"status-publish","4":"has-post-thumbnail","6":"product_brand-arena","7":"product_cat-maillots","8":"product_cat-natation","9":"zank_product_brands-arena","10":"nt-post-class","11":"","17":"first","18":"instock","19":"taxable","20":"shipping-taxable","21":"purchasable","22":"product-type-variable"},"_links":{"self":[{"href":"https:\/\/www.infinitri.be\/it\/wp-json\/wp\/v2\/product\/40070","targetHints":{"allow":["GET"]}}],"collection":[{"href":"https:\/\/www.infinitri.be\/it\/wp-json\/wp\/v2\/product"}],"about":[{"href":"https:\/\/www.infinitri.be\/it\/wp-json\/wp\/v2\/types\/product"}],"replies":[{"embeddable":true,"href":"https:\/\/www.infinitri.be\/it\/wp-json\/wp\/v2\/comments?post=40070"}],"wp:featuredmedia":[{"embeddable":true,"href":"https:\/\/www.infinitri.be\/it\/wp-json\/wp\/v2\/media\/40075"}],"wp:attachment":[{"href":"https:\/\/www.infinitri.be\/it\/wp-json\/wp\/v2\/media?parent=40070"}],"wp:term":[{"taxonomy":"product_brand","embeddable":true,"href":"https:\/\/www.infinitri.be\/it\/wp-json\/wp\/v2\/product_brand?post=40070"},{"taxonomy":"product_cat","embeddable":true,"href":"https:\/\/www.infinitri.be\/it\/wp-json\/wp\/v2\/product_cat?post=40070"},{"taxonomy":"product_tag","embeddable":true,"href":"https:\/\/www.infinitri.be\/it\/wp-json\/wp\/v2\/product_tag?post=40070"}],"curies":[{"name":"wp","href":"https:\/\/api.w.org\/{rel}","templated":true}]}}