{"id":40097,"date":"2026-02-12T20:37:30","date_gmt":"2026-02-12T20:37:30","guid":{"rendered":"https:\/\/www.infinitri.be\/?post_type=product&#038;p=40097"},"modified":"2026-04-12T10:32:08","modified_gmt":"2026-04-12T09:32:08","slug":"arena-m-texture-swim-low-waist-short-navy-multi","status":"publish","type":"product","link":"https:\/\/www.infinitri.be\/it\/prodotto\/arena-m-texture-swim-low-waist-short-navy-multi\/","title":{"rendered":"Arena - M Texture swim Short a vita bassa navy multi"},"content":{"rendered":"<div class=\"otQkpb\" role=\"heading\" data-animation-nesting=\"\" data-sfc-cp=\"\" data-complete=\"true\" data-processed=\"true\" data-sae=\"\">Caract\u00e9ristiques Principales<button class=\"rBl3me\" data-amic=\"true\" data-icl-uuid=\"36320a3e-e95e-4c40-9a88-99fdb2e20a6c\" aria-label=\"Afficher les liens associ\u00e9s\" data-wiz-attrbind=\"disabled=QBQqtf_l\/C5gNJc;aria-label=QBQqtf_l\/bOjMyf;class=QBQqtf_l\/UpSNec\" data-ved=\"2ahUKEwjapuyV59SSAxU5OPsDHUuBHBUQye0OegQIAxAA\"><\/button><\/div>\n<ul class=\"KsbFXc U6u95\" data-complete=\"true\" data-processed=\"true\">\n<li data-hveid=\"CAQQAA\" data-complete=\"true\" data-sae=\"\"><span class=\"T286Pc\" data-sfc-cp=\"\" data-complete=\"true\"><strong class=\"Yjhzub\" data-complete=\"true\">Tissu MaxLife Eco<\/strong>: Ce tissu exclusif Arena est ultra-r\u00e9sistant au chlore, garantissant une durabilit\u00e9 maximale, m\u00eame apr\u00e8s plus de 240 heures d&#8217;utilisation. Il offre \u00e9galement une protection UV 50+.<\/span><\/li>\n<li data-hveid=\"CAQQAQ\" data-complete=\"true\" data-sae=\"\"><span class=\"T286Pc\" data-sfc-cp=\"\" data-complete=\"true\"><strong class=\"Yjhzub\" data-complete=\"true\">Composition \u00c9co-responsable<\/strong>: Le tissu MaxLife Eco est compos\u00e9 d&#8217;au moins 50 % de polyester recycl\u00e9 issu de bouteilles PET, avec une certification Global Recycle Standard.<\/span><\/li>\n<li data-hveid=\"CAQQAg\" data-complete=\"true\" data-sae=\"\"><span class=\"T286Pc\" data-sfc-cp=\"\" data-complete=\"true\"><strong class=\"Yjhzub\" data-complete=\"true\">Coupe et Confort<\/strong>: Le short pr\u00e9sente une coupe taille basse avec une longueur lat\u00e9rale de\u00a0<strong class=\"Yjhzub\" data-complete=\"true\">14 cm<\/strong>. Il est dot\u00e9 d&#8217;une doublure frontale confortable et d&#8217;un cordon de serrage interne pour un ajustement s\u00fbr et personnalis\u00e9.<\/span><\/li>\n<li data-hveid=\"CAQQAw\" data-complete=\"true\" data-sae=\"\"><span class=\"T286Pc\" data-sfc-cp=\"\" data-complete=\"true\"><strong class=\"Yjhzub\" data-complete=\"true\">S\u00e9chage Rapide<\/strong>: Le mat\u00e9riau s\u00e8che tr\u00e8s rapidement, un atout majeur pour les nageurs fr\u00e9quents.<\/span><span class=\"uJ19be notranslate\" data-wiz-uids=\"QBQqtf_13,QBQqtf_14\" data-complete=\"true\"><span class=\"vKEkVd\" data-animation-atomic=\"\" data-wiz-attrbind=\"class=QBQqtf_12\/TKHnVd\" data-sae=\"\"><span aria-hidden=\"true\">\u00a0<\/span><\/span><\/span><\/li>\n<\/ul>\n<div class=\"Fsg96\" data-sfc-cp=\"\" data-complete=\"true\" data-processed=\"true\"><\/div>\n<div class=\"Y3BBE\" data-sfc-cp=\"\" data-hveid=\"CAgQAA\" data-complete=\"true\" data-processed=\"true\"><\/div>","protected":false},"excerpt":{"rendered":"<p><mark class=\"HxTRcb\" data-complete=\"true\" data-sae=\"\">Le short de bain taille basse\u00a0<strong class=\"Yjhzub\" data-complete=\"true\">Arena M Texture Swim Low Waist Short<\/strong>\u00a0en coloris marine multi<\/mark>\u00a0est un mod\u00e8le performant, id\u00e9al pour l&#8217;entra\u00eenement r\u00e9gulier et la comp\u00e9tition. Il est reconnu pour sa grande r\u00e9sistance au chlore et son confort optimal.<\/p>","protected":false},"featured_media":40103,"comment_status":"open","ping_status":"closed","template":"","meta":[],"product_brand":[326],"product_cat":[86,41],"product_tag":[],"class_list":{"0":"post-40097","1":"product","2":"type-product","3":"status-publish","4":"has-post-thumbnail","6":"product_brand-arena","7":"product_cat-maillots","8":"product_cat-natation","9":"zank_product_brands-arena","10":"nt-post-class","11":"","17":"first","18":"instock","19":"sale","20":"taxable","21":"shipping-taxable","22":"purchasable","23":"product-type-variable"},"_links":{"self":[{"href":"https:\/\/www.infinitri.be\/it\/wp-json\/wp\/v2\/product\/40097","targetHints":{"allow":["GET"]}}],"collection":[{"href":"https:\/\/www.infinitri.be\/it\/wp-json\/wp\/v2\/product"}],"about":[{"href":"https:\/\/www.infinitri.be\/it\/wp-json\/wp\/v2\/types\/product"}],"replies":[{"embeddable":true,"href":"https:\/\/www.infinitri.be\/it\/wp-json\/wp\/v2\/comments?post=40097"}],"wp:featuredmedia":[{"embeddable":true,"href":"https:\/\/www.infinitri.be\/it\/wp-json\/wp\/v2\/media\/40103"}],"wp:attachment":[{"href":"https:\/\/www.infinitri.be\/it\/wp-json\/wp\/v2\/media?parent=40097"}],"wp:term":[{"taxonomy":"product_brand","embeddable":true,"href":"https:\/\/www.infinitri.be\/it\/wp-json\/wp\/v2\/product_brand?post=40097"},{"taxonomy":"product_cat","embeddable":true,"href":"https:\/\/www.infinitri.be\/it\/wp-json\/wp\/v2\/product_cat?post=40097"},{"taxonomy":"product_tag","embeddable":true,"href":"https:\/\/www.infinitri.be\/it\/wp-json\/wp\/v2\/product_tag?post=40097"}],"curies":[{"name":"wp","href":"https:\/\/api.w.org\/{rel}","templated":true}]}}