{"id":46548,"date":"2026-04-04T12:52:03","date_gmt":"2026-04-04T11:52:03","guid":{"rendered":"https:\/\/www.infinitri.be\/?post_type=product&#038;p=46548"},"modified":"2026-04-04T17:33:04","modified_gmt":"2026-04-04T16:33:04","slug":"compressport-pro-racing-visor-white","status":"publish","type":"product","link":"https:\/\/www.infinitri.be\/it\/prodotto\/compressport-pro-racing-visor-white\/","title":{"rendered":"Compressport &#8211; Pro racing Visor White"},"content":{"rendered":"<p>La visi\u00e8re Pro Racing est con\u00e7ue pour une performance et un confort optimaux, en mettant l&#8217;accent sur la protection solaire et la visibilit\u00e9 lors de vos courses les plus rapides.<\/p>\n<p>&nbsp;<\/p>\n<p><strong>Description du produit<\/strong><\/p>\n<p>Cette visi\u00e8re de course ultra-l\u00e9g\u00e8re et ergonomique est dot\u00e9e d&#8217;un large rabat articul\u00e9 qui peut \u00eatre abaiss\u00e9 pour une protection solaire accrue ou relev\u00e9 pour \u00e9largir votre champ de vision. Gr\u00e2ce \u00e0 sa large sangle r\u00e9glable, la visi\u00e8re reste bien en place, m\u00eame lors d&#8217;activit\u00e9s intenses. Le bandeau en tissu perfor\u00e9 et ventil\u00e9 offre un style moderne et contribue \u00e0 un confort optimal pendant l&#8217;effort.<\/p>\n<p>&nbsp;<\/p>\n<p><strong>Avantages de la visi\u00e8re Pro Racing<\/strong><\/p>\n<ul>\n<li><strong>Conception ergonomique\u00a0<\/strong>\u00a0: Mod\u00e8le unisexe confortable et facile \u00e0 ajuster.<\/li>\n<li><strong>Protection solaire optimale\u00a0<\/strong>\u00a0: La large visi\u00e8re articul\u00e9e offre une protection solaire optimale pendant toutes vos courses.<\/li>\n<li><strong>Ultra-l\u00e9ger et respirant\u00a0<\/strong>\u00a0: Le tissu perfor\u00e9 est l\u00e9ger et offre une excellente ventilation, id\u00e9al pour les entra\u00eenements intensifs.<\/li>\n<li><strong>S\u00e9chage rapide\u00a0<\/strong>\u00a0: Le mat\u00e9riau \u00e9vacue rapidement la transpiration et l\u2019humidit\u00e9, gardant votre t\u00eate au frais.<\/li>\n<\/ul>","protected":false},"excerpt":{"rendered":"<div class=\"Fsg96\" data-sfc-cp=\"\" data-sfc-root=\"c\" data-sfc-cb=\"\" data-complete=\"true\" data-processed=\"true\">\n<div class=\"product-info-name\"><strong>Pro Racing Visor<\/strong><\/div>\n<div class=\"product attribute overview\">\n<div class=\"value\">La visi\u00e8re Pro Racing est con\u00e7ue pour offrir des performances et un confort ultimes, en mettant l&#8217;accent sur la protection solaire et la visibilit\u00e9 lors de vos courses les plus rapides.<\/div>\n<\/div>\n<\/div>\n<div class=\"Fsg96\" data-sfc-cp=\"\" data-sfc-root=\"c\" data-sfc-cb=\"\" data-complete=\"true\" data-processed=\"true\"><\/div>","protected":false},"featured_media":46549,"comment_status":"open","ping_status":"closed","template":"","meta":[],"product_brand":[329],"product_cat":[40,156,16,59],"product_tag":[],"class_list":{"0":"post-46548","1":"product","2":"type-product","3":"status-publish","4":"has-post-thumbnail","6":"product_brand-compressport","7":"product_cat-accessoires","8":"product_cat-casquettes-visieres-headband","9":"product_cat-course","10":"product_cat-triathlon","11":"zank_product_brands-compressport","12":"nt-post-class","13":"","19":"first","20":"instock","21":"taxable","22":"shipping-taxable","23":"purchasable","24":"product-type-simple"},"_links":{"self":[{"href":"https:\/\/www.infinitri.be\/it\/wp-json\/wp\/v2\/product\/46548","targetHints":{"allow":["GET"]}}],"collection":[{"href":"https:\/\/www.infinitri.be\/it\/wp-json\/wp\/v2\/product"}],"about":[{"href":"https:\/\/www.infinitri.be\/it\/wp-json\/wp\/v2\/types\/product"}],"replies":[{"embeddable":true,"href":"https:\/\/www.infinitri.be\/it\/wp-json\/wp\/v2\/comments?post=46548"}],"wp:featuredmedia":[{"embeddable":true,"href":"https:\/\/www.infinitri.be\/it\/wp-json\/wp\/v2\/media\/46549"}],"wp:attachment":[{"href":"https:\/\/www.infinitri.be\/it\/wp-json\/wp\/v2\/media?parent=46548"}],"wp:term":[{"taxonomy":"product_brand","embeddable":true,"href":"https:\/\/www.infinitri.be\/it\/wp-json\/wp\/v2\/product_brand?post=46548"},{"taxonomy":"product_cat","embeddable":true,"href":"https:\/\/www.infinitri.be\/it\/wp-json\/wp\/v2\/product_cat?post=46548"},{"taxonomy":"product_tag","embeddable":true,"href":"https:\/\/www.infinitri.be\/it\/wp-json\/wp\/v2\/product_tag?post=46548"}],"curies":[{"name":"wp","href":"https:\/\/api.w.org\/{rel}","templated":true}]}}