{"id":46589,"date":"2026-04-04T15:01:57","date_gmt":"2026-04-04T14:01:57","guid":{"rendered":"https:\/\/www.infinitri.be\/?post_type=product&#038;p=46589"},"modified":"2026-04-08T07:31:14","modified_gmt":"2026-04-08T06:31:14","slug":"compressport-performance-ss-tshirt-homme-zephyr-tie-dye","status":"publish","type":"product","link":"https:\/\/www.infinitri.be\/it\/prodotto\/compressport-performance-ss-tshirt-homme-zephyr-tie-dye\/","title":{"rendered":"Compressport Performance SS Tshirt Homme Zephyr Tie Dye"},"content":{"rendered":"<div class=\"Y3BBE\" data-sfc-cp=\"\" data-sfc-root=\"c\" data-sfc-cb=\"\" data-hveid=\"CAEIBhAA\" data-complete=\"true\" data-processed=\"true\">Le t-shirt\u00a0<strong class=\"Yjhzub\" data-sfc-root=\"c\" data-sfc-cb=\"\" data-complete=\"true\" data-processed=\"true\">Compressport Performance SS Zephyr<\/strong>\u00a0est le choix ultime des coureurs et triathl\u00e8tes qui exigent le meilleur de la technologie sans sacrifier le look. \ud83d\udd25<button class=\"rBl3me\" data-amic=\"true\" data-icl-uuid=\"ebacdc31-538e-4236-a89f-61aedda8a0ca\" aria-label=\"Afficher les liens associ\u00e9s\" data-wiz-attrbind=\"disabled=WY690c_17\/C5gNJc;aria-label=WY690c_17\/bOjMyf;class=WY690c_17\/UpSNec\" data-ved=\"2ahUKEwj3-eSnrtSTAxXvUqQEHfssDr8Qye0OegYIAQgGEAE\" data-hveid=\"CAEIBhAB\"><\/button><\/div>\n<div class=\"Y3BBE\" data-sfc-cp=\"\" data-sfc-root=\"c\" data-sfc-cb=\"\" data-hveid=\"CAEIBxAA\" data-complete=\"true\" data-processed=\"true\"><strong class=\"Yjhzub\" data-sfc-root=\"c\" data-sfc-cb=\"\" data-complete=\"true\" data-processed=\"true\">Pourquoi il va devenir votre favori :<\/strong><button class=\"rBl3me\" data-amic=\"true\" data-icl-uuid=\"dce32201-a58d-4ae9-90bb-9acdff05e1ce\" aria-label=\"Afficher les liens associ\u00e9s\" data-wiz-attrbind=\"disabled=WY690c_1c\/C5gNJc;aria-label=WY690c_1c\/bOjMyf;class=WY690c_1c\/UpSNec\" data-ved=\"2ahUKEwj3-eSnrtSTAxXvUqQEHfssDr8Qye0OegYIAQgHEAE\" data-hveid=\"CAEIBxAB\"><\/button><\/div>\n<ul class=\"KsbFXc U6u95\" data-sfc-root=\"c\" data-sfc-cb=\"\" data-complete=\"true\" data-processed=\"true\">\n<li class=\"dF3vjf\" data-sfc-root=\"c\" data-sfc-cb=\"\" data-hveid=\"CAEICBAA\" data-complete=\"true\" data-sae=\"\"><span class=\"T286Pc\" data-sfc-cp=\"\" data-sfc-root=\"c\" data-sfc-cb=\"\" data-complete=\"true\">\ud83c\udf21\ufe0f\u00a0<strong class=\"Yjhzub\" data-sfc-root=\"c\" data-sfc-cb=\"\" data-complete=\"true\">Thermor\u00e9gulation High-Tech<\/strong>\u00a0: Tissage en microfibre qui \u00e9vacue la sueur instantan\u00e9ment pour une peau toujours au sec.<\/span><\/li>\n<li class=\"dF3vjf\" data-sfc-root=\"c\" data-sfc-cb=\"\" data-hveid=\"CAEICBAB\" data-complete=\"true\" data-sae=\"\"><span class=\"T286Pc\" data-sfc-cp=\"\" data-sfc-root=\"c\" data-sfc-cb=\"\" data-complete=\"true\">\u2601\ufe0f\u00a0<strong class=\"Yjhzub\" data-sfc-root=\"c\" data-sfc-cb=\"\" data-complete=\"true\">Confort Absolu<\/strong>\u00a0: Conception\u00a0<strong class=\"Yjhzub\" data-sfc-root=\"c\" data-sfc-cb=\"\" data-complete=\"true\">Seamless<\/strong>\u00a0(sans couture) qui \u00e9limine totalement les risques d&#8217;\u00e9chauffements et d&#8217;irritations.<\/span><\/li>\n<li class=\"dF3vjf\" data-sfc-root=\"c\" data-sfc-cb=\"\" data-hveid=\"CAEICBAC\" data-complete=\"true\" data-sae=\"\"><span class=\"T286Pc\" data-sfc-cp=\"\" data-sfc-root=\"c\" data-sfc-cb=\"\" data-complete=\"true\">\ud83c\udf2c\ufe0f\u00a0<strong class=\"Yjhzub\" data-sfc-root=\"c\" data-sfc-cb=\"\" data-complete=\"true\">Ventilation &#8220;Body-Mapped&#8221;<\/strong>\u00a0: Zones d&#8217;a\u00e9ration tiss\u00e9es sur le torse, le dos et sous les bras pour une fra\u00eecheur continue.<\/span><\/li>\n<li class=\"dF3vjf\" data-sfc-root=\"c\" data-sfc-cb=\"\" data-hveid=\"CAEICBAD\" data-complete=\"true\" data-sae=\"\"><span class=\"T286Pc\" data-sfc-cp=\"\" data-sfc-root=\"c\" data-sfc-cb=\"\" data-complete=\"true\">\ud83d\udc55\u00a0<strong class=\"Yjhzub\" data-sfc-root=\"c\" data-sfc-cb=\"\" data-complete=\"true\">Coupe Homme Ergonomique<\/strong>\u00a0: Coupe\u00a0<strong class=\"Yjhzub\" data-sfc-root=\"c\" data-sfc-cb=\"\" data-complete=\"true\">Regular<\/strong>\u00a0ajust\u00e9e qui offre une libert\u00e9 de mouvement totale sans flotter.<\/span><\/li>\n<li class=\"dF3vjf\" data-sfc-root=\"c\" data-sfc-cb=\"\" data-hveid=\"CAEICBAE\" data-complete=\"true\" data-sae=\"\"><span class=\"T286Pc\" data-sfc-cp=\"\" data-sfc-root=\"c\" data-sfc-cb=\"\" data-complete=\"true\">\ud83e\udeb6\u00a0<strong class=\"Yjhzub\" data-sfc-root=\"c\" data-sfc-cb=\"\" data-complete=\"true\">Poids Plume<\/strong>\u00a0: Une sensation de l\u00e9g\u00e8ret\u00e9 incroyable (environ 68g) pour performer sans aucune contrainte.<\/span><\/li>\n<li class=\"dF3vjf\" data-sfc-root=\"c\" data-sfc-cb=\"\" data-hveid=\"CAEICBAF\" data-complete=\"true\" data-sae=\"\"><span class=\"T286Pc\" data-sfc-cp=\"\" data-sfc-root=\"c\" data-sfc-cb=\"\" data-complete=\"true\">\ud83c\udf00\u00a0<strong class=\"Yjhzub\" data-sfc-root=\"c\" data-sfc-cb=\"\" data-complete=\"true\">Design Exclusif<\/strong>\u00a0: Motif\u00a0<strong class=\"Yjhzub\" data-sfc-root=\"c\" data-sfc-cb=\"\" data-complete=\"true\">Tie Dye Zephyr<\/strong>\u00a0vibrant avec le message iconique &#8220;Eat My Dust!&#8221; pour afficher vos ambitions.<\/span><button class=\"rBl3me\" data-amic=\"true\" data-icl-uuid=\"41dc9faa-3773-4e12-add5-74f38ee60b4e\" aria-label=\"Afficher les liens associ\u00e9s\" data-wiz-attrbind=\"disabled=WY690c_21\/C5gNJc;aria-label=WY690c_21\/bOjMyf;class=WY690c_21\/UpSNec\" data-ved=\"2ahUKEwj3-eSnrtSTAxXvUqQEHfssDr8Qye0OegYIAQgIEAY\" data-hveid=\"CAEICBAG\"><\/button><\/li>\n<\/ul>\n<div class=\"Y3BBE\" data-sfc-cp=\"\" data-sfc-root=\"c\" data-sfc-cb=\"\" data-hveid=\"CAEICRAA\" data-complete=\"true\" data-processed=\"true\"><strong class=\"Yjhzub\" data-sfc-root=\"c\" data-sfc-cb=\"\" data-complete=\"true\" data-processed=\"true\">Infos Pratiques :<\/strong><button class=\"rBl3me\" data-amic=\"true\" data-icl-uuid=\"4214bb91-454c-411d-a280-e30b4616c3ea\" aria-label=\"Afficher les liens associ\u00e9s\" data-wiz-attrbind=\"disabled=WY690c_26\/C5gNJc;aria-label=WY690c_26\/bOjMyf;class=WY690c_26\/UpSNec\" data-ved=\"2ahUKEwj3-eSnrtSTAxXvUqQEHfssDr8Qye0OegYIAQgJEAE\" data-hveid=\"CAEICRAB\"><\/button><\/div>\n<ul class=\"KsbFXc U6u95\" data-sfc-root=\"c\" data-sfc-cb=\"\" data-complete=\"true\" data-processed=\"true\">\n<li class=\"dF3vjf\" data-sfc-root=\"c\" data-sfc-cb=\"\" data-hveid=\"CAEIChAA\" data-complete=\"true\" data-sae=\"\"><span class=\"T286Pc\" data-sfc-cp=\"\" data-sfc-root=\"c\" data-sfc-cb=\"\" data-complete=\"true\">\ud83c\udfc1\u00a0<strong class=\"Yjhzub\" data-sfc-root=\"c\" data-sfc-cb=\"\" data-complete=\"true\">Usage<\/strong>\u00a0: Course sur route, Trail running, Triathlon &amp; Entra\u00eenements intenses.<\/span><\/li>\n<li class=\"dF3vjf\" data-sfc-root=\"c\" data-sfc-cb=\"\" data-hveid=\"CAEIChAB\" data-complete=\"true\" data-sae=\"\"><span class=\"T286Pc\" data-sfc-cp=\"\" data-sfc-root=\"c\" data-sfc-cb=\"\" data-complete=\"true\">\ud83e\uddfc\u00a0<strong class=\"Yjhzub\" data-sfc-root=\"c\" data-sfc-cb=\"\" data-complete=\"true\">Entretien<\/strong>\u00a0: S\u00e9chage ultra-rapide et fibre hydrophobe qui ne retient pas l&#8217;eau.<\/span><\/li>\n<li class=\"dF3vjf\" data-sfc-root=\"c\" data-sfc-cb=\"\" data-hveid=\"CAEIChAC\" data-complete=\"true\" data-sae=\"\"><span class=\"T286Pc\" data-sfc-cp=\"\" data-sfc-root=\"c\" data-sfc-cb=\"\" data-complete=\"true\">\ud83c\udfa8\u00a0<strong class=\"Yjhzub\" data-sfc-root=\"c\" data-sfc-cb=\"\" data-complete=\"true\">Style<\/strong>\u00a0: \u00c9dition limit\u00e9e collection 2026.<\/span><button class=\"rBl3me\" data-amic=\"true\" data-icl-uuid=\"014acd7a-23eb-46d0-8ba7-b09bc2d68b71\" aria-label=\"Afficher les liens associ\u00e9s\" data-wiz-attrbind=\"disabled=WY690c_2j\/C5gNJc;aria-label=WY690c_2j\/bOjMyf;class=WY690c_2j\/UpSNec\" data-ved=\"2ahUKEwj3-eSnrtSTAxXvUqQEHfssDr8Qye0OegYIAQgKEAM\" data-hveid=\"CAEIChAD\"><\/button><\/li>\n<\/ul>\n<div class=\"col-md-3\"><span class=\"d-block d-md-block text-center text-md-left\"><img fetchpriority=\"high\" decoding=\"async\" class=\"chart-table-img img-fluid\" src=\"https:\/\/www.compressport.com\/inter\/modules\/sizeconversion\/views\/img\/TOP%20HOMME.jpg\" width=\"288\" height=\"384\" \/><\/span><\/div>\n<div class=\"col-md-9\">\n<div class=\"table-responsive-md\">\n<table id=\"chart_table_58\" class=\"table table-striped table-bordered text-center chart-table\">\n<thead class=\"thead-default\">\n<tr class=\"big_size\">\n<th><\/th>\n<th id=\"conversion_group_225\" colspan=\"1\">Poitrine<\/th>\n<th id=\"conversion_group_226\" colspan=\"1\">Taglia<\/th>\n<th id=\"conversion_group_227\" colspan=\"1\">Fianchi<\/th>\n<\/tr>\n<\/thead>\n<tbody>\n<tr class=\"chart-table-row\">\n<th class=\"cc-name\">XS<\/th>\n<td>84 &#8211; 89cm<\/td>\n<td>70 \u2013 75 cm<\/td>\n<td>83 \u2013 88 cm<\/td>\n<\/tr>\n<tr class=\"chart-table-row\">\n<th class=\"cc-name\">S<\/th>\n<td>90 &#8211; 95cm<\/td>\n<td>76 \u2013 81 cm<\/td>\n<td>89-94cm<\/td>\n<\/tr>\n<tr class=\"chart-table-row\">\n<th class=\"cc-name\">M<\/th>\n<td>96 &#8211; 101cm<\/td>\n<td>82 \u2013 87 cm<\/td>\n<td>95-100cm<\/td>\n<\/tr>\n<tr class=\"chart-table-row\">\n<th class=\"cc-name\">L<\/th>\n<td>102 &#8211; 107cm<\/td>\n<td>88 \u2013 93 cm<\/td>\n<td>101 \u2013 106 cm<\/td>\n<\/tr>\n<tr class=\"chart-table-row\">\n<th class=\"cc-name\">XL<\/th>\n<td>108 &#8211; 113cm<\/td>\n<td>94 \u2013 99 cm<\/td>\n<td>107 \u2013 112 cm<\/td>\n<\/tr>\n<\/tbody>\n<\/table>\n<\/div>\n<\/div>","protected":false},"excerpt":{"rendered":"<p>Repoussez vos limites avec le\u00a0<strong class=\"Yjhzub\" data-sfc-root=\"c\" data-sfc-cb=\"\" data-complete=\"true\">T-shirt Compressport Performance SS Zephyr<\/strong>\u00a0pour homme ! \ud83c\udfc3\u200d\u2642\ufe0f Alliant un style\u00a0<strong class=\"Yjhzub\" data-sfc-root=\"c\" data-sfc-cb=\"\" data-complete=\"true\">Tie Dye<\/strong>\u00a0audacieux \u00e0 une technologie de thermor\u00e9gulation de pointe, ce haut ultra-l\u00e9ger et sans couture est con\u00e7u pour la performance pure. Restez au frais, restez styl\u00e9 et laissez-les derri\u00e8re vous.\u00a0<strong class=\"Yjhzub\" data-sfc-root=\"c\" data-sfc-cb=\"\" data-complete=\"true\">Eat My Dust !<\/strong>\u00a0\ud83d\udca8<\/p>","protected":false},"featured_media":46590,"comment_status":"open","ping_status":"closed","template":"","meta":[],"product_brand":[329],"product_cat":[16,29],"product_tag":[],"class_list":{"0":"post-46589","1":"product","2":"type-product","3":"status-publish","4":"has-post-thumbnail","6":"product_brand-compressport","7":"product_cat-course","8":"product_cat-vestes-et-t-shirts","9":"zank_product_brands-compressport","10":"nt-post-class","11":"","17":"first","18":"instock","19":"taxable","20":"shipping-taxable","21":"purchasable","22":"product-type-variable"},"_links":{"self":[{"href":"https:\/\/www.infinitri.be\/it\/wp-json\/wp\/v2\/product\/46589","targetHints":{"allow":["GET"]}}],"collection":[{"href":"https:\/\/www.infinitri.be\/it\/wp-json\/wp\/v2\/product"}],"about":[{"href":"https:\/\/www.infinitri.be\/it\/wp-json\/wp\/v2\/types\/product"}],"replies":[{"embeddable":true,"href":"https:\/\/www.infinitri.be\/it\/wp-json\/wp\/v2\/comments?post=46589"}],"wp:featuredmedia":[{"embeddable":true,"href":"https:\/\/www.infinitri.be\/it\/wp-json\/wp\/v2\/media\/46590"}],"wp:attachment":[{"href":"https:\/\/www.infinitri.be\/it\/wp-json\/wp\/v2\/media?parent=46589"}],"wp:term":[{"taxonomy":"product_brand","embeddable":true,"href":"https:\/\/www.infinitri.be\/it\/wp-json\/wp\/v2\/product_brand?post=46589"},{"taxonomy":"product_cat","embeddable":true,"href":"https:\/\/www.infinitri.be\/it\/wp-json\/wp\/v2\/product_cat?post=46589"},{"taxonomy":"product_tag","embeddable":true,"href":"https:\/\/www.infinitri.be\/it\/wp-json\/wp\/v2\/product_tag?post=46589"}],"curies":[{"name":"wp","href":"https:\/\/api.w.org\/{rel}","templated":true}]}}