{"id":46772,"date":"2026-04-23T19:51:00","date_gmt":"2026-04-23T18:51:00","guid":{"rendered":"https:\/\/www.infinitri.be\/?post_type=product&#038;p=46772"},"modified":"2026-04-23T20:14:28","modified_gmt":"2026-04-23T19:14:28","slug":"arena-powerskin-st-limited-next-jammer-fireflow-seaglass-garcon-jr","status":"publish","type":"product","link":"https:\/\/www.infinitri.be\/it\/prodotto\/arena-powerskin-st-limited-next-jammer-fireflow-seaglass-garcon-jr\/","title":{"rendered":"Arena &#8211;  Powerskin ST Limited Next Jammer fireflow Seaglass &#8211; Gar\u00e7on JR"},"content":{"rendered":"<div class=\"AdPoic\" role=\"heading\" data-animation-nesting=\"\" data-sfc-cp=\"\" data-sfc-root=\"c\" data-sfc-cb=\"\" data-complete=\"true\" data-processed=\"true\" data-sae=\"\"><strong class=\"Yjhzub\" data-sfc-root=\"c\" data-sfc-cb=\"\" data-complete=\"true\">Technologie et \u00c9cologie au service de la performance<\/strong><\/div>\n<div class=\"Y3BBE\" data-sfc-cp=\"\" data-sfc-root=\"c\" data-sfc-cb=\"\" data-hveid=\"CAEICRAA\" data-complete=\"true\" data-processed=\"true\">Le jammer\u00a0<strong class=\"Yjhzub\" data-sfc-root=\"c\" data-sfc-cb=\"\" data-complete=\"true\" data-processed=\"true\">Arena Powerskin ST Next Junior &#8211; \u00c9dition Fireflow<\/strong>\u00a0marque une r\u00e9volution pour les jeunes comp\u00e9titeurs. Fabriqu\u00e9 avec plus de 60 % de tissus recycl\u00e9s provenant de d\u00e9chets textiles, il prouve que la performance de haut niveau peut \u00eatre durable. Ce mod\u00e8le est plus l\u00e9ger et plus rapide que jamais, offrant une exp\u00e9rience de glisse incomparable.<\/div>\n<div class=\"Fsg96\" data-sfc-cp=\"\" data-sfc-root=\"c\" data-sfc-cb=\"\" data-complete=\"true\" data-processed=\"true\"><\/div>\n<div class=\"AdPoic\" role=\"heading\" data-animation-nesting=\"\" data-sfc-cp=\"\" data-sfc-root=\"c\" data-sfc-cb=\"\" data-complete=\"true\" data-processed=\"true\" data-sae=\"\"><strong class=\"Yjhzub\" data-sfc-root=\"c\" data-sfc-cb=\"\" data-complete=\"true\">Design Fireflow : L&#8217;\u00e9nergie \u00e0 l&#8217;\u00e9tat pur<\/strong><\/div>\n<div class=\"Y3BBE\" data-sfc-cp=\"\" data-sfc-root=\"c\" data-sfc-cb=\"\" data-hveid=\"CAEIChAA\" data-complete=\"true\" data-processed=\"true\">Inspir\u00e9 par l&#8217;\u00e9quilibre entre la force int\u00e9rieure (Fire) et la fluidit\u00e9 du mouvement (Flow), le coloris\u00a0<strong class=\"Yjhzub\" data-sfc-root=\"c\" data-sfc-cb=\"\" data-complete=\"true\" data-processed=\"true\">Seaglass<\/strong>\u00a0apporte une esth\u00e9tique moderne et dynamique. Ses nuances de bleu et de jaune garantissent une allure de pro lors de chaque d\u00e9part.<\/div>\n<div data-sfc-cp=\"\" data-sfc-root=\"c\" data-sfc-cb=\"\" data-hveid=\"CAEIChAA\" data-complete=\"true\" data-processed=\"true\"><\/div>\n<div data-sfc-cp=\"\" data-sfc-root=\"c\" data-sfc-cb=\"\" data-hveid=\"CAEIChAA\" data-complete=\"true\" data-processed=\"true\">\n<div class=\"pWvJNd\" data-sfc-root=\"c\" data-sfc-cb=\"\" data-processed=\"true\" data-complete=\"true\">\n<div class=\"mZJni Dn7Fzd\" dir=\"ltr\" data-container-id=\"main-col\" data-xid=\"VpUvz\" data-sfc-root=\"c\" data-sfc-cb=\"\" data-ved=\"2ahUKEwiox-yh0oSUAxVXRaQEHbAOFOsQ3KYQegYIAQgAEAE\" data-processed=\"true\">\n<div class=\"AdPoic\" role=\"heading\" data-animation-nesting=\"\" data-sfc-cp=\"\" data-sfc-root=\"c\" data-sfc-cb=\"\" data-complete=\"true\" data-processed=\"true\" data-sae=\"\"><strong class=\"Yjhzub\" data-sfc-root=\"c\" data-sfc-cb=\"\" data-complete=\"true\">Pourquoi choisir le ST Next Jammer pour gar\u00e7on ?<\/strong><\/div>\n<ul class=\"KsbFXc U6u95\" data-sfc-root=\"c\" data-sfc-cb=\"\" data-complete=\"true\" data-processed=\"true\">\n<li class=\"Z1qcYe\" data-sfc-cp=\"\" data-sfc-root=\"c\" data-sfc-cb=\"\" data-hveid=\"CAEICxAA\" data-complete=\"true\" data-sae=\"\"><span class=\"T286Pc\" data-sfc-cp=\"\" data-sfc-root=\"c\" data-sfc-cb=\"\" data-complete=\"true\"><strong class=\"Yjhzub\" data-sfc-root=\"c\" data-sfc-cb=\"\" data-complete=\"true\">Position du corps am\u00e9lior\u00e9e :<\/strong>\u00a0La structure du tissu offre une compression intelligente qui aide \u00e0 maintenir les hanches hautes sur l&#8217;eau, am\u00e9liorant ainsi l&#8217;hydrodynamisme.<\/span><\/li>\n<li class=\"Z1qcYe\" data-sfc-cp=\"\" data-sfc-root=\"c\" data-sfc-cb=\"\" data-hveid=\"CAEICxAB\" data-complete=\"true\" data-sae=\"\"><span class=\"T286Pc\" data-sfc-cp=\"\" data-sfc-root=\"c\" data-sfc-cb=\"\" data-complete=\"true\"><strong class=\"Yjhzub\" data-sfc-root=\"c\" data-sfc-cb=\"\" data-complete=\"true\">Confort et Ajustement :<\/strong>\u00a0Gr\u00e2ce \u00e0 sa composition am\u00e9lior\u00e9e, ce jammer est plus facile \u00e0 enfiler que les mod\u00e8les de tr\u00e8s haute compression, tout en restant parfaitement ajust\u00e9 durant l&#8217;effort.<\/span><\/li>\n<li class=\"Z1qcYe\" data-sfc-cp=\"\" data-sfc-root=\"c\" data-sfc-cb=\"\" data-hveid=\"CAEICxAC\" data-complete=\"true\" data-sae=\"\"><span class=\"T286Pc\" data-sfc-cp=\"\" data-sfc-root=\"c\" data-sfc-cb=\"\" data-complete=\"true\"><strong class=\"Yjhzub\" data-sfc-root=\"c\" data-sfc-cb=\"\" data-complete=\"true\">Absorption d&#8217;eau minimale :<\/strong>\u00a0Le textile technique repousse l&#8217;eau, \u00e9vitant au maillot de s&#8217;alourdir pendant la course, ce qui permet de conserver une vitesse maximale jusqu&#8217;au mur.<\/span><\/li>\n<li class=\"Z1qcYe\" data-sfc-cp=\"\" data-sfc-root=\"c\" data-sfc-cb=\"\" data-hveid=\"CAEICxAD\" data-complete=\"true\" data-sae=\"\"><span class=\"T286Pc\" data-sfc-cp=\"\" data-sfc-root=\"c\" data-sfc-cb=\"\" data-complete=\"true\"><strong class=\"Yjhzub\" data-sfc-root=\"c\" data-sfc-cb=\"\" data-complete=\"true\">Libert\u00e9 de mouvement :<\/strong>\u00a0Les coutures plates ergonomiques sont plac\u00e9es de mani\u00e8re strat\u00e9gique pour ne jamais entraver le mouvement des jambes, quel que soit le type de nage.<\/span><\/li>\n<\/ul>\n<div class=\"Y3BBE\" data-sfc-cp=\"\" data-sfc-root=\"c\" data-sfc-cb=\"\" data-hveid=\"CAEIDBAA\" data-complete=\"true\" data-processed=\"true\"><strong class=\"Yjhzub\" data-sfc-root=\"c\" data-sfc-cb=\"\" data-complete=\"true\" data-processed=\"true\">D\u00e9tails techniques :<\/strong><\/div>\n<ul class=\"KsbFXc U6u95\" data-sfc-root=\"c\" data-sfc-cb=\"\" data-complete=\"true\" data-processed=\"true\">\n<li class=\"Z1qcYe\" data-sfc-cp=\"\" data-sfc-root=\"c\" data-sfc-cb=\"\" data-hveid=\"CAEIDRAA\" data-complete=\"true\" data-sae=\"\"><span class=\"T286Pc\" data-sfc-cp=\"\" data-sfc-root=\"c\" data-sfc-cb=\"\" data-complete=\"true\"><strong class=\"Yjhzub\" data-sfc-root=\"c\" data-sfc-cb=\"\" data-complete=\"true\">Composition :<\/strong>\u00a065% Polyamide recycl\u00e9, 35% \u00c9lasthanne.<\/span><\/li>\n<li class=\"Z1qcYe\" data-sfc-cp=\"\" data-sfc-root=\"c\" data-sfc-cb=\"\" data-hveid=\"CAEIDRAB\" data-complete=\"true\" data-sae=\"\"><span class=\"T286Pc\" data-sfc-cp=\"\" data-sfc-root=\"c\" data-sfc-cb=\"\" data-complete=\"true\"><strong class=\"Yjhzub\" data-sfc-root=\"c\" data-sfc-cb=\"\" data-complete=\"true\">Entretien :<\/strong>\u00a0Cordon de serrage interne pour un ajustement personnalis\u00e9.<\/span><\/li>\n<li class=\"Z1qcYe\" data-sfc-cp=\"\" data-sfc-root=\"c\" data-sfc-cb=\"\" data-hveid=\"CAEIDRAC\" data-complete=\"true\" data-sae=\"\"><span class=\"T286Pc\" data-sfc-cp=\"\" data-sfc-root=\"c\" data-sfc-cb=\"\" data-complete=\"true\"><strong class=\"Yjhzub\" data-sfc-root=\"c\" data-sfc-cb=\"\" data-complete=\"true\">Usage :<\/strong>\u00a0Id\u00e9al pour les premi\u00e8res comp\u00e9titions et les nageurs de club r\u00e9guliers.<\/span><\/li>\n<\/ul>\n<div class=\"Fsg96\" data-sfc-cp=\"\" data-sfc-root=\"c\" data-sfc-cb=\"\" data-complete=\"true\" data-processed=\"true\"><\/div>\n<div data-xid=\"Gd7Hsc\" data-sfc-cp=\"\" data-sfc-root=\"c\" data-wiz-uids=\"AzFHzc_2l\" data-sfc-cb=\"\" data-complete=\"true\" data-processed=\"true\">\n<div class=\"DBd2Wb\" data-complete=\"true\" data-processed=\"true\">\n<div class=\"zkL70c\" data-processed=\"true\">\n<div class=\"RkJvxe\" data-sfc-root=\"c\" data-wiz-uids=\"AzFHzc_2o\" data-sfc-cb=\"\" data-complete=\"true\" data-processed=\"true\">\n<div class=\"YHsVn\" data-sfc-cp=\"\" data-sfc-root=\"c\" data-wiz-uids=\"AzFHzc_2q,AzFHzc_2r,AzFHzc_2s\" data-sfc-cb=\"\" data-complete=\"true\" data-processed=\"true\">\n<div class=\"\" data-processed=\"true\"><\/div>\n<\/div>\n<\/div>\n<div data-xid=\"YruvMc\" data-sfc-root=\"c\" data-sfc-cb=\"\" data-complete=\"true\" data-processed=\"true\">\n<div class=\"OUQe0e\" data-processed=\"true\">\n<div id=\"shrproxy40\" class=\"bQ0Yzc\" data-ved=\"0CAAQp4QQahcKEwjwmvHtzYSUAxUAAAAAHQAAAAAQYQ\" data-hveid=\"0\">\n<div class=\"\"><\/div>\n<div><\/div>\n<div><\/div>\n<\/div>\n<\/div>\n<\/div>\n<div data-sfc-root=\"c\" data-wiz-uids=\"AzFHzc_3f,AzFHzc_3g,AzFHzc_3h\" data-sfc-cb=\"\" data-complete=\"true\" data-processed=\"true\">\n<div id=\"fbproxy41\" class=\"UrecDd\" data-processed=\"true\">\n<div class=\"YHsVn\" data-sfc-cp=\"\" data-sfc-root=\"c\" data-wiz-uids=\"AzFHzc_3j,AzFHzc_3k,AzFHzc_3l\" data-sfc-cb=\"\" data-complete=\"true\" data-processed=\"true\"><\/div>\n<div class=\"YHsVn\" data-sfc-cp=\"\" data-sfc-root=\"c\" data-wiz-uids=\"AzFHzc_3n,AzFHzc_3o,AzFHzc_3p\" data-sfc-cb=\"\" data-complete=\"true\" data-processed=\"true\"><\/div>\n<\/div>\n<\/div>\n<div class=\"FYF80\" data-processed=\"true\"><\/div>\n<\/div>\n<\/div>\n<div data-zzy=\"1\" data-processed=\"true\"><\/div>\n<\/div>\n<div class=\"Fsg96\" data-sfc-cp=\"\" data-sfc-root=\"c\" data-sfc-cb=\"\" data-complete=\"true\" data-processed=\"true\"><\/div>\n<div data-subtree=\"aimba\" data-sfc-cp=\"\" data-sfc-root=\"c\" data-sfc-cb=\"\" data-complete=\"true\" data-processed=\"true\">\n<div class=\"Jd31eb\" data-sfc-root=\"c\" data-sfc-cb=\"\" data-complete=\"true\" data-processed=\"true\">\n<div class=\"cycAue\" data-ved=\"2ahUKEwiox-yh0oSUAxVXRaQEHbAOFOsQ3OMSegYIAQgREAA\" data-hveid=\"CAEIERAA\" data-processed=\"true\"><\/div>\n<\/div>\n<\/div>\n<\/div>\n<div class=\"SGF5Lb\" data-processed=\"true\">\n<div data-container-id=\"6\" data-processed=\"true\"><\/div>\n<\/div>\n<div class=\"SGF5Lb\" data-processed=\"true\">\n<div data-container-id=\"7\" data-processed=\"true\"><\/div>\n<\/div>\n<div class=\"SGF5Lb\" data-processed=\"true\">\n<div data-container-id=\"8\" data-processed=\"true\"><\/div>\n<\/div>\n<div class=\"SGF5Lb\" data-processed=\"true\">\n<div data-container-id=\"9\" data-processed=\"true\"><\/div>\n<\/div>\n<div class=\"SGF5Lb\" data-processed=\"true\">\n<div data-container-id=\"10\" data-processed=\"true\"><\/div>\n<\/div>\n<div class=\"SGF5Lb\" data-processed=\"true\">\n<div data-container-id=\"11\" data-processed=\"true\"><\/div>\n<\/div>\n<div class=\"SGF5Lb\" data-processed=\"true\">\n<div data-container-id=\"12\" data-processed=\"true\"><\/div>\n<\/div>\n<\/div>\n<div class=\"\" data-sfc-root=\"c\" data-sfc-cb=\"\" data-complete=\"true\" data-processed=\"true\"><\/div>\n<\/div>\n<p><!--themify_builder_static--><\/p>\n<p><!--\/themify_builder_static--><\/p>","protected":false},"excerpt":{"rendered":"<div class=\"Y3BBE\" data-sfc-cp=\"\" data-sfc-root=\"c\" data-sfc-cb=\"\" data-hveid=\"CAEIAxAA\" data-complete=\"true\" data-processed=\"true\"><strong class=\"Yjhzub\" data-sfc-root=\"c\" data-sfc-cb=\"\" data-complete=\"true\" data-processed=\"true\">Le Jammer de comp\u00e9tition nouvelle g\u00e9n\u00e9ration pour les futurs champions !<\/strong><\/div>\n<div class=\"Y3BBE\" data-sfc-cp=\"\" data-sfc-root=\"c\" data-sfc-cb=\"\" data-hveid=\"CAEIBBAA\" data-complete=\"true\" data-processed=\"true\">Le\u00a0<strong class=\"Yjhzub\" data-sfc-root=\"c\" data-sfc-cb=\"\" data-complete=\"true\" data-processed=\"true\">Arena Powerskin ST Next Fireflow Seaglass pour gar\u00e7on<\/strong>\u00a0est le premier jammer de course au monde con\u00e7u \u00e0 partir de fibres recycl\u00e9es. Alliant style exclusif et performance technique, cette \u00e9dition limit\u00e9e offre une glisse exceptionnelle et une compression cibl\u00e9e pour aider les jeunes nageurs \u00e0 battre leurs records.<\/div>\n<ul class=\"KsbFXc U6u95\" data-sfc-root=\"c\" data-sfc-cb=\"\" data-complete=\"true\" data-processed=\"true\">\n<li class=\"Z1qcYe\" data-sfc-cp=\"\" data-sfc-root=\"c\" data-sfc-cb=\"\" data-hveid=\"CAEIBRAA\" data-complete=\"true\" data-sae=\"\"><span class=\"T286Pc\" data-sfc-cp=\"\" data-sfc-root=\"c\" data-sfc-cb=\"\" data-complete=\"true\"><strong class=\"Yjhzub\" data-sfc-root=\"c\" data-sfc-cb=\"\" data-complete=\"true\">Type :<\/strong>\u00a0Jammer de comp\u00e9tition (gar\u00e7on).<\/span><\/li>\n<li class=\"Z1qcYe\" data-sfc-cp=\"\" data-sfc-root=\"c\" data-sfc-cb=\"\" data-hveid=\"CAEIBRAB\" data-complete=\"true\" data-sae=\"\"><span class=\"T286Pc\" data-sfc-cp=\"\" data-sfc-root=\"c\" data-sfc-cb=\"\" data-complete=\"true\"><strong class=\"Yjhzub\" data-sfc-root=\"c\" data-sfc-cb=\"\" data-complete=\"true\">Innovation :<\/strong>\u00a020 % plus l\u00e9ger que le ST 2.0 pour une tra\u00een\u00e9e r\u00e9duite.<\/span><\/li>\n<li class=\"Z1qcYe\" data-sfc-cp=\"\" data-sfc-root=\"c\" data-sfc-cb=\"\" data-hveid=\"CAEIBRAC\" data-complete=\"true\" data-sae=\"\"><span class=\"T286Pc\" data-sfc-cp=\"\" data-sfc-root=\"c\" data-sfc-cb=\"\" data-complete=\"true\"><strong class=\"Yjhzub\" data-sfc-root=\"c\" data-sfc-cb=\"\" data-complete=\"true\">Maintien :<\/strong>\u00a0Compression optimale des quadriceps et soutien de la sangle abdominale.<\/span><\/li>\n<li class=\"Z1qcYe\" data-sfc-cp=\"\" data-sfc-root=\"c\" data-sfc-cb=\"\" data-hveid=\"CAEIBRAD\" data-complete=\"true\" data-sae=\"\"><span class=\"T286Pc\" data-sfc-cp=\"\" data-sfc-root=\"c\" data-sfc-cb=\"\" data-complete=\"true\"><strong class=\"Yjhzub\" data-sfc-root=\"c\" data-sfc-cb=\"\" data-complete=\"true\">Certifi\u00e9 :<\/strong>\u00a0Approuv\u00e9 par\u00a0<strong class=\"Yjhzub\" data-sfc-root=\"c\" data-sfc-cb=\"\" data-complete=\"true\">World Aquatics (FINA)<\/strong>.<\/span><\/li>\n<\/ul>","protected":false},"featured_media":46776,"comment_status":"open","ping_status":"closed","template":"","meta":[],"product_brand":[326],"product_cat":[60,126,41],"product_tag":[],"class_list":{"0":"post-46772","1":"product","2":"type-product","3":"status-publish","4":"has-post-thumbnail","6":"product_brand-arena","7":"product_cat-fina","8":"product_cat-maillot-competition","9":"product_cat-natation","10":"zank_product_brands-arena","11":"nt-post-class","12":"","18":"first","19":"instock","20":"taxable","21":"shipping-taxable","22":"purchasable","23":"product-type-variable"},"_links":{"self":[{"href":"https:\/\/www.infinitri.be\/it\/wp-json\/wp\/v2\/product\/46772","targetHints":{"allow":["GET"]}}],"collection":[{"href":"https:\/\/www.infinitri.be\/it\/wp-json\/wp\/v2\/product"}],"about":[{"href":"https:\/\/www.infinitri.be\/it\/wp-json\/wp\/v2\/types\/product"}],"replies":[{"embeddable":true,"href":"https:\/\/www.infinitri.be\/it\/wp-json\/wp\/v2\/comments?post=46772"}],"wp:featuredmedia":[{"embeddable":true,"href":"https:\/\/www.infinitri.be\/it\/wp-json\/wp\/v2\/media\/46776"}],"wp:attachment":[{"href":"https:\/\/www.infinitri.be\/it\/wp-json\/wp\/v2\/media?parent=46772"}],"wp:term":[{"taxonomy":"product_brand","embeddable":true,"href":"https:\/\/www.infinitri.be\/it\/wp-json\/wp\/v2\/product_brand?post=46772"},{"taxonomy":"product_cat","embeddable":true,"href":"https:\/\/www.infinitri.be\/it\/wp-json\/wp\/v2\/product_cat?post=46772"},{"taxonomy":"product_tag","embeddable":true,"href":"https:\/\/www.infinitri.be\/it\/wp-json\/wp\/v2\/product_tag?post=46772"}],"curies":[{"name":"wp","href":"https:\/\/api.w.org\/{rel}","templated":true}]}}