{"id":579,"date":"2023-01-31T22:17:52","date_gmt":"2023-01-31T22:17:52","guid":{"rendered":"https:\/\/infinitri.be\/?page_id=490"},"modified":"2023-01-31T22:17:52","modified_gmt":"2023-01-31T22:17:52","slug":"retours","status":"publish","type":"page","link":"https:\/\/www.infinitri.be\/nl\/retours\/","title":{"rendered":"Retours"},"content":{"rendered":"<p><strong>BON DE RETOUR<\/strong><\/p>\n\n\n\n<p>Notre politique de retours, \u00e9changes &amp; remboursements<\/p>\n\n\n\n<p>Vous disposez d\u2019un d\u00e9lai de 14 jours apr\u00e8s r\u00e9ception de votre commande pass\u00e9e sur le webshop infinitri.com pour retourner tout ou une partie de vos achats contre \u00e9change ou remboursement, s\u2019ils ne vous conviennent pas.<\/p>\n\n\n\n<p>Artikel 6: Recht van afstand<\/p>\n\n\n\n<p>Overeenkomstig de wet heeft de consument het recht aan de Verkoper mee te delen dat hij afziet van zijn aankoop, zonder betaling van een boete en zonder opgave van motief binnen 14 werkdagen vanaf de dag die volgt op de levering van het product of het sluiten van het dienstencontract. Dit verzakingsrecht is niet van toepassing op de professionele Koper.<\/p>\n\n\n\n<p>Binnen deze periode moet de consument zijn intentie om de overeenkomst te herroepen kenbaar maken door gebruik te maken van het retourformulier en op eigen kosten en risico het geleverde product terugsturen naar het hoofdkantoor van Infinitri S.P.R.L. :<\/p>\n\n\n\n<p>Rue Doyard 7C 4520 Vinalmont.<\/p>\n\n\n\n<p>Producten moeten worden geretourneerd in hun originele, onbeschadigde verpakking, vergezeld van alle accessoires, de gebruikershandleiding en de originele factuur\/afleverbon. Producten die op deze manier worden geretourneerd, mogen niet zijn uitgepakt, ontzegeld of op enigerlei wijze zijn gebruikt. Ze moeten gelabeld zijn en de beschermstrip voor badkleding en ondergoed moet zijn aangebracht. Goederen die incompleet, beschadigd of bevuild zijn door de klant worden niet teruggenomen.<\/p>\n\n\n\n<p>Binnen 14 dagen, als de terugzending voldoet aan de acceptatievoorwaarden, na aanvaarding van de terugzending van de goederen, verbindt de Verkoper zich ertoe om elke betaling terug te betalen, met uitzondering van de leveringskosten. De terugbetaling zal worden gedaan op de bankkaart die is gebruikt voor de oorspronkelijke betaling bij ontvangst van de geretourneerde producten.<\/p>\n\n\n\n<p>Alleen producten die zijn gekocht via www www.infinitri.be\/ kunnen worden geretourneerd via het online retourproces. Artikelen die niet aan dit criterium voldoen, kunnen niet worden geretourneerd naar de afzender (artikelen gekocht in een andere winkel of op stands voor directe verkoop).<\/p>\n\n\n\n<p>Au-del\u00e0 du d\u00e9lai de 14 jours, aucun article ne pourra \u00eatre ni repris, ni \u00e9chang\u00e9.<\/p>\n\n\n\n<p>Pour plus d\u2019information ou si vous avez besoin d\u2019aide, nous vous invitons \u00e0 nous contacter par email \u00e0 l\u2019adresse suivante : info@infinitri.be<\/p>\n\n\n\n<p>Comment retourner un article infinitri<\/p>\n\n\n\n<p>1. Contactez-nous sur l\u2019adresse suivante&nbsp;<a href=\"mailto:info@infinitri.be\">info@infinitri.be<\/a><\/p>\n\n\n\n<p>2. T\u00e9l\u00e9chargez et compl\u00e9tez le bon de retour ci-apr\u00e8s en renseignant les r\u00e9f\u00e9rences de l\u2019article retourn\u00e9, sa quantit\u00e9, s\u2019il s\u2019agit d\u2019un \u00e9change ou d\u2019un remboursement et le motif de votre retour.<\/p>\n\n\n\n<p>3. Ins\u00e9rez-le bon de retour dans votre colis accompagn\u00e9 de l\u2019article \u00e0 nous retourner. Assurez-vous de choisir un emballage protecteur et qu\u2019il soit bien scell\u00e9.<\/p>\n\n\n\n\n<!--themify_builder_static--><a href=\"https:\/\/www.infinitri.be\/wp-content\/uploads\/2023\/01\/BON-DE-RETOUR.pdf\" > T\u00e9l\u00e9charger le bon de retour <\/a><!--\/themify_builder_static-->","protected":false},"excerpt":{"rendered":"<p>BON DE RETOUR Notre politique de retours, \u00e9changes &amp; remboursements Vous disposez d\u2019un d\u00e9lai de 14 jours apr\u00e8s r\u00e9ception de votre commande pass\u00e9e sur le webshop infinitri.com pour retourner tout ou une partie de vos achats contre \u00e9change ou remboursement, s\u2019ils ne vous conviennent pas. Article 6 : Droit de renonciation Conform\u00e9ment \u00e0 la loi,&#8230;<\/p>","protected":false},"author":1,"featured_media":0,"parent":0,"menu_order":0,"comment_status":"closed","ping_status":"closed","template":"","meta":{"footnotes":""},"class_list":{"0":"post-579","1":"page","2":"type-page","3":"status-publish","4":"hentry","5":"nt-post-class","6":"","7":"thumb-none","9":"excerpt-none"},"_links":{"self":[{"href":"https:\/\/www.infinitri.be\/nl\/wp-json\/wp\/v2\/pages\/579","targetHints":{"allow":["GET"]}}],"collection":[{"href":"https:\/\/www.infinitri.be\/nl\/wp-json\/wp\/v2\/pages"}],"about":[{"href":"https:\/\/www.infinitri.be\/nl\/wp-json\/wp\/v2\/types\/page"}],"author":[{"embeddable":true,"href":"https:\/\/www.infinitri.be\/nl\/wp-json\/wp\/v2\/users\/1"}],"replies":[{"embeddable":true,"href":"https:\/\/www.infinitri.be\/nl\/wp-json\/wp\/v2\/comments?post=579"}],"version-history":[{"count":0,"href":"https:\/\/www.infinitri.be\/nl\/wp-json\/wp\/v2\/pages\/579\/revisions"}],"wp:attachment":[{"href":"https:\/\/www.infinitri.be\/nl\/wp-json\/wp\/v2\/media?parent=579"}],"curies":[{"name":"wp","href":"https:\/\/api.w.org\/{rel}","templated":true}]}}