{"id":28274,"date":"2025-12-25T16:44:57","date_gmt":"2025-12-25T16:44:57","guid":{"rendered":"https:\/\/www.infinitri.be\/?post_type=product&#038;p=28274"},"modified":"2026-04-04T17:34:18","modified_gmt":"2026-04-04T16:34:18","slug":"fusion-c3-long-tights-homme","status":"publish","type":"product","link":"https:\/\/www.infinitri.be\/nl\/product\/fusion-c3-long-tights-homme\/","title":{"rendered":"Fusion C3 Lange Tights voor Heren"},"content":{"rendered":"<p><!--themify_builder_static--><\/p>\n<h1 style=\"text-align: center\">Beschrijving \u2699<\/h1>\n<p style=\"text-align: left\">Collants classiques polyvalents \u00e0 utiliser entre 0\u00b0C et 20\u00b0C. Un partenaire d&#8217;entra\u00eenement robuste lors des journ\u00e9es plus froides, notamment au printemps et en automne. \u00c9galement fr\u00e9quemment utilis\u00e9 pour la d\u00e9tente en salle.<\/p>\n<p style=\"text-align: left\">Un design intemporel enti\u00e8rement test\u00e9, qui a fait l&#8217;objet de 15 ann\u00e9es de d\u00e9veloppement et d&#8217;utilisation intensive, est la garantie que votre collant durera pendant des ann\u00e9es \u00e0 l&#8217;entra\u00eenement, en comp\u00e9tition et dans la machine.<\/p>\n<p style=\"text-align: left\">Agr\u00e9ablement confortable : Notre mat\u00e9riau sp\u00e9cial C3 permet une \u00e9vacuation rapide et efficace de l&#8217;humidit\u00e9, pour que vous n&#8217;ayez jamais froid et ne soyez pas humide pendant ou apr\u00e8s l&#8217;activit\u00e9.<\/p>\n<p style=\"text-align: left\">Optimale pasvorm: Je panty blijft op zijn plaats zitten tijdens je activiteit, omdat we gebruik maken van een circulair breisel en een hoog percentage powerfit elastaan, waardoor vervelende ritsen overbodig zijn.<\/p>\n<p style=\"text-align: left\">Il est dot\u00e9 d&#8217;une large bande \u00e9lastique au niveau des hanches avec un cordon r\u00e9glable et de poches FUSION fonctionnelles qui maintiennent le contenu pr\u00e8s du corps sans perturber les mouvements naturels. Des r\u00e9flexes 3M discrets mais efficaces sur le bas des jambes assurent une visibilit\u00e9 \u00e0 360 degr\u00e9s dans l&#8217;obscurit\u00e9.<\/p>\n<p><img fetchpriority=\"high\" decoding=\"async\" title=\"C3-Long-tights_0034_Black_4front_v3_low-3226774_750x\" src=\"https:\/\/infinitri.be\/wp-content\/uploads\/2023\/02\/C3-Long-tights_0034_Black_4front_v3_low-3226774_750x-545x545.webp\" alt=\"C3-Long-tights_0034_Black_4front_v3_low-3226774_750x\" width=\"545\" height=\"545\" \/><\/p>\n<h1>Technische specificaties<\/h1>\n<ul>\n<li>Tissu Compressor3 unique, \u00e0 \u00e9vacuation active, fabriqu\u00e9 en Italie<\/li>\n<li>Poches \u00e0 gel \u00e0 l&#8217;ext\u00e9rieur des cuisses pour les gels (jusqu&#8217;\u00e0 3 par poche) \/ les cl\u00e9s \/ le t\u00e9l\u00e9phone<\/li>\n<li>Bande de taille profonde pour un confort maximal<\/li>\n<li>Poche enveloppe arri\u00e8re discr\u00e8te pour les cl\u00e9s ou des aliments suppl\u00e9mentaires<\/li>\n<li>Reflecterende strips op onderbenen (voor en achter) voor betere zichtbaarheid.<\/li>\n<li>Bande \u00e9lastique avec cordon de serrage pour un ajustement personnalis\u00e9.<\/li>\n<li>Geproduceerd in Europa in de FUSION-fabriek.<\/li>\n<li>Product gecertificeerd volgens STANDARD 100 door OEKO-TEX\u00ae. Dit betekent dat alle componenten, zoals stoffen, garens, transfers, ritsen, elastieken, labels enz., zijn getest en goedgekeurd volgens de norm en dus geen schadelijke stoffen bevatten.<\/li>\n<\/ul>\n<p>PROTECTION CONTRE LE VENT \u2605\u2605\u2605<\/p>\n<p>PROTECTION CONTRE LA PLUIE \u2605\u2605\u2605<\/p>\n<p>&nbsp;<\/p>\n<p style=\"text-align: center\">LICHTHEID \u2605\u2605\u2605<\/p>\n<p>AANGEPASTE SNEDE \u2605\u2605\u2605\u2605<\/p>\n<p>NIVEAU DE COMPRESSION \u2605\u2605\u2605\u2605<\/p>\n<h1 style=\"text-align: center\">Materiaal \ud83d\udc56<\/h1>\n<p>Tricot circulaire. 77% polyamide, 23% \u00e9lasthanne.<\/p>\n<p>Le mat\u00e9riau unique et durable FUSION C3 assure une adaptation parfaite du produit gr\u00e2ce \u00e0 la construction en tricot circulaire et \u00e0 la teneur exceptionnellement \u00e9lev\u00e9e en powerfit-\u00e9lasthanne.<\/p>\n<p>La mati\u00e8re FUSION C3 assure un v\u00e9ritable transport actif de la transpiration en \u00e9vacuant la sueur de la surface de la peau et en la transportant vers la surface ext\u00e9rieure du tissu, o\u00f9 elle se dissipe sur une plus grande surface et s&#8217;\u00e9vapore rapidement.<\/p>\n<p>Votre peau reste confortable &#8211; et vous sentez que vous transpirez moins. Tout cela gr\u00e2ce \u00e0 un effet de m\u00e8che capillaire m\u00e9canique qui reste le m\u00eame pendant toute la dur\u00e9e de vie du produit.<\/p>\n<p>Nous ne craignons pas de fournir des efforts suppl\u00e9mentaires dans le processus de d\u00e9veloppement des tissus.<\/p>\n<p><img decoding=\"async\" title=\"C3-Long-tights_0034_Black_7front_v2_low-3137046_750x\" src=\"https:\/\/infinitri.be\/wp-content\/uploads\/2023\/02\/C3-Long-tights_0034_Black_7front_v2_low-3137046_750x-545x545.webp\" alt=\"C3-Long-tights_0034_Black_7front_v2_low-3137046_750x\" width=\"545\" height=\"545\" \/><br \/>\n<img fetchpriority=\"high\" decoding=\"async\" title=\"C3-Long-tights_0034_Black_4front_v3_low-3226774_750x\" src=\"https:\/\/infinitri.be\/wp-content\/uploads\/2023\/02\/C3-Long-tights_0034_Black_4front_v3_low-3226774_750x-545x545.webp\" alt=\"C3-Long-tights_0034_Black_4front_v3_low-3226774_750x\" width=\"545\" height=\"545\" \/><\/p>\n<h1 style=\"text-align: center\">Onderhoudstips \ud83d\udca1<\/h1>\n<p>Was het voor het eerste gebruik. Als u bij de eerste wasbeurt een beetje azijn toevoegt, blijft de kleur helderder en gaat deze langer mee.<\/p>\n<p>Was uw sportkleding op maximaal 40 \u00b0C. Gebruik geen wasmiddel of bleekmiddel.<\/p>\n<p>Het gebruik van reinigingsmiddel beperkt het transport van vocht uit het product.<\/p>\n<p>Laat uw FUSION-sportkleding aan de lucht drogen. Doe het niet in de droogtrommel.<\/p>\n<p>Let op scherpe voorwerpen, randen en klittenband van rugzakken, riemen en dergelijke, die tegen de stof en naden van uw kleding schuren. Dit kan de stof en naden van uw FUSION-sportkleding beschadigen.<\/p>\n<h1 style=\"text-align: center\">Wat is mijn maat?<\/h1>\n<p><img decoding=\"async\" title=\"c3-long-tights-unisexe-size\" src=\"https:\/\/infinitri.be\/wp-content\/uploads\/2023\/02\/c3-long-tights-unisexe-size.png\" alt=\"c3-long-tights-unisexe-size\" \/><br \/>\n<img decoding=\"async\" title=\"fusie-logo-uitgebreid\" src=\"https:\/\/infinitri.be\/wp-content\/uploads\/2023\/01\/fusion-logo-expanded.svg\" alt=\"fusion-logo-expanded\" width=\"545\" height=\"545\" \/><!--\/themify_builder_static--><\/p>","protected":false},"excerpt":{"rendered":"<p>Collants classiques polyvalents \u00e0 utiliser entre 0\u00b0C et 20\u00b0C. Un partenaire d&#8217;entra\u00eenement robuste lors des journ\u00e9es plus froides, notamment au printemps et en automne. \u00c9galement fr\u00e9quemment utilis\u00e9 pour la d\u00e9tente en salle.<\/p>","protected":false},"featured_media":115,"comment_status":"open","ping_status":"closed","template":"","meta":[],"product_brand":[331],"product_cat":[17,16,18],"product_tag":[],"class_list":{"0":"post-28274","1":"product","2":"type-product","3":"status-publish","4":"has-post-thumbnail","6":"product_brand-fusion","7":"product_cat-bas","8":"product_cat-course","9":"product_cat-shorts-collants","10":"zank_product_brands-fusion","11":"nt-post-class","12":"","18":"first","19":"instock","20":"taxable","21":"shipping-taxable","22":"purchasable","23":"product-type-variable"},"_links":{"self":[{"href":"https:\/\/www.infinitri.be\/nl\/wp-json\/wp\/v2\/product\/28274","targetHints":{"allow":["GET"]}}],"collection":[{"href":"https:\/\/www.infinitri.be\/nl\/wp-json\/wp\/v2\/product"}],"about":[{"href":"https:\/\/www.infinitri.be\/nl\/wp-json\/wp\/v2\/types\/product"}],"replies":[{"embeddable":true,"href":"https:\/\/www.infinitri.be\/nl\/wp-json\/wp\/v2\/comments?post=28274"}],"wp:featuredmedia":[{"embeddable":true,"href":"https:\/\/www.infinitri.be\/nl\/wp-json\/wp\/v2\/media\/115"}],"wp:attachment":[{"href":"https:\/\/www.infinitri.be\/nl\/wp-json\/wp\/v2\/media?parent=28274"}],"wp:term":[{"taxonomy":"product_brand","embeddable":true,"href":"https:\/\/www.infinitri.be\/nl\/wp-json\/wp\/v2\/product_brand?post=28274"},{"taxonomy":"product_cat","embeddable":true,"href":"https:\/\/www.infinitri.be\/nl\/wp-json\/wp\/v2\/product_cat?post=28274"},{"taxonomy":"product_tag","embeddable":true,"href":"https:\/\/www.infinitri.be\/nl\/wp-json\/wp\/v2\/product_tag?post=28274"}],"curies":[{"name":"wp","href":"https:\/\/api.w.org\/{rel}","templated":true}]}}