{"id":28311,"date":"2025-12-25T16:45:00","date_gmt":"2025-12-25T16:45:00","guid":{"rendered":"https:\/\/www.infinitri.be\/?post_type=product&#038;p=28311"},"modified":"2026-04-04T17:34:10","modified_gmt":"2026-04-04T16:34:10","slug":"fusion-c3-zip-neck-femme","status":"publish","type":"product","link":"https:\/\/www.infinitri.be\/nl\/product\/fusion-c3-zip-neck-femme\/","title":{"rendered":"Fusion C3 Zip Neck Dames"},"content":{"rendered":"<p><!--themify_builder_static--><\/p>\n<h1 style=\"text-align: center\">Beschrijving \u2699<\/h1>\n<p>Notre mat\u00e9riau sp\u00e9cial C3 rend le WOMEN&#8217;S C3 ZIP NECK doux et confortable et assure une \u00e9vacuation rapide et efficace de l&#8217;humidit\u00e9, afin que vous n&#8217;ayez jamais froid et ne soyez pas humide pendant ou apr\u00e8s l&#8217;activit\u00e9.<\/p>\n<p style=\"text-align: left\">La coupe est moyennement serr\u00e9e<\/p>\n<p><img fetchpriority=\"high\" decoding=\"async\" src=\"https:\/\/infinitri.be\/wp-content\/uploads\/2023\/02\/Womens-C3-zip-neck_0155_Grey_4f_v2-4026789_750x-545x545.webp\" width=\"545\" height=\"545\" title=\"Womens-C3-zip-neck_0155_Grey_4f_v2-4026789_750x\" alt=\"Womens-C3-zip-neck_0155_Grey_4f_v2-4026789_750x\" \/><\/p>\n<h1>Technische specificaties<\/h1>\n<ul>\n<li>Excellentes propri\u00e9t\u00e9s d&#8217;\u00e9vacuation de l&#8217;humidit\u00e9. L&#8217;humidit\u00e9 est transport\u00e9e de la peau vers l&#8217;ext\u00e9rieur, o\u00f9 elle se disperse sur une plus grande surface et s&#8217;\u00e9vapore rapidement.<\/li>\n<li>Fermeture \u00e9clair YKK courte<\/li>\n<li>Coutures flatlock souples<\/li>\n<li>Bandes r\u00e9fl\u00e9chissantes dans le dos pour une meilleure visibilit\u00e9<\/li>\n<li>Stof geproduceerd in Itali\u00eb<\/li>\n<li>Fabriqu\u00e9 en Europe \u00e0 la FUSION.FACTORY<\/li>\n<li>Product gecertificeerd volgens STANDARD 100 door OEKO-TEX\u00ae. Dit betekent dat alle componenten, zoals stoffen, garens, transfers, ritsen, elastieken, labels enz., zijn getest en goedgekeurd volgens de norm en dus geen schadelijke stoffen bevatten.<\/li>\n<\/ul>\n<p>    <em style=\"color:#000000\"><\/em>PROTECTION CONTRE LE VENT \u2605\u2605\u2605<\/p>\n<p>    <em style=\"color:#000000\"><\/em>PROTECTION CONTRE LA PLUIE \u2605\u2605\u2605<\/p>\n<p>    <em style=\"color:#000000\"><\/em><\/p>\n<p style=\"text-align: center\">LICHTHEID \u2605\u2605\u2605<\/p>\n<p>    <em style=\"color:#000000\"><\/em>AANGEPASTE SNEDE \u2605\u2605\u2605\u2605<\/p>\n<p>    <em style=\"color:#000000\"><\/em>COMPRESSIENIVEAU \u2605\u2605\u2605<\/p>\n<h1 style=\"text-align: center\">Materiaal \ud83d\udc56<\/h1>\n<p style=\"text-align: left\">Tricot circulaire. 92% polyester 8% \u00e9lasthanne<\/p>\n<p style=\"text-align: left\">Utilisation de 5\u00b0C \u00e0 10\u00b0C<\/p>\n<p><img decoding=\"async\" src=\"https:\/\/infinitri.be\/wp-content\/uploads\/2023\/02\/Womens-C3-zip-neck_0155_Grey_5f_v2-4026791_750x-545x545.webp\" width=\"545\" height=\"545\" title=\"Womens-C3-zip-neck_0155_Grey_5f_v2-4026791_750x\" alt=\"Womens-C3-zip-neck_0155_Grey_5f_v2-4026791_750x\" \/><br \/>\n<img decoding=\"async\" src=\"https:\/\/infinitri.be\/wp-content\/uploads\/2023\/02\/Mens-C3-zip-neck_0166_Grey_7d_v1-4927174_750x-545x545.jpg\" width=\"545\" height=\"545\" title=\"Mens-C3-zip-neck_0166_Grey_7d_v1-4927174_750x\" alt=\"Mens-C3-zip-neck_0166_Grey_7d_v1-4927174_750x\" \/><\/p>\n<h1 style=\"text-align: center\">Onderhoudstips \ud83d\udca1<\/h1>\n<p>Was het voor het eerste gebruik. Als u bij de eerste wasbeurt een beetje azijn toevoegt, blijft de kleur helderder en gaat deze langer mee.<\/p>\n<p>Was uw sportkleding op maximaal 40 \u00b0C. Gebruik geen wasmiddel of bleekmiddel.<\/p>\n<p>Het gebruik van reinigingsmiddel beperkt het transport van vocht uit het product.<\/p>\n<p>Laat uw FUSION-sportkleding aan de lucht drogen. Doe het niet in de droogtrommel.<\/p>\n<p>Let op scherpe voorwerpen, randen en klittenband van rugzakken, riemen en dergelijke, die tegen de stof en naden van uw kleding schuren. Dit kan de stof en naden van uw FUSION-sportkleding beschadigen.<\/p>\n<h1 style=\"text-align: center\">Wat is mijn maat?<\/h1>\n<p><img decoding=\"async\" src=\"https:\/\/infinitri.be\/wp-content\/uploads\/2023\/02\/c3-women-rip-neck-size.png\" title=\"c3-women-rip-neck-size\" alt=\"c3-women-rip-neck-size\" \/><br \/>\n<img loading=\"lazy\" decoding=\"async\" src=\"https:\/\/infinitri.be\/wp-content\/uploads\/2023\/01\/fusion-logo-expanded.svg\" width=\"545\" height=\"545\" title=\"fusie-logo-uitgebreid\" alt=\"fusion-logo-expanded\"><!--\/themify_builder_static--><\/p>","protected":false},"excerpt":{"rendered":"<p>Un dessus \u00e0 manches longues et \u00e0 fermeture \u00e9clair avec col demi-haut pour l&#8217;entra\u00eenement, les activit\u00e9s de plein air et la d\u00e9tente.<\/p>","protected":false},"featured_media":170,"comment_status":"open","ping_status":"closed","template":"","meta":[],"product_brand":[331],"product_cat":[16,28,29],"product_tag":[],"class_list":{"0":"post-28311","1":"product","2":"type-product","3":"status-publish","4":"has-post-thumbnail","6":"product_brand-fusion","7":"product_cat-course","8":"product_cat-tops-pulls","9":"product_cat-vestes-et-t-shirts","10":"zank_product_brands-fusion","11":"nt-post-class","12":"","18":"first","19":"instock","20":"taxable","21":"shipping-taxable","22":"purchasable","23":"product-type-variable"},"_links":{"self":[{"href":"https:\/\/www.infinitri.be\/nl\/wp-json\/wp\/v2\/product\/28311","targetHints":{"allow":["GET"]}}],"collection":[{"href":"https:\/\/www.infinitri.be\/nl\/wp-json\/wp\/v2\/product"}],"about":[{"href":"https:\/\/www.infinitri.be\/nl\/wp-json\/wp\/v2\/types\/product"}],"replies":[{"embeddable":true,"href":"https:\/\/www.infinitri.be\/nl\/wp-json\/wp\/v2\/comments?post=28311"}],"wp:featuredmedia":[{"embeddable":true,"href":"https:\/\/www.infinitri.be\/nl\/wp-json\/wp\/v2\/media\/170"}],"wp:attachment":[{"href":"https:\/\/www.infinitri.be\/nl\/wp-json\/wp\/v2\/media?parent=28311"}],"wp:term":[{"taxonomy":"product_brand","embeddable":true,"href":"https:\/\/www.infinitri.be\/nl\/wp-json\/wp\/v2\/product_brand?post=28311"},{"taxonomy":"product_cat","embeddable":true,"href":"https:\/\/www.infinitri.be\/nl\/wp-json\/wp\/v2\/product_cat?post=28311"},{"taxonomy":"product_tag","embeddable":true,"href":"https:\/\/www.infinitri.be\/nl\/wp-json\/wp\/v2\/product_tag?post=28311"}],"curies":[{"name":"wp","href":"https:\/\/api.w.org\/{rel}","templated":true}]}}