{"id":28412,"date":"2025-12-25T16:45:12","date_gmt":"2025-12-25T16:45:12","guid":{"rendered":"https:\/\/www.infinitri.be\/?post_type=product&#038;p=28412"},"modified":"2026-04-04T17:34:02","modified_gmt":"2026-04-04T16:34:02","slug":"fusion-s3-long-bib-tights","status":"publish","type":"product","link":"https:\/\/www.infinitri.be\/nl\/product\/fusion-s3-long-bib-tights\/","title":{"rendered":"Fusion -S3 Lange fietsbroek met bretels"},"content":{"rendered":"<p><!--themify_builder_static--><\/p>\n<h1 style=\"text-align: center\">Beschrijving \u2699<\/h1>\n<p style=\"text-align: left\">La membrane sp\u00e9ciale \u00e0 3 couches dans les jambes de votre S3 LONG BIB TIGHTS a un ext\u00e9rieur d\u00e9perlant, une haute respirabilit\u00e9 et isole \u00e9galement bien. Le mat\u00e9riau est tr\u00e8s \u00e9lastique, de sorte que le collant offre une coupe ajust\u00e9e, quelle que soit la morphologie, et un confort unique lorsqu&#8217;il est port\u00e9 par-dessus vos bavoirs courts pr\u00e9f\u00e9r\u00e9s, car le collant long est sans rembourrage.<\/p>\n<p style=\"text-align: left\">Le mat\u00e9riau du devant de la jambe est constitu\u00e9 d&#8217;une technologie moderne de membrane \u00e0 3 couches fabriqu\u00e9e en Europe. Le pantalon est une couche ext\u00e9rieure chaude et protectrice qui n\u00e9cessite une paire de cuissardes courtes pour obtenir des performances optimales. Le produit est con\u00e7u pour \u00eatre port\u00e9 avec la veste Fusion S3.<\/p>\n<p style=\"text-align: left\">Le collant offre une visibilit\u00e9 r\u00e9fl\u00e9chissante 3M \u00e0 360 degr\u00e9s. La coupe est serr\u00e9e et moyenne. Recommand\u00e9 pour l&#8217;entra\u00eenement cycliste.<\/p>\n<p><img fetchpriority=\"high\" decoding=\"async\" title=\"S3-Cycling-Jacket_0039_Black_6f_v3-4827358_750x\" src=\"https:\/\/infinitri.be\/wp-content\/uploads\/2023\/02\/S3-Cycling-Jacket_0039_Black_6f_v3-4827358_750x-545x545.webp\" alt=\"S3-Cycling-Jacket_0039_Black_6f_v3-4827358_750x\" width=\"545\" height=\"545\" \/><\/p>\n<h1>Technische specificaties<\/h1>\n<ul>\n<li>Le tissu S3 &#8220;Super Soft&#8221;, tr\u00e8s \u00e9lastique, assure un ajustement serr\u00e9 et confortable pour toutes les morphologies. Tissu produit en Italie<\/li>\n<li>Het hoge ademend vermogen zorgt voor extra comfort bij een breed temperatuurbereik.<\/li>\n<li>Sans chamois, \u00e0 porter par-dessus le cuissard Fusion<\/li>\n<li>Visibilit\u00e9 r\u00e9fl\u00e9chissante \u00e0 360 degr\u00e9s<\/li>\n<li>Unisexproducten<\/li>\n<li>Geproduceerd in Europa in de FUSION-fabriek.<\/li>\n<li>Product gecertificeerd volgens STANDARD 100 door OEKO-TEX\u00ae. Dit betekent dat alle componenten, zoals stoffen, garens, transfers, ritsen, elastieken, labels enz., zijn getest en goedgekeurd volgens de norm en dus geen schadelijke stoffen bevatten.<\/li>\n<\/ul>\n<p>WINDBESCHERMING \u2605\u2605\u2605\u2605\u2605<\/p>\n<p>BESCHERMING TEGEN REGEN \u2605\u2605\u2605\u2605\u2605<\/p>\n<p>&nbsp;<\/p>\n<p style=\"text-align: center\">L\u00c9G\u00c8RET\u00c9 \u2605\u2605\u2605\u2605\u2605<\/p>\n<p>AANGEPASTE SNEDE \u2605\u2605\u2605\u2605<\/p>\n<p>COMPRESSIENIVEAU \u2605\u2605\u2605<\/p>\n<h1 style=\"text-align: center\">Materiaal \ud83d\udc56<\/h1>\n<p style=\"text-align: left\">Devant de la jambe : 73% nylon, 27% \u00e9lasthanne<\/p>\n<p style=\"text-align: left\">Dos de la jambe : 100% polyester<\/p>\n<p style=\"text-align: left\">Membraan: 100% polyurethaan<\/p>\n<p style=\"text-align: left\">Te gebruiken van -5\u00b0C tot 5\u00b0C<\/p>\n<p><img decoding=\"async\" title=\"S3-long-bib-tights_0038_Black_7_v3-3733517_2000x\" src=\"https:\/\/infinitri.be\/wp-content\/uploads\/2023\/02\/S3-long-bib-tights_0038_Black_7_v3-3733517_2000x-1-768x1024-545x545.jpg\" alt=\"S3-long-bib-tights_0038_Black_7_v3-3733517_2000x\" width=\"545\" height=\"545\" \/><br \/>\n<img decoding=\"async\" title=\"S3-Cycling-Jacket_0039_Orange_5b_v2-4636489_750x\" src=\"https:\/\/infinitri.be\/wp-content\/uploads\/2023\/02\/S3-Cycling-Jacket_0039_Orange_5b_v2-4636489_750x-545x545.webp\" alt=\"S3-Cycling-Jacket_0039_Orange_5b_v2-4636489_750x\" width=\"545\" height=\"545\" \/><\/p>\n<h1 style=\"text-align: center\">Onderhoudstips \ud83d\udca1<\/h1>\n<p>Was het voor het eerste gebruik. Als u bij de eerste wasbeurt een beetje azijn toevoegt, blijft de kleur helderder en gaat deze langer mee.<\/p>\n<p>Was uw sportkleding op maximaal 40 \u00b0C. Gebruik geen wasmiddel of bleekmiddel.<\/p>\n<p>Het gebruik van reinigingsmiddel beperkt het transport van vocht uit het product.<\/p>\n<p>Laat uw FUSION-sportkleding aan de lucht drogen. Doe het niet in de droogtrommel.<\/p>\n<p>Let op scherpe voorwerpen, randen en klittenband van rugzakken, riemen en dergelijke, die tegen de stof en naden van uw kleding schuren. Dit kan de stof en naden van uw FUSION-sportkleding beschadigen.<\/p>\n<h1 style=\"text-align: center\">Wat is mijn maat?<\/h1>\n<p><img decoding=\"async\" title=\"s3-long-bib-tights\" src=\"https:\/\/infinitri.be\/wp-content\/uploads\/2023\/02\/s3-long-bib-tights.png\" alt=\"s3-long-bib-tights\" \/><br \/>\n<img loading=\"lazy\" decoding=\"async\" title=\"fusie-logo-uitgebreid\" src=\"https:\/\/infinitri.be\/wp-content\/uploads\/2023\/01\/fusion-logo-expanded.svg\" alt=\"fusion-logo-expanded\" width=\"545\" height=\"545\" \/><!--\/themify_builder_static--><\/p>","protected":false},"excerpt":{"rendered":"<p>Collants longs pour l&#8217;entra\u00eenement pendant les mois froids de l&#8217;hiver &#8211; <strong>unisex<\/strong>. Ce produit est de taille NORMALE, ce qui signifie que vous devez commander la taille que vous utilisez normalement dans d&#8217;autres marques de v\u00eatements de sport. Des collants de cyclisme longs qui vous prot\u00e8gent vraiment lors de vos sorties d&#8217;entra\u00eenement pendant les mois froids de l&#8217;hiver. Ces collants de cyclisme sont unisexes pour les hommes et les femmes.<\/p>","protected":false},"featured_media":378,"comment_status":"open","ping_status":"closed","template":"","meta":[],"product_brand":[331],"product_cat":[39,37],"product_tag":[],"class_list":{"0":"post-28412","1":"product","2":"type-product","3":"status-publish","4":"has-post-thumbnail","6":"product_brand-fusion","7":"product_cat-cuissards","8":"product_cat-cyclisme","9":"zank_product_brands-fusion","10":"nt-post-class","11":"","17":"first","18":"instock","19":"taxable","20":"shipping-taxable","21":"purchasable","22":"product-type-variable"},"_links":{"self":[{"href":"https:\/\/www.infinitri.be\/nl\/wp-json\/wp\/v2\/product\/28412","targetHints":{"allow":["GET"]}}],"collection":[{"href":"https:\/\/www.infinitri.be\/nl\/wp-json\/wp\/v2\/product"}],"about":[{"href":"https:\/\/www.infinitri.be\/nl\/wp-json\/wp\/v2\/types\/product"}],"replies":[{"embeddable":true,"href":"https:\/\/www.infinitri.be\/nl\/wp-json\/wp\/v2\/comments?post=28412"}],"wp:featuredmedia":[{"embeddable":true,"href":"https:\/\/www.infinitri.be\/nl\/wp-json\/wp\/v2\/media\/378"}],"wp:attachment":[{"href":"https:\/\/www.infinitri.be\/nl\/wp-json\/wp\/v2\/media?parent=28412"}],"wp:term":[{"taxonomy":"product_brand","embeddable":true,"href":"https:\/\/www.infinitri.be\/nl\/wp-json\/wp\/v2\/product_brand?post=28412"},{"taxonomy":"product_cat","embeddable":true,"href":"https:\/\/www.infinitri.be\/nl\/wp-json\/wp\/v2\/product_cat?post=28412"},{"taxonomy":"product_tag","embeddable":true,"href":"https:\/\/www.infinitri.be\/nl\/wp-json\/wp\/v2\/product_tag?post=28412"}],"curies":[{"name":"wp","href":"https:\/\/api.w.org\/{rel}","templated":true}]}}