{"id":28461,"date":"2025-12-25T16:45:18","date_gmt":"2025-12-25T16:45:18","guid":{"rendered":"https:\/\/www.infinitri.be\/?post_type=product&#038;p=28461"},"modified":"2026-04-04T18:43:33","modified_gmt":"2026-04-04T17:43:33","slug":"arena-bonnet-beachvibes","status":"publish","type":"product","link":"https:\/\/www.infinitri.be\/nl\/product\/arena-bonnet-beachvibes\/","title":{"rendered":"Arena \u2013 Beachvibes-badmuts"},"content":{"rendered":"","protected":false},"excerpt":{"rendered":"<p>Le bonnet unisexe confortable arena Print2 s\u2019adapte parfaitement \u00e0 toutes les formes de t\u00eate. Le bonnet prot\u00e8ge les cheveux du chlore et reduit la tra\u00eenee. Son bord renforce emp\u00eache le bonnet de remonter. La mati\u00e8re speciale en silicone au toucher peau de p\u00eache assure une stabilite et un maintien ameliores. Disponible dans plusieurs motifs originaux.<\/p>","protected":false},"featured_media":492,"comment_status":"open","ping_status":"closed","template":"","meta":[],"product_brand":[326],"product_cat":[40,43,41],"product_tag":[],"class_list":{"0":"post-28461","1":"product","2":"type-product","3":"status-publish","4":"has-post-thumbnail","6":"product_brand-arena","7":"product_cat-accessoires","8":"product_cat-bonnet","9":"product_cat-natation","10":"zank_product_brands-arena","11":"nt-post-class","12":"","18":"first","19":"instock","20":"taxable","21":"shipping-taxable","22":"purchasable","23":"product-type-simple"},"_links":{"self":[{"href":"https:\/\/www.infinitri.be\/nl\/wp-json\/wp\/v2\/product\/28461","targetHints":{"allow":["GET"]}}],"collection":[{"href":"https:\/\/www.infinitri.be\/nl\/wp-json\/wp\/v2\/product"}],"about":[{"href":"https:\/\/www.infinitri.be\/nl\/wp-json\/wp\/v2\/types\/product"}],"replies":[{"embeddable":true,"href":"https:\/\/www.infinitri.be\/nl\/wp-json\/wp\/v2\/comments?post=28461"}],"wp:featuredmedia":[{"embeddable":true,"href":"https:\/\/www.infinitri.be\/nl\/wp-json\/wp\/v2\/media\/492"}],"wp:attachment":[{"href":"https:\/\/www.infinitri.be\/nl\/wp-json\/wp\/v2\/media?parent=28461"}],"wp:term":[{"taxonomy":"product_brand","embeddable":true,"href":"https:\/\/www.infinitri.be\/nl\/wp-json\/wp\/v2\/product_brand?post=28461"},{"taxonomy":"product_cat","embeddable":true,"href":"https:\/\/www.infinitri.be\/nl\/wp-json\/wp\/v2\/product_cat?post=28461"},{"taxonomy":"product_tag","embeddable":true,"href":"https:\/\/www.infinitri.be\/nl\/wp-json\/wp\/v2\/product_tag?post=28461"}],"curies":[{"name":"wp","href":"https:\/\/api.w.org\/{rel}","templated":true}]}}