{"id":28495,"date":"2025-12-25T16:45:21","date_gmt":"2025-12-25T16:45:21","guid":{"rendered":"https:\/\/www.infinitri.be\/?post_type=product&#038;p=28495"},"modified":"2026-04-12T12:07:05","modified_gmt":"2026-04-12T11:07:05","slug":"arena-fastpack-3-0","status":"publish","type":"product","link":"https:\/\/www.infinitri.be\/nl\/product\/arena-fastpack-3-0\/","title":{"rendered":"Arena - Fastpack 3.0"},"content":{"rendered":"","protected":false},"excerpt":{"rendered":"<p>Pratique et polyvalent, le sac \u00e0 dos arena Fastpack3.0 est con\u00e7u pour les nageuses et nageurs, les triathl\u00e8tes et les personnes qui aiment le sport. Son grand compartiment arri\u00e8re offre une capacite de rangement suffisante, permettant m\u00eame de loger de grands accessoires d\u2019entra\u00eenement tels que les planches. Le compartiment de fond spacieux est id\u00e9al pour ranger les v\u00eatements mouill\u00e9s et peut contenir deux paires de chaussures. Le sac \u00e0 dos peut se suspendre \u00e0 l\u2019aide du mousqueton . Il comprend un sac \u00e9tanche s\u00e9pare pour le transport des v\u00eatements mouill\u00e9s. Le panneau arri\u00e8re rembourre et respirant ainsi que les bandouli\u00e8res ergonomiques offrent un excellent confort m\u00eame lorsque le sac \u00e0 dos est enti\u00e8rement rempli. Le fond renforce prot\u00e8ge vos affaires des sols mouilles. Dimensions: 54x36x 27cm, 40L<\/p>","protected":false},"featured_media":27730,"comment_status":"open","ping_status":"closed","template":"","meta":[],"product_brand":[326],"product_cat":[40,41,58,59],"product_tag":[],"class_list":{"0":"post-28495","1":"product","2":"type-product","3":"status-publish","4":"has-post-thumbnail","6":"product_brand-arena","7":"product_cat-accessoires","8":"product_cat-natation","9":"product_cat-sacs","10":"product_cat-triathlon","11":"zank_product_brands-arena","12":"nt-post-class","13":"","19":"first","20":"instock","21":"sale","22":"taxable","23":"shipping-taxable","24":"purchasable","25":"product-type-variable"},"_links":{"self":[{"href":"https:\/\/www.infinitri.be\/nl\/wp-json\/wp\/v2\/product\/28495","targetHints":{"allow":["GET"]}}],"collection":[{"href":"https:\/\/www.infinitri.be\/nl\/wp-json\/wp\/v2\/product"}],"about":[{"href":"https:\/\/www.infinitri.be\/nl\/wp-json\/wp\/v2\/types\/product"}],"replies":[{"embeddable":true,"href":"https:\/\/www.infinitri.be\/nl\/wp-json\/wp\/v2\/comments?post=28495"}],"wp:featuredmedia":[{"embeddable":true,"href":"https:\/\/www.infinitri.be\/nl\/wp-json\/wp\/v2\/media\/27730"}],"wp:attachment":[{"href":"https:\/\/www.infinitri.be\/nl\/wp-json\/wp\/v2\/media?parent=28495"}],"wp:term":[{"taxonomy":"product_brand","embeddable":true,"href":"https:\/\/www.infinitri.be\/nl\/wp-json\/wp\/v2\/product_brand?post=28495"},{"taxonomy":"product_cat","embeddable":true,"href":"https:\/\/www.infinitri.be\/nl\/wp-json\/wp\/v2\/product_cat?post=28495"},{"taxonomy":"product_tag","embeddable":true,"href":"https:\/\/www.infinitri.be\/nl\/wp-json\/wp\/v2\/product_tag?post=28495"}],"curies":[{"name":"wp","href":"https:\/\/api.w.org\/{rel}","templated":true}]}}