{"id":28509,"date":"2025-12-25T16:45:22","date_gmt":"2025-12-25T16:45:22","guid":{"rendered":"https:\/\/www.infinitri.be\/?post_type=product&#038;p=28509"},"modified":"2026-04-04T17:30:40","modified_gmt":"2026-04-04T16:30:40","slug":"arena-swedix-mirror","status":"publish","type":"product","link":"https:\/\/www.infinitri.be\/nl\/product\/arena-swedix-mirror\/","title":{"rendered":"Arena \u2013 Swedix Mirror"},"content":{"rendered":"<p>Article livre avec quatreponts de nez et une sangle supplementaire. La sangle double est facilement ajustable \u00e0 l\u2019arri\u00e8re de la t\u00eate et garantit un maintien stable, m\u00eame au depart et dans les virages. Ces lunettes sans PVC sont dotees d\u2019un traitement antibuee et d\u2019une protection UV. Ce style est disponible avec des verres \u00e0 effet miroir clairs pour la natation en interieur ou sombres pour la natation en exterieur.<\/p>\n<p>&nbsp;<\/p>","protected":false},"excerpt":{"rendered":"<p>Decouvrez la version contemporaine des lunettes suedoises traditionnelles avec verres \u00e0 effet miroir. Ultra-leg\u00e8res, les lunettes unisexes arena Swedix Mirror, approuvees par la FINA, sont con\u00e7ues pour les nageurs competiteurs. Les verres durs separes garantissent une excellente vision frontale. Les joints fins avec traitement en caoutchouc thermoplastique garantissent un confort maximal. Les ponts de nez style suedois garantissent un ajustement sur mesure parfaitement adapte aux differentes formes de nez et de visage.<\/p>","protected":false},"featured_media":27769,"comment_status":"open","ping_status":"closed","template":"","meta":[],"product_brand":[326],"product_cat":[60,54,55,56,41,59],"product_tag":[],"class_list":{"0":"post-28509","1":"product","2":"type-product","3":"status-publish","4":"has-post-thumbnail","6":"product_brand-arena","7":"product_cat-fina","8":"product_cat-lunettes","9":"product_cat-lunettes-natation","10":"product_cat-lunettes-triathlon","11":"product_cat-natation","12":"product_cat-triathlon","13":"zank_product_brands-arena","14":"nt-post-class","15":"","21":"first","22":"outofstock","23":"taxable","24":"shipping-taxable","25":"purchasable","26":"product-type-variable"},"_links":{"self":[{"href":"https:\/\/www.infinitri.be\/nl\/wp-json\/wp\/v2\/product\/28509","targetHints":{"allow":["GET"]}}],"collection":[{"href":"https:\/\/www.infinitri.be\/nl\/wp-json\/wp\/v2\/product"}],"about":[{"href":"https:\/\/www.infinitri.be\/nl\/wp-json\/wp\/v2\/types\/product"}],"replies":[{"embeddable":true,"href":"https:\/\/www.infinitri.be\/nl\/wp-json\/wp\/v2\/comments?post=28509"}],"wp:featuredmedia":[{"embeddable":true,"href":"https:\/\/www.infinitri.be\/nl\/wp-json\/wp\/v2\/media\/27769"}],"wp:attachment":[{"href":"https:\/\/www.infinitri.be\/nl\/wp-json\/wp\/v2\/media?parent=28509"}],"wp:term":[{"taxonomy":"product_brand","embeddable":true,"href":"https:\/\/www.infinitri.be\/nl\/wp-json\/wp\/v2\/product_brand?post=28509"},{"taxonomy":"product_cat","embeddable":true,"href":"https:\/\/www.infinitri.be\/nl\/wp-json\/wp\/v2\/product_cat?post=28509"},{"taxonomy":"product_tag","embeddable":true,"href":"https:\/\/www.infinitri.be\/nl\/wp-json\/wp\/v2\/product_tag?post=28509"}],"curies":[{"name":"wp","href":"https:\/\/api.w.org\/{rel}","templated":true}]}}