{"id":28526,"date":"2025-12-25T16:45:25","date_gmt":"2025-12-25T16:45:25","guid":{"rendered":"https:\/\/www.infinitri.be\/?post_type=product&#038;p=28526"},"modified":"2026-04-04T17:30:24","modified_gmt":"2026-04-04T16:30:24","slug":"arena-one-double-cross-femme","status":"publish","type":"product","link":"https:\/\/www.infinitri.be\/nl\/product\/arena-one-double-cross-femme\/","title":{"rendered":"Arena - Een dubbel kruis - Dames"},"content":{"rendered":"<p>De ultrachloorbestendige MaxLife Eco-stof met ge\u00efntegreerde UPF 50+ UV-bescherming is duurzaam en droogt zeer snel. Deze nieuwe eco-verantwoorde versie van arena MaxLife stof bevat minstens 50% polyester gerecycled uit PET plastic flessen. Bovendien komt het uit een geoptimaliseerd productieproces om energie te besparen, CO\u00b2-uitstoot te verminderen en waterverbruik te minimaliseren. De open achterkant en nauwsluitende voorkant garanderen maximale bewegingsvrijheid, uitstekend gevoel op het water en minder weerstand. Alle bestanddelen van deze STANDARD 100 by OEKO-TEX gecertificeerde stof zijn getest op gevaarlijke stoffen om te garanderen dat het product veilig is voor de menselijke gezondheid. Deze controles worden uitgevoerd in de instituten van onze onafhankelijke OEKO-TEX partner volgens een uitgebreide set testcriteria.<\/p>\n<p><!--themify_builder_static-->    <em><\/em> <\/p>\n<h3> Chloorbestendig <\/h3>\n<p>Ja<\/p>\n<p>    <em><\/em> <\/p>\n<h3> Materiaal <\/h3>\n<p>\u00a0MaxLife Eco<\/p>\n<p>    <em><\/em> <\/p>\n<h3> Terug <\/h3>\n<p>Dubbel kruis \u00e9\u00e9n<\/p>\n<p>    <em><\/em> <\/p>\n<h3> Snijden <\/h3>\n<p>Medium - smalle bandjes<\/p>\n<p>    <em><\/em> <\/p>\n<h3> Voering <\/h3>\n<p>\u00a0Volledig gevoerd<\/p>\n<p>    <em><\/em> <\/p>\n<h3> Trainingsintensiteit <\/h3>\n<p>3x per week<\/p>\n<p><!--\/themify_builder_static--><\/p>","protected":false},"excerpt":{"rendered":"<p>Het innovatieve en ultra-chique arena One Double Cross zwempak is ideaal voor wedstrijdzwemmers, fitnesszwemmers en recreatieve zwemmers die prestaties en stijl willen om op te vallen waar ze ook zwemmen. De exclusieve arena One-technologie cre\u00ebert innovatieve stijlen die zijn ontworpen uit \u00e9\u00e9n stuk stof voor een absoluut \u00abtweede huid\u00bb-gevoel. De afwezigheid van zijnaden verbetert de bewegingsvrijheid en vermindert de weerstand en slijtage van het zwempak.<\/p>","protected":false},"featured_media":27833,"comment_status":"open","ping_status":"closed","template":"","meta":[],"product_brand":[326],"product_cat":[86,41],"product_tag":[],"class_list":{"0":"post-28526","1":"product","2":"type-product","3":"status-publish","4":"has-post-thumbnail","6":"product_brand-arena","7":"product_cat-maillots","8":"product_cat-natation","9":"zank_product_brands-arena","10":"nt-post-class","11":"","17":"first","18":"instock","19":"sale","20":"taxable","21":"shipping-taxable","22":"purchasable","23":"product-type-variable"},"_links":{"self":[{"href":"https:\/\/www.infinitri.be\/nl\/wp-json\/wp\/v2\/product\/28526","targetHints":{"allow":["GET"]}}],"collection":[{"href":"https:\/\/www.infinitri.be\/nl\/wp-json\/wp\/v2\/product"}],"about":[{"href":"https:\/\/www.infinitri.be\/nl\/wp-json\/wp\/v2\/types\/product"}],"replies":[{"embeddable":true,"href":"https:\/\/www.infinitri.be\/nl\/wp-json\/wp\/v2\/comments?post=28526"}],"wp:featuredmedia":[{"embeddable":true,"href":"https:\/\/www.infinitri.be\/nl\/wp-json\/wp\/v2\/media\/27833"}],"wp:attachment":[{"href":"https:\/\/www.infinitri.be\/nl\/wp-json\/wp\/v2\/media?parent=28526"}],"wp:term":[{"taxonomy":"product_brand","embeddable":true,"href":"https:\/\/www.infinitri.be\/nl\/wp-json\/wp\/v2\/product_brand?post=28526"},{"taxonomy":"product_cat","embeddable":true,"href":"https:\/\/www.infinitri.be\/nl\/wp-json\/wp\/v2\/product_cat?post=28526"},{"taxonomy":"product_tag","embeddable":true,"href":"https:\/\/www.infinitri.be\/nl\/wp-json\/wp\/v2\/product_tag?post=28526"}],"curies":[{"name":"wp","href":"https:\/\/api.w.org\/{rel}","templated":true}]}}