{"id":28592,"date":"2025-12-25T16:45:33","date_gmt":"2025-12-25T16:45:33","guid":{"rendered":"https:\/\/www.infinitri.be\/?post_type=product&#038;p=28592"},"modified":"2026-04-04T17:30:16","modified_gmt":"2026-04-04T16:30:16","slug":"arena-v-back-placement-black-rose-fille","status":"publish","type":"product","link":"https:\/\/www.infinitri.be\/nl\/product\/arena-v-back-placement-black-rose-fille\/","title":{"rendered":"Arena &#8211; V Back Placement black-rose &#8211; Fille"},"content":{"rendered":"<p>En outre, le processus de production du tissu a \u00e9t\u00e9 optimis\u00e9 pour \u00e9conomiser de l&#8217;\u00e9nergie, r\u00e9duire les \u00e9missions de CO\u00b2 et minimiser l&#8217;utilisation de l&#8217;eau. Le dos ergonomique et les larges bretelles garantissent un ajustement s\u00fbr et un bon soutien de la poitrine et de la taille. Chaque composant du tissu labellis\u00e9 STANDARD 100 by OEKO-TEX\u00ae a \u00e9t\u00e9 test\u00e9 pour d\u00e9tecter les substances nocives, ce qui garantit que cet article est inoffensif pour la sant\u00e9 humaine. Le test est effectu\u00e9 par les instituts ind\u00e9pendants partenaires d&#8217;arena OEKO-TEX\u00ae sur la base du vaste catalogue de crit\u00e8res d&#8217;arena.<\/p>","protected":false},"excerpt":{"rendered":"<p>L&#8217;\u00e9l\u00e9gant maillot de bain Arena Placement V Back pour filles est parfait pour les jeunes nageuses r\u00e9guli\u00e8res. Le tissu MaxLife Eco, tr\u00e8s r\u00e9sistant au chlore et dot\u00e9 d&#8217;une protection UV UPF 50+ int\u00e9gr\u00e9e, s\u00e8che tr\u00e8s rapidement et dure longtemps. Cette \u00e9volution \u00e9cologique du tissu MaxLife d&#8217;Arena contient au moins 50 % de polyester recycl\u00e9, obtenu \u00e0 partir de bouteilles en PET.<\/p>","protected":false},"featured_media":27955,"comment_status":"open","ping_status":"closed","template":"","meta":[],"product_brand":[326],"product_cat":[86,41],"product_tag":[],"class_list":{"0":"post-28592","1":"product","2":"type-product","3":"status-publish","4":"has-post-thumbnail","6":"product_brand-arena","7":"product_cat-maillots","8":"product_cat-natation","9":"zank_product_brands-arena","10":"nt-post-class","11":"","17":"first","18":"instock","19":"sale","20":"taxable","21":"shipping-taxable","22":"purchasable","23":"product-type-variable"},"_links":{"self":[{"href":"https:\/\/www.infinitri.be\/nl\/wp-json\/wp\/v2\/product\/28592","targetHints":{"allow":["GET"]}}],"collection":[{"href":"https:\/\/www.infinitri.be\/nl\/wp-json\/wp\/v2\/product"}],"about":[{"href":"https:\/\/www.infinitri.be\/nl\/wp-json\/wp\/v2\/types\/product"}],"replies":[{"embeddable":true,"href":"https:\/\/www.infinitri.be\/nl\/wp-json\/wp\/v2\/comments?post=28592"}],"wp:featuredmedia":[{"embeddable":true,"href":"https:\/\/www.infinitri.be\/nl\/wp-json\/wp\/v2\/media\/27955"}],"wp:attachment":[{"href":"https:\/\/www.infinitri.be\/nl\/wp-json\/wp\/v2\/media?parent=28592"}],"wp:term":[{"taxonomy":"product_brand","embeddable":true,"href":"https:\/\/www.infinitri.be\/nl\/wp-json\/wp\/v2\/product_brand?post=28592"},{"taxonomy":"product_cat","embeddable":true,"href":"https:\/\/www.infinitri.be\/nl\/wp-json\/wp\/v2\/product_cat?post=28592"},{"taxonomy":"product_tag","embeddable":true,"href":"https:\/\/www.infinitri.be\/nl\/wp-json\/wp\/v2\/product_tag?post=28592"}],"curies":[{"name":"wp","href":"https:\/\/api.w.org\/{rel}","templated":true}]}}