{"id":28615,"date":"2025-12-25T16:45:37","date_gmt":"2025-12-25T16:45:37","guid":{"rendered":"https:\/\/www.infinitri.be\/?post_type=product&#038;p=28615"},"modified":"2026-04-04T17:30:16","modified_gmt":"2026-04-04T16:30:16","slug":"arena-crazy-jammer-placement-black-multi-garcon","status":"publish","type":"product","link":"https:\/\/www.infinitri.be\/nl\/product\/arena-crazy-jammer-placement-black-multi-garcon\/","title":{"rendered":"Arena - Crazy Jammer Plaatsing zwarte multi-jongen"},"content":{"rendered":"<p>Deze milieuvriendelijke versie van het MaxLife-materiaal van Arena bevat ten minste 50% gerecyclede vezels, afkomstig van PET-flessen. Bovendien is het productieproces van het materiaal geoptimaliseerd om energie te besparen, de CO\u00b2-uitstoot te verminderen en het waterverbruik te minimaliseren. Voorzien van een comfortabele voering aan de voorkant. Het verstelbare trekkoord aan de binnenkant zorgt voor een uitstekende pasvorm. Lengte zijkanten: 36 cm. Elk onderdeel van de stof met het label STANDARD 100 by OEKO-TEX\u00ae is getest op schadelijke stoffen, waardoor dit artikel gegarandeerd onschadelijk is voor de menselijke gezondheid. De test wordt uitgevoerd door onafhankelijke partnerinstituten van arena OEKO-TEX\u00ae op basis van de uitgebreide criteriacatalogus van arena.<\/p>","protected":false},"excerpt":{"rendered":"<p>Les Crazy Placement Jammers d&#8217;Arena Boys, \u00e9l\u00e9gants et durables, sont id\u00e9aux pour les nageurs r\u00e9guliers et les comp\u00e9titions. Le tissu MaxLife Eco, hautement r\u00e9sistant au chlore et dot\u00e9 d&#8217;une protection UV UPF 50+ int\u00e9gr\u00e9e, s\u00e8che tr\u00e8s rapidement et dure longtemps.<\/p>","protected":false},"featured_media":27999,"comment_status":"open","ping_status":"closed","template":"","meta":[],"product_brand":[326],"product_cat":[86,41],"product_tag":[],"class_list":{"0":"post-28615","1":"product","2":"type-product","3":"status-publish","4":"has-post-thumbnail","6":"product_brand-arena","7":"product_cat-maillots","8":"product_cat-natation","9":"zank_product_brands-arena","10":"nt-post-class","11":"","17":"first","18":"instock","19":"sale","20":"taxable","21":"shipping-taxable","22":"purchasable","23":"product-type-variable"},"_links":{"self":[{"href":"https:\/\/www.infinitri.be\/nl\/wp-json\/wp\/v2\/product\/28615","targetHints":{"allow":["GET"]}}],"collection":[{"href":"https:\/\/www.infinitri.be\/nl\/wp-json\/wp\/v2\/product"}],"about":[{"href":"https:\/\/www.infinitri.be\/nl\/wp-json\/wp\/v2\/types\/product"}],"replies":[{"embeddable":true,"href":"https:\/\/www.infinitri.be\/nl\/wp-json\/wp\/v2\/comments?post=28615"}],"wp:featuredmedia":[{"embeddable":true,"href":"https:\/\/www.infinitri.be\/nl\/wp-json\/wp\/v2\/media\/27999"}],"wp:attachment":[{"href":"https:\/\/www.infinitri.be\/nl\/wp-json\/wp\/v2\/media?parent=28615"}],"wp:term":[{"taxonomy":"product_brand","embeddable":true,"href":"https:\/\/www.infinitri.be\/nl\/wp-json\/wp\/v2\/product_brand?post=28615"},{"taxonomy":"product_cat","embeddable":true,"href":"https:\/\/www.infinitri.be\/nl\/wp-json\/wp\/v2\/product_cat?post=28615"},{"taxonomy":"product_tag","embeddable":true,"href":"https:\/\/www.infinitri.be\/nl\/wp-json\/wp\/v2\/product_tag?post=28615"}],"curies":[{"name":"wp","href":"https:\/\/api.w.org\/{rel}","templated":true}]}}