{"id":28966,"date":"2025-12-25T17:01:37","date_gmt":"2025-12-25T17:01:37","guid":{"rendered":"https:\/\/www.infinitri.be\/?post_type=product&#038;p=28966"},"modified":"2026-04-04T17:35:23","modified_gmt":"2026-04-04T16:35:23","slug":"huub-araya-homme","status":"publish","type":"product","link":"https:\/\/www.infinitri.be\/nl\/product\/huub-araya-homme\/","title":{"rendered":"Huub - Araya- Man"},"content":{"rendered":"<p>Arms Neutral position\u2122 r\u00e9duit de 50% le cycle d&#8217;\u00e9tirement maximal typique. Votre style de nage avec une combinaison peut maintenant imiter votre style de nage sans combinaison, offrant une libert\u00e9 de rotation\u2122 jamais ressentie auparavant &#8211; &#8220;un changement de jeu&#8221; selon les Brownlees.<\/p>\n<p><strong>Autres caract\u00e9ristiques<\/strong><\/p>\n<ul>\n<li>Fermeture \u00e9clair cassable pour les transitions les plus rapides<\/li>\n<li>N\u00e9opr\u00e8ne de haute qualit\u00e9<\/li>\n<li>Poignets en n\u00e9opr\u00e8ne recouverts de nylon.<\/li>\n<li>Libert\u00e9 du haut du corps et \u00e9l\u00e9vation du bas du corps.<\/li>\n<li>Profil de flottabilit\u00e9 exclusif 2:4.<\/li>\n<\/ul>\n<p>&nbsp;<\/p>","protected":false},"excerpt":{"rendered":"<p>ULTIME FLEXIBILIT\u00c9 \/ EXCELLENTE VALEUR<\/p>\n<p>Une combinaison con\u00e7ue pour le confort et la flexibilit\u00e9 tout en conservant un prix qui la rend accessible \u00e0 tous. L&#8217;Araya conserve des caract\u00e9ristiques telles que le n\u00e9opr\u00e8ne super flexible et notre r\u00e9volutionnaire Arms Neutral position\u2122, mais comporte \u00e9galement du n\u00e9opr\u00e8ne rev\u00eatu de nylon aux poignets des bras et des jambes pour maximiser le confort et assurer une \u00e9tanch\u00e9it\u00e9 sans compromis.<\/p>","protected":false},"featured_media":29030,"comment_status":"open","ping_status":"closed","template":"","meta":[],"product_brand":[286],"product_cat":[130],"product_tag":[],"class_list":{"0":"post-28966","1":"product","2":"type-product","3":"status-publish","4":"has-post-thumbnail","6":"product_brand-huub","7":"product_cat-combinaison-neoprene","8":"zank_product_brands-huub","9":"nt-post-class","10":"","16":"first","17":"instock","18":"taxable","19":"shipping-taxable","20":"purchasable","21":"product-type-variable"},"_links":{"self":[{"href":"https:\/\/www.infinitri.be\/nl\/wp-json\/wp\/v2\/product\/28966","targetHints":{"allow":["GET"]}}],"collection":[{"href":"https:\/\/www.infinitri.be\/nl\/wp-json\/wp\/v2\/product"}],"about":[{"href":"https:\/\/www.infinitri.be\/nl\/wp-json\/wp\/v2\/types\/product"}],"replies":[{"embeddable":true,"href":"https:\/\/www.infinitri.be\/nl\/wp-json\/wp\/v2\/comments?post=28966"}],"wp:featuredmedia":[{"embeddable":true,"href":"https:\/\/www.infinitri.be\/nl\/wp-json\/wp\/v2\/media\/29030"}],"wp:attachment":[{"href":"https:\/\/www.infinitri.be\/nl\/wp-json\/wp\/v2\/media?parent=28966"}],"wp:term":[{"taxonomy":"product_brand","embeddable":true,"href":"https:\/\/www.infinitri.be\/nl\/wp-json\/wp\/v2\/product_brand?post=28966"},{"taxonomy":"product_cat","embeddable":true,"href":"https:\/\/www.infinitri.be\/nl\/wp-json\/wp\/v2\/product_cat?post=28966"},{"taxonomy":"product_tag","embeddable":true,"href":"https:\/\/www.infinitri.be\/nl\/wp-json\/wp\/v2\/product_tag?post=28966"}],"curies":[{"name":"wp","href":"https:\/\/api.w.org\/{rel}","templated":true}]}}