{"id":28968,"date":"2025-12-25T17:01:37","date_gmt":"2025-12-25T17:01:37","guid":{"rendered":"https:\/\/www.infinitri.be\/?post_type=product&#038;p=28968"},"modified":"2026-04-04T17:35:23","modified_gmt":"2026-04-04T16:35:23","slug":"huub-brownlee-agilis-35","status":"publish","type":"product","link":"https:\/\/www.infinitri.be\/nl\/product\/huub-brownlee-agilis-35\/","title":{"rendered":"Huub - Brownlee Agilis 3:5"},"content":{"rendered":"<p>Les Brownlees voulaient \u00eatre capables de :<\/p>\n<p>Zwemmen alsof ze geen wetsuit dragen gedurende de hele zwemcyclus.<br \/>\nPlacer leurs hanches et leurs jambes aussi haut que possible et les y maintenir.<br \/>\nCe sont ces deux demandes simples qui nous ont amen\u00e9s \u00e0 \u00e9tudier les mat\u00e9riaux, l&#8217;\u00e9tirement, les mouvements de natation et le comportement des mat\u00e9riaux sous tension. Nous avons maintenant cr\u00e9\u00e9 une nouvelle position Arms Neutral\u2122 r\u00e9duisant de 50% le cycle d&#8217;\u00e9tirement maximal typique. Votre style de nage avec une combinaison peut maintenant imiter votre style de nage sans combinaison, offrant une libert\u00e9 de rotation\u2122 jamais ressentie auparavant &#8211; &#8221; un changement de jeu &#8221; selon les Brownlees.<\/p>\n<p>De nouveaux mat\u00e9riaux de flottabilit\u00e9 offrent un soul\u00e8vement des jambes et une flottabilit\u00e9 du bas du corps jamais vus auparavant, dans le respect des r\u00e8gles r\u00e9glementaires. La mousse de flottabilit\u00e9 exclusive +43\u2122 de HUUB offre 43% de flottabilit\u00e9 en plus que le n\u00e9opr\u00e8ne standard. G\u00e9n\u00e9ralement, les fabricants de combinaisons ajoutent une flottabilit\u00e9 suppl\u00e9mentaire au niveau des cuisses et des hanches, mais sur cette combinaison, le mat\u00e9riau +43\u2122 va au-del\u00e0 du centre de flottabilit\u00e9 pour un soul\u00e8vement maximal des jambes.<\/p>\n<p>Gr\u00e2ce \u00e0 l&#8217;apport d&#8217;Alistair, de Jonny et du professeur Huub Toussaint, nous pouvons d\u00e9sormais affirmer avec confiance qu&#8217;il n&#8217;existe pas de combinaison plus rapide. C&#8217;est ce que le triathl\u00e8te attendait, une combinaison sans compromis pour le jour de la course. Alistair et Jonny ne sacrifient leurs performances pour rien au monde, il n&#8217;est donc pas surprenant qu&#8217;ils ne se tournent vers une combinaison que si elle est VRAIMENT la meilleure qu&#8217;ils aient jamais port\u00e9e.<\/p>\n<p>Recevoir ce type de retour d&#8217;information de la part des fr\u00e8res est quelque chose qui n&#8217;est pas r\u00e9alisable sans une immense connaissance et une grande source d&#8217;information. Cette combinaison est vraiment un \u00e9quipement magnifique pour nager. Simple mais incroyablement efficace, elle est dot\u00e9e de technologies qui ne sont pas visibles, mais comme nous le disons, &#8220;ce que vous ne voyez pas vous rend plus rapide&#8221;.<\/p>\n<p><strong>Belangrijkste kenmerken\u00a0<\/strong><\/p>\n<ul>\n<li>Technologie Arms Neutral\u2122 exclusive et en attente de brevet offrant une libert\u00e9 de rotation totalement in\u00e9gal\u00e9e et in\u00e9galable\u2122.<\/li>\n<li>Mousse de flottabilit\u00e9 exclusive +43\u2122 de HUUB offrant 43% de flottabilit\u00e9 en plus que le n\u00e9opr\u00e8ne standard.<\/li>\n<li>Con\u00e7u avec l&#8217;aide des fr\u00e8res Brownlee.<\/li>\n<li>N\u00e9opr\u00e8ne de la plus haute qualit\u00e9.<\/li>\n<li>Fermeture \u00e9clair cassable pour les transitions les plus rapides.<\/li>\n<li>Bordure de cou press\u00e9e pour plus de confort.<\/li>\n<li>N\u00e9opr\u00e8ne 80%, Polymide (Nylon) 15%, Fibre m\u00e9tallis\u00e9e 3%, Coton 2%.<\/li>\n<\/ul>\n<p>&nbsp;<\/p>","protected":false},"excerpt":{"rendered":"<p>Huub a travaill\u00e9 avec les fr\u00e8res Brownlee pour cr\u00e9er la combinaison ultime pour les performances d&#8217;\u00e9lite. Il s&#8217;agit d&#8217;un d\u00e9veloppement de deux ans, deux ans de tests et d&#8217;approbation, avec les fr\u00e8res Brownlee \u00e0 leurs c\u00f4t\u00e9s \u00e0 chaque \u00e9tape du processus, en tant que testeurs et d\u00e9veloppeurs. Ils n&#8217;acceptent aucun compromis, aucun &#8220;\u00e7a pourrait \u00eatre mieux&#8221;. Si ce n&#8217;est pas le meilleur, alors ils ne sont pas int\u00e9ress\u00e9s. En \u00e9coutant Alistair et Jonny, HUUB a cr\u00e9\u00e9 une combi comme nulle autre avec deux objectifs tr\u00e8s simples.<\/p>\n<p>&nbsp;<\/p>","protected":false},"featured_media":29041,"comment_status":"open","ping_status":"closed","template":"","meta":[],"product_brand":[286],"product_cat":[130,141,59],"product_tag":[],"class_list":{"0":"post-28968","1":"product","2":"type-product","3":"status-publish","4":"has-post-thumbnail","6":"product_brand-huub","7":"product_cat-combinaison-neoprene","8":"product_cat-outlet","9":"product_cat-triathlon","10":"zank_product_brands-huub","11":"nt-post-class","12":"","18":"first","19":"instock","20":"sale","21":"taxable","22":"shipping-taxable","23":"purchasable","24":"product-type-variable"},"_links":{"self":[{"href":"https:\/\/www.infinitri.be\/nl\/wp-json\/wp\/v2\/product\/28968","targetHints":{"allow":["GET"]}}],"collection":[{"href":"https:\/\/www.infinitri.be\/nl\/wp-json\/wp\/v2\/product"}],"about":[{"href":"https:\/\/www.infinitri.be\/nl\/wp-json\/wp\/v2\/types\/product"}],"replies":[{"embeddable":true,"href":"https:\/\/www.infinitri.be\/nl\/wp-json\/wp\/v2\/comments?post=28968"}],"wp:featuredmedia":[{"embeddable":true,"href":"https:\/\/www.infinitri.be\/nl\/wp-json\/wp\/v2\/media\/29041"}],"wp:attachment":[{"href":"https:\/\/www.infinitri.be\/nl\/wp-json\/wp\/v2\/media?parent=28968"}],"wp:term":[{"taxonomy":"product_brand","embeddable":true,"href":"https:\/\/www.infinitri.be\/nl\/wp-json\/wp\/v2\/product_brand?post=28968"},{"taxonomy":"product_cat","embeddable":true,"href":"https:\/\/www.infinitri.be\/nl\/wp-json\/wp\/v2\/product_cat?post=28968"},{"taxonomy":"product_tag","embeddable":true,"href":"https:\/\/www.infinitri.be\/nl\/wp-json\/wp\/v2\/product_tag?post=28968"}],"curies":[{"name":"wp","href":"https:\/\/api.w.org\/{rel}","templated":true}]}}