{"id":28969,"date":"2025-12-25T17:01:37","date_gmt":"2025-12-25T17:01:37","guid":{"rendered":"https:\/\/www.infinitri.be\/?post_type=product&#038;p=28969"},"modified":"2026-04-23T17:44:24","modified_gmt":"2026-04-23T16:44:24","slug":"huub-pinnacle-homme","status":"publish","type":"product","link":"https:\/\/www.infinitri.be\/nl\/product\/huub-pinnacle-homme\/","title":{"rendered":"Huub - Pinnacle - Heren"},"content":{"rendered":"<p><!--themify_builder_static--><iframe title=\"HUUB USA LAUNCHES PINNACLE WETSUIT\" width=\"960\" height=\"540\" src=\"https:\/\/www.youtube.com\/embed\/GgcFckXLHKs?feature=oembed\" frameborder=\"0\" allow=\"accelerometer; autoplay; clipboard-write; encrypted-media; gyroscope; picture-in-picture; web-share\" referrerpolicy=\"strict-origin-when-cross-origin\" allowfullscreen><\/iframe><!--\/themify_builder_static--><\/p>\n<p>Chez HUUB, nous avons un dicton : &#8220;si vous faites toujours ce que vous avez fait, vous obtiendrez toujours ce que vous avez obtenu&#8221;.<\/p>\n<p>Ce dicton nous incite \u00e0 chercher \u00e0 nous am\u00e9liorer et \u00e0 tirer profit de ceux qui entourent le triathlon et la natation en eau libre : les scientifiques, les \u00e9lites, les groupes d&#8217;\u00e2ge et les passionn\u00e9s. Nous ne dirons jamais que nous savons tout, mais nous pouvons affirmer que nous nous effor\u00e7ons constamment d&#8217;en apprendre davantage et de faire \u00e9voluer notre \u00e9quipement et notre sport. Cette volont\u00e9 nous a amen\u00e9s \u00e0 consulter l&#8217;un des grands du sport et une personne connue pour ses prouesses en natation, Andy Potts. Ce n&#8217;est pas parce qu&#8217;Andy est l&#8217;un des plus grands nageurs de ce sport que nous pouvions \u00eatre s\u00fbrs qu&#8217;il serait capable d&#8217;apporter la sagesse n\u00e9cessaire \u00e0 l&#8217;\u00e9volution de nos produits. Mais heureusement, dans ce cas pr\u00e9cis, il l&#8217;a fait ! La passion et les connaissances de notre fondateur et propri\u00e9taire, combin\u00e9es \u00e0 l&#8217;h\u00e9ritage d&#8217;Andy et \u00e0 son attention totale aux d\u00e9tails, ont donn\u00e9 naissance \u00e0 une combinaison qui rec\u00e8le de nombreux secrets et qui vous permettra de nager comme vous l&#8217;avez toujours cherch\u00e9 !<\/p>\n<p>Andy est un entra\u00eeneur, ainsi qu&#8217;un grand athl\u00e8te. Sa capacit\u00e9 \u00e0 observer, regarder et, plus important encore, \u00e9couter ses athl\u00e8tes a contribu\u00e9 \u00e0 fa\u00e7onner cette nouvelle combinaison incroyable. Con\u00e7ue avec l&#8217;efficacit\u00e9 de la natation au c\u0153ur de ses pr\u00e9occupations, tout en offrant des contr\u00f4les suppl\u00e9mentaires dans le noyau (une zone g\u00e9n\u00e9ralement ignor\u00e9e par les triathl\u00e8tes en natation), cette combinaison est un ensemble d&#8217;am\u00e9liorations significatives qui se traduisent par ce qui compte vraiment&#8230;.. VITESSE !<\/p>\n<p>La combinaison Pinnacle est une combinaison con\u00e7ue pour apporter des avantages \u00e0 la plupart des nageurs. Et par l\u00e0, nous entendons les nageurs qui souffrent de jambes lourdes, de serpentins, de probl\u00e8mes d&#8217;extension, et ceux dont la force centrale n&#8217;est pas la meilleure. C&#8217;est une combinaison qui corrige plus de d\u00e9fauts que toute autre &#8211; ne le dites peut-\u00eatre pas \u00e0 votre entra\u00eeneur de natation !<\/p>\n<p><strong>La flexibilit\u00e9 :<\/strong><br \/>\nLa flexibilit\u00e9 est essentielle \u00e0 une excellente combinaison. La Rotational Freedom\u2122 et la sensation No Suit\u2122 nous distinguent de la confection traditionnelle des combinaisons de plong\u00e9e. Nous nous concentrons \u00e9galement sur les mat\u00e9riaux de doublure, leur cha\u00eene et trame, leur alignement directionnel et leur capacit\u00e9 \u00e0 s\u00e9cher rapidement et \u00e0 limiter au maximum l&#8217;absorption d&#8217;humidit\u00e9.<\/p>\n<p>Nous recherchons et analysons chaque type de n\u00e9opr\u00e8ne aupr\u00e8s des meilleurs fournisseurs au monde afin de garantir l&#8217;ad\u00e9quation parfaite entre le tissu, le composite et le n\u00e9opr\u00e8ne. Cette combinaison offre la flexibilit\u00e9 n\u00e9cessaire et la s\u00e9curit\u00e9 de l&#8217;ajustement pour r\u00e9duire l&#8217;infiltration et le gonflement du n\u00e9opr\u00e8ne.<\/p>\n<p>Apr\u00e8s des ann\u00e9es d&#8217;exp\u00e9rimentation, la combinaison Pinnacle est la combinaison ultime des types 39 et 40 de Yamamoto situ\u00e9s dans les panneaux cl\u00e9s pour maximiser la port\u00e9e et l&#8217;efficacit\u00e9 de la course, augment\u00e9e par la combinaison de notre technologie Arms Neutral\u2122 de r\u00e9duction de la fatigue de la course, en attente de brevet.<\/p>\n<p style=\"text-align: right\"><strong>Core Control\u2122 &amp; Stabilit\u00e9 :<\/strong><br \/>\nLa stabilit\u00e9 est un \u00e9l\u00e9ment essentiel d&#8217;une bonne position de natation. En apportant de la stabilit\u00e9, la combinaison Pinnacle permet de r\u00e9duire la fatigue due aux vibrations. Notre technologie et notre conception tirent parti de chaque coup pour vous aider \u00e0 vous propulser vers l&#8217;avant et \u00e0 transf\u00e9rer l&#8217;\u00e9nergie de la stabilisation du noyau au mouvement vers l&#8217;avant. Tout cela contribue \u00e0 une prise plus efficace, vous maintient dans une position de nage droite et serr\u00e9e et, au final, vous rend plus rapide tout en utilisant moins d&#8217;\u00e9nergie.<\/p>\n<p><strong>Profil de flottabilit\u00e9 exclusif HUUB :<\/strong><br \/>\nNous avons \u00e9t\u00e9 les premiers \u00e0 nous pencher sur la question des jambes lourdes et \u00e0 analyser v\u00e9ritablement les comp\u00e9tences de natation pour le triathlon. Nous avons vu ce que les autres n&#8217;avaient pas vu&#8230; Que 85% des triathl\u00e8tes venaient d&#8217;un milieu non nageur, ce qui exigeait un regard neuf. Nous avons vu des combinaisons fabriqu\u00e9es avec la m\u00eame \u00e9paisseur de n\u00e9opr\u00e8ne pour la poitrine et le bas du corps &#8211; il n&#8217;y avait aucune aide pour soulever les jambes, abaisser la poitrine et am\u00e9liorer l&#8217;hydrodynamisme et l&#8217;efficacit\u00e9. Le profil de flottabilit\u00e9 3:5 est le seul \u00e0 convenir aux nageurs qui n&#8217;ont pas une position naturelle des jambes haute. D&#8217;innombrables heures de tests sur notre syst\u00e8me exclusif de mesure de la tra\u00een\u00e9e active (M.A.D) nous aident \u00e0 comprendre ce qui se passe r\u00e9ellement dans l&#8217;eau. Nous ne nous fions pas seulement aux commentaires des athl\u00e8tes et aux estimations&#8230; Nous faisons plus de recherches que n&#8217;importe qui d&#8217;autre ! HUUB a invent\u00e9 le profil 3:5 et continue de repousser les limites de la recherche sur la flottabilit\u00e9.<\/p>\n<p style=\"text-align: right\"><strong>+43 Foam\u2122 :<\/strong><br \/>\nIl y a de nombreuses ann\u00e9es, nous avons d\u00e9pass\u00e9 le n\u00e9opr\u00e8ne pour les panneaux de levage cl\u00e9s lorsque nous avons introduit notre premier mat\u00e9riau composite, le NBR. Huit ans plus tard, la combinaison Pinnacle utilise un mat\u00e9riau composite dont la flottabilit\u00e9 est 43 % sup\u00e9rieure \u00e0 celle du n\u00e9opr\u00e8ne traditionnel, ce qui permet d&#8217;atteindre de nouveaux niveaux de flottabilit\u00e9 (elle offre en fait un profil de flottabilit\u00e9 virtuel de 2:8). +43 Foam\u2122 est exclusif \u00e0 HUUB et assure des hanches et des cuisses plus hautes pour une nage plus efficace et plus rapide.<\/p>\n<p><strong>Le plus haut niveau :<\/strong><br \/>\nNous collaborons sur toutes nos combinaisons, que ce soit avec Paul Newsome, Andy Potts, des groupes de discussion f\u00e9minins, des athl\u00e8tes valides et para-athl\u00e8tes. Nous nous assurons que nos combinaisons sont con\u00e7ues pour les personnes et les objectifs.<\/p>\n<p>&nbsp;<\/p>\n<p><strong>Caract\u00e9ristiques principales :<\/strong><\/p>\n<ul>\n<li>Une conception exclusive en collaboration avec Andy Potts<\/li>\n<li>Syst\u00e8me Core Control\u2122<\/li>\n<li>+43 Foam\u2122 &#8211; le mat\u00e9riau composite exclusif de HUUB pour la flottabilit\u00e9.<\/li>\n<li>Profil de flottabilit\u00e9 exclusif HUUB, le meilleur de sa cat\u00e9gorie.<\/li>\n<li>Arms Neutral\u2122 confort et flexibilit\u00e9 in\u00e9gal\u00e9s.<\/li>\n<li>Breakaway Zipper\u2122 pour les sorties de bain les plus rapides.<\/li>\n<li>N\u00e9opr\u00e8ne de qualit\u00e9 sup\u00e9rieure<\/li>\n<li>80% N\u00e9opr\u00e8ne, 15% Polyamide, 3% Fibre m\u00e9tallis\u00e9e, 2% Coton<\/li>\n<\/ul>\n<p>&nbsp;<\/p>\n<p><strong>REVUE DE PRODUIT DU MAGAZINE TRIATHLETE<\/strong><\/p>\n<blockquote><p><em>La HUUB Pinnacle est l&#8217;une des combinaisons les plus int\u00e9ressantes que nos testeurs aient jamais utilis\u00e9es. Avec une flexibilit\u00e9 et une flottabilit\u00e9 mod\u00e9r\u00e9es, la v\u00e9ritable force de cette combinaison haut de gamme r\u00e9side dans le syst\u00e8me totalement novateur de r\u00e9tention du noyau qui utilise des bandes horizontales dans la doublure de l&#8217;abdomen et de grandes bandes de n\u00e9opr\u00e8ne inflexibles allant du dessus des hanches au dessous du genou. Le r\u00e9sultat est l&#8217;une des combinaisons les plus structur\u00e9es que nous ayons jamais essay\u00e9es, sp\u00e9cialement pour ceux qui ont tendance \u00e0 &#8221; serpenter &#8221; le torse et les jambes lorsqu&#8217;ils nagent. Quelques minutes apr\u00e8s avoir utilis\u00e9 le Pinnacle, les testeurs ont constat\u00e9 que la position de leur corps s&#8217;\u00e9tait consid\u00e9rablement am\u00e9lior\u00e9e et que leur vitesse avait augment\u00e9, sans aucun travail ou exercice suppl\u00e9mentaire. Pour ceux qui n&#8217;ont pas de probl\u00e8mes avec la position de leur corps, une combinaison plus souple ou plus flottante \u00e0 ce niveau de prix pourrait leur \u00eatre plus utile, mais si vous avez du mal \u00e0 maintenir votre ligne m\u00e9diane tendue, il n&#8217;y a rien de mieux, et m\u00eame 850 $ sont de l&#8217;argent bien d\u00e9pens\u00e9.<\/em><\/p><\/blockquote>\n<p><strong>La meilleure combinaison de triathlon pour les nageurs qui &#8220;serpentent&#8221; d&#8217;un c\u00f4t\u00e9 \u00e0 l&#8217;autre de l&#8217;eau.<\/strong><\/p>","protected":false},"excerpt":{"rendered":"<p>Pinnacle est un mot fort, qui d\u00e9signe l&#8217;ultime, le meilleur et un niveau in\u00e9galable. Associer ce mot \u00e0 une combinaison de plong\u00e9e est audacieux, mais cette combinaison repr\u00e9sente un \u00e9quilibre entre les besoins de nombreux athl\u00e8tes et offre une solution compl\u00e8te aux d\u00e9fis du triathl\u00e8te moderne pour &#8221; nager plus vite &#8220;.<\/p>","protected":false},"featured_media":29045,"comment_status":"open","ping_status":"closed","template":"","meta":[],"product_brand":[286],"product_cat":[130,59],"product_tag":[],"class_list":{"0":"post-28969","1":"product","2":"type-product","3":"status-publish","4":"has-post-thumbnail","6":"product_brand-huub","7":"product_cat-combinaison-neoprene","8":"product_cat-triathlon","9":"zank_product_brands-huub","10":"nt-post-class","11":"","17":"first","18":"instock","19":"taxable","20":"shipping-taxable","21":"purchasable","22":"product-type-variable"},"_links":{"self":[{"href":"https:\/\/www.infinitri.be\/nl\/wp-json\/wp\/v2\/product\/28969","targetHints":{"allow":["GET"]}}],"collection":[{"href":"https:\/\/www.infinitri.be\/nl\/wp-json\/wp\/v2\/product"}],"about":[{"href":"https:\/\/www.infinitri.be\/nl\/wp-json\/wp\/v2\/types\/product"}],"replies":[{"embeddable":true,"href":"https:\/\/www.infinitri.be\/nl\/wp-json\/wp\/v2\/comments?post=28969"}],"wp:featuredmedia":[{"embeddable":true,"href":"https:\/\/www.infinitri.be\/nl\/wp-json\/wp\/v2\/media\/29045"}],"wp:attachment":[{"href":"https:\/\/www.infinitri.be\/nl\/wp-json\/wp\/v2\/media?parent=28969"}],"wp:term":[{"taxonomy":"product_brand","embeddable":true,"href":"https:\/\/www.infinitri.be\/nl\/wp-json\/wp\/v2\/product_brand?post=28969"},{"taxonomy":"product_cat","embeddable":true,"href":"https:\/\/www.infinitri.be\/nl\/wp-json\/wp\/v2\/product_cat?post=28969"},{"taxonomy":"product_tag","embeddable":true,"href":"https:\/\/www.infinitri.be\/nl\/wp-json\/wp\/v2\/product_tag?post=28969"}],"curies":[{"name":"wp","href":"https:\/\/api.w.org\/{rel}","templated":true}]}}