{"id":29074,"date":"2025-12-25T17:05:02","date_gmt":"2025-12-25T17:05:02","guid":{"rendered":"https:\/\/www.infinitri.be\/?post_type=product&#038;p=29074"},"modified":"2026-04-04T17:32:48","modified_gmt":"2026-04-04T16:32:48","slug":"compressport-running-visor","status":"publish","type":"product","link":"https:\/\/www.infinitri.be\/nl\/product\/compressport-running-visor\/","title":{"rendered":"Compressport \u2013 Hardloopzonneklep"},"content":{"rendered":"<p><!--themify_builder_static--><\/p>\n<h1 style=\"text-align: center\">Beschrijving \u2699<\/h1>\n<p style=\"text-align: left\">La taille peut \u00eatre ajust\u00e9e gr\u00e2ce \u00e0 la fermeture velcro pratique \u00e0 l&#8217;arri\u00e8re. Comme tous nos couvre-chefs, la visi\u00e8re est avant tout con\u00e7ue pour les sportifs : elle est dot\u00e9e d&#8217;un tissu \u00e9ponge anti-bact\u00e9rien \u00e0 s\u00e9chage rapide \u00e0 l&#8217;int\u00e9rieur de la visi\u00e8re pour absorber la transpiration, assurant un confort optimal et sans pression pendant l&#8217;effort. Enfilez cette visi\u00e8re un peu r\u00e9tro mais extr\u00eamement polyvalente pour pr\u00e9server vos yeux de la sueur et des cheveux indisciplin\u00e9s pendant toutes vos activit\u00e9s sportives.<\/p>\n<p><img fetchpriority=\"high\" decoding=\"async\" src=\"https:\/\/infinitri.be\/wp-content\/uploads\/2023\/02\/running-visor-white-compressport-3-545x545.jpg\" width=\"545\" height=\"545\" title=\"running-visor-white-compressport (3)\" alt=\"running-visor-white-compressport (3)\" \/><\/p>\n<h1>Technische specificaties<\/h1>\n<p style=\"text-align: left\">Protection solaire optimale pour vos yeux et votre visage gr\u00e2ce \u00e0 une large visi\u00e8re incurv\u00e9e<br \/>Tissu antibact\u00e9rien \u00e0 s\u00e9chage rapide qui assure une absorption optimale de la transpiration et un confort optimal<br \/>Coupe confortable et ergonomique gr\u00e2ce \u00e0 une large bande r\u00e9glable qui ne s&#8217;envole pas pendant l&#8217;activit\u00e9.<\/p>\n<p>\u00a0<\/p>\n<p>    <em style=\"color:#000000\"><\/em> <\/p>\n<p style=\"text-align: left\">LICHTHEID \u2605\u2605<\/p>\n<p>    <em style=\"color:#000000\"><\/em> <\/p>\n<p>THERMOREGULATIE \u2605\u2605<\/p>\n<h1 style=\"text-align: center\">Materiaal \ud83d\udc56<\/h1>\n<p style=\"text-align: left\">100% Polyester<\/p>\n<p><img decoding=\"async\" src=\"https:\/\/www.compressport.com\/inter\/img\/prods_entretien.png\" \/><\/p>\n<p><img decoding=\"async\" src=\"https:\/\/infinitri.be\/wp-content\/uploads\/2023\/02\/running-visor-red-black-compressport-2-545x545.jpg\" width=\"545\" height=\"545\" title=\"running-visor-red-black-compressport (2)\" alt=\"running-visor-red-black-compressport (2)\" \/><!--\/themify_builder_static--><\/p>","protected":false},"excerpt":{"rendered":"<p>Il y a tellement d&#8217;histoire de Compressport dans cette visi\u00e8re si classique ! Elle est peut-\u00eatre originale, mais cela ne veut pas dire qu&#8217;elle est d\u00e9pass\u00e9e, et vous pouvez parier que vous l&#8217;apercevrez lors d&#8217;\u00e9v\u00e9nements multisports, sur les courts et les terrains, ou simplement en montagne lorsque le soleil est de la partie. Et pour rester dans l&#8217;air du temps, voici un nouveau design et une gamme de couleurs \u00e9l\u00e9gantes pour garder votre t\u00eate au frais pendant les chaudes journ\u00e9es d&#8217;\u00e9t\u00e9. Le succ\u00e8s \u00e0 long terme de la visi\u00e8re r\u00e9side dans sa simplicit\u00e9 et son confort : la visi\u00e8re incurv\u00e9e offre une protection optimale contre le soleil tandis que la large bande anti-frottement s&#8217;adapte parfaitement \u00e0 votre t\u00eate et emp\u00eache la visi\u00e8re de bouger.<\/p>","protected":false},"featured_media":29113,"comment_status":"open","ping_status":"closed","template":"","meta":[],"product_brand":[329],"product_cat":[40,156,16,59],"product_tag":[],"class_list":{"0":"post-29074","1":"product","2":"type-product","3":"status-publish","4":"has-post-thumbnail","6":"product_brand-compressport","7":"product_cat-accessoires","8":"product_cat-casquettes-visieres-headband","9":"product_cat-course","10":"product_cat-triathlon","11":"zank_product_brands-compressport","12":"nt-post-class","13":"","19":"first","20":"instock","21":"taxable","22":"shipping-taxable","23":"purchasable","24":"product-type-variable","25":"has-default-attributes"},"_links":{"self":[{"href":"https:\/\/www.infinitri.be\/nl\/wp-json\/wp\/v2\/product\/29074","targetHints":{"allow":["GET"]}}],"collection":[{"href":"https:\/\/www.infinitri.be\/nl\/wp-json\/wp\/v2\/product"}],"about":[{"href":"https:\/\/www.infinitri.be\/nl\/wp-json\/wp\/v2\/types\/product"}],"replies":[{"embeddable":true,"href":"https:\/\/www.infinitri.be\/nl\/wp-json\/wp\/v2\/comments?post=29074"}],"wp:featuredmedia":[{"embeddable":true,"href":"https:\/\/www.infinitri.be\/nl\/wp-json\/wp\/v2\/media\/29113"}],"wp:attachment":[{"href":"https:\/\/www.infinitri.be\/nl\/wp-json\/wp\/v2\/media?parent=29074"}],"wp:term":[{"taxonomy":"product_brand","embeddable":true,"href":"https:\/\/www.infinitri.be\/nl\/wp-json\/wp\/v2\/product_brand?post=29074"},{"taxonomy":"product_cat","embeddable":true,"href":"https:\/\/www.infinitri.be\/nl\/wp-json\/wp\/v2\/product_cat?post=29074"},{"taxonomy":"product_tag","embeddable":true,"href":"https:\/\/www.infinitri.be\/nl\/wp-json\/wp\/v2\/product_tag?post=29074"}],"curies":[{"name":"wp","href":"https:\/\/api.w.org\/{rel}","templated":true}]}}